{"id":1908,"date":"2025-08-06T16:41:45","date_gmt":"2025-08-06T19:41:45","guid":{"rendered":"https:\/\/ybibrazil.com\/?post_type=product&#038;p=1908"},"modified":"2026-04-13T00:52:17","modified_gmt":"2026-04-13T03:52:17","slug":"oleo-essencial-de-lavanda-40-42","status":"publish","type":"product","link":"https:\/\/ybibrazil.com\/en\/product\/oleo-essencial-de-lavanda-40-42\/","title":{"rendered":"OLEO ESSENCIAL DE LAVANDA 40\/42"},"content":{"rendered":"<p>O \u00f3leo essencial de Lavanda diminui a ansiedade, tem a\u00e7\u00e3o relaxante, \u00e9 indicado para ins\u00f4nia e para os sintomas e manifesta\u00e7\u00f5es do estresse como: tens\u00e3o f\u00edsica e mental, dist\u00farbios do sono, falta de energia, falta de apetite, impaci\u00eancia, irritabilidade, inquieta\u00e7\u00e3o.<\/p>\n<p class=\"s6\"><span class=\"s5\">FICHA T\u00c9CNICA <\/span><\/p>\n<p class=\"s9\"><span class=\"s8\">Nome da Subst\u00e2ncia:<\/span> \u00d3leo Essencial De Lavanda 40\/42<\/p>\n<p class=\"s9\"><span class=\"s8\">Composi\u00e7\u00e3o<\/span>: 100%<\/p>\n<p class=\"s9\"><span class=\"s8\">CAS<\/span>: 8000-28-0<\/p>\n<p class=\"s9\"><span class=\"s8\">INCI<\/span>: Lavandula Angustifolia Oil<\/p>\n<p class=\"s12\"><span class=\"s11\">Caracter\u00edsticas: <\/span><\/p>\n<p class=\"s10\">O \u00f3leo essencial de lavanda 40\/42 tem um belo e profundo aroma de lavanda, \u00e9 considerado uma Lavanda fina ideal para perfumes. &#8220;40\/42&#8221; significa que o produto cont\u00e9m de 40 a 42% de acetato de linalila. O acetato de linalila \u00e9 uma subst\u00e2ncia natural encontrada em plantas e flores. A lavanda 40\/42 \u00e9 altamente preferida em rela\u00e7\u00e3o a outros tipos de lavanda para aplica\u00e7\u00e3o cosm\u00e9tica e em aromaterapia pois tem umapropriedade calmante extremamente intensa. Suas propriedades anti-s\u00e9pticas e antif\u00fangicas podem ajudar a reduzir a coceira e o incha\u00e7o causados \u200b\u200bpor picadas de insetos. Conhecido por ter propriedades antimicrobianas, proporciona al\u00edvio calmante para pequenas queimaduras e cortes, diminuindo a dor e facilitando a cicatriza\u00e7\u00e3o. Seu potencial para restaurar a pele tamb\u00e9m torna a lavanda 40\/42 um produto ideal parapeles envelhecidas e propensas a acne, nas quais retarda a apar\u00eancia do envelhecimento com sua poderosa a\u00e7\u00e3o antioxidante e melhora a apar\u00eancia da pele sujeita a eczema e psor\u00edase. Nos cuidados com os cabelos, a lavanda \u00e9 conhecida por ser um anti-s\u00e9ptico que efetivamente elimina piolhos, l\u00eandeas e caspa quando aplicada em produtos que agem diretamente no couro cabeludo.<\/p>\n<p class=\"s14\"><span class=\"s8\">Aplica\u00e7\u00f5es: <\/span><\/p>\n<p class=\"s10\">Formula\u00e7\u00f5es de cremes, lo\u00e7\u00f5es e s\u00e9runs faciais, contorno dos olhos, limpeza facial, sabonete l\u00edquido, desodorantes, perfumes, produtos para cuidados dos l\u00e1bios. Shampoo, condicionadores e mascaras de tratamento, t\u00f4nicos, cuidados p\u00f3s sol.<\/p>\n<p class=\"s15\"><span class=\"s8\">Concentra\u00e7\u00e3o de uso: \u00a0<\/span>0,1 a 1,5%.<\/p>\n<p class=\"s18\"><a name=\"_GoBack\"><\/a><span class=\"s11\">CARACTER\u00cdSTICAS F<\/span><span class=\"s11\">\u00cd<\/span><span class=\"s11\">SICO<\/span><span class=\"s11\">&#8211;<\/span><span class=\"s11\">QU\u00cdMICAS<\/span><\/p>\n<table>\n<tbody>\n<tr>\n<td class=\"s19\">\n<div>\n<p class=\"s21\"><span class=\"s20\">Apar\u00eancia<\/span><\/p>\n<\/div>\n<\/td>\n<td class=\"s19\">\n<div>\n<p class=\"s22\">L\u00edquido l\u00edmpido<\/p>\n<\/div>\n<\/td>\n<\/tr>\n<tr>\n<td class=\"s19\">\n<div>\n<p class=\"s23\"><span class=\"s20\">Cor<\/span><\/p>\n<\/div>\n<\/td>\n<td class=\"s19\">\n<div>\n<p class=\"s22\">Incolor \u2013 Amarelo P\u00e1lido<\/p>\n<\/div>\n<\/td>\n<\/tr>\n<tr>\n<td class=\"s19\">\n<div>\n<p class=\"s23\"><span class=\"s20\">Odor<\/span><\/p>\n<\/div>\n<\/td>\n<td class=\"s19\">\n<div>\n<p class=\"s22\"><span class=\"s20\">Caracter\u00edstico<\/span><\/p>\n<\/div>\n<\/td>\n<\/tr>\n<tr>\n<td class=\"s19\">\n<div>\n<p class=\"s23\"><span class=\"s24\">Solubilidade em \u00e1gua<\/span><\/p>\n<\/div>\n<\/td>\n<td class=\"s19\">\n<div>\n<p class=\"s22\"><span class=\"s25\">Insol\u00favel<\/span><\/p>\n<\/div>\n<\/td>\n<\/tr>\n<tr>\n<td class=\"s26\">\n<div>\n<p class=\"s27\"><span class=\"s25\">Solubilidade em etanol absoluto<\/span><\/p>\n<\/div>\n<\/td>\n<td class=\"s26\">\n<div>\n<p class=\"s28\"><span class=\"s25\">Sol\u00favel<\/span><\/p>\n<\/div>\n<\/td>\n<\/tr>\n<tr>\n<td class=\"s26\">\n<div>\n<p class=\"s23\"><span class=\"s25\">Densidade (20<\/span><span class=\"s29\">o<\/span><span class=\"s25\">C) <\/span><\/p>\n<\/div>\n<\/td>\n<td class=\"s26\">\n<div>\n<p class=\"s28\">0,868 \u2013 0,908<\/p>\n<\/div>\n<\/td>\n<\/tr>\n<tr>\n<td class=\"s26\">\n<div>\n<p class=\"s27\">\u00cdndice de Refra\u00e7\u00e3o (20<span class=\"s30\">o<\/span>C)<\/p>\n<\/div>\n<\/td>\n<td class=\"s26\">\n<div>\n<p class=\"s22\">1,450 \u2013 1,470<\/p>\n<\/div>\n<\/td>\n<\/tr>\n<\/tbody>\n<\/table>\n<p class=\"s10\">Esse produto n\u00e3o contem OGM e n\u00e3o foi utilizado para testes em animais.<\/p>\n<p class=\"s34\"><span class=\"s31\">ARMAZENAGEM:<\/span><span class=\"s32\"> Manter recipiente bem fechado, armazenado em local fresco e arejado, ao abrigo da luz. <\/span><span class=\"s33\">Temperatura recomendada para armazenagem \u00e9 de 22\u00b0C \u00b12\u00b0C.<\/span><\/p>\n<p class=\"s10\"><span class=\"s8\">PRAZO VALIDADE:<\/span> Sob condi\u00e7\u00f5es normais de armazenagem, 18 meses ap\u00f3s fabrica\u00e7\u00e3o.<\/p>\n<p class=\"s13\"><span class=\"s8\">REFERENCIAS: <\/span><\/p>\n<p class=\"s37\"><span class=\"s35\">AMARAL, Fernando. T\u00e9cnicas de Aplica\u00e7\u00e3o de \u00d3leos Essenciais\u2013Terapias de Sa\u00fade e Beleza.\u00a0<\/span><span class=\"s36\">S\u00e3o Paulo: Cengage Learning<\/span><span class=\"s35\">, 2015.<\/span><\/p>\n<p class=\"s40\"><span class=\"s38\">CORAZZA, S\u00f4nia.\u00a0<\/span><span class=\"s39\">Aromacologia-Uma Ciencia de Muitos Cheiros<\/span><span class=\"s38\">. Senac, 2002.<\/span><\/p>\n<p class=\"s41\"><span class=\"s35\">BASCH, Ethan et al. Lavender (Lavandula angustifolia miller).\u00a0<\/span><span class=\"s36\">Journal of herbal pharmacotherapy<\/span><span class=\"s35\">, v. 4, n. 2, p. 63-78, 2004.<\/span><\/p>\n","protected":false},"excerpt":{"rendered":"<p>O OE de Lavanda, alivia a tens\u00e3o f\u00edsica e mental, favorece o processo de cicatriza\u00e7\u00e3o, alivia coceira.<br \/>\nAplica\u00e7\u00f5es: Corpo, face, cabelos.<br \/>\nIngredientes: \u00d3leo Essencial de Lavanda (Lavandula angustifolia).<br \/>\nProduto de uso externo. N\u00e3o ingerir.<\/p>\n","protected":false},"featured_media":2694,"comment_status":"open","ping_status":"closed","template":"","meta":{"_joinchat":[]},"product_brand":[],"product_cat":[48],"product_tag":[57,47],"class_list":{"0":"post-1908","1":"product","2":"type-product","3":"status-publish","4":"has-post-thumbnail","6":"product_cat-oleo-essencial","7":"product_tag-essencial","8":"product_tag-oleos","10":"first","11":"outofstock","12":"taxable","13":"shipping-taxable","14":"purchasable","15":"product-type-variable"},"_links":{"self":[{"href":"https:\/\/ybibrazil.com\/en\/wp-json\/wp\/v2\/product\/1908","targetHints":{"allow":["GET"]}}],"collection":[{"href":"https:\/\/ybibrazil.com\/en\/wp-json\/wp\/v2\/product"}],"about":[{"href":"https:\/\/ybibrazil.com\/en\/wp-json\/wp\/v2\/types\/product"}],"replies":[{"embeddable":true,"href":"https:\/\/ybibrazil.com\/en\/wp-json\/wp\/v2\/comments?post=1908"}],"wp:featuredmedia":[{"embeddable":true,"href":"https:\/\/ybibrazil.com\/en\/wp-json\/wp\/v2\/media\/2694"}],"wp:attachment":[{"href":"https:\/\/ybibrazil.com\/en\/wp-json\/wp\/v2\/media?parent=1908"}],"wp:term":[{"taxonomy":"product_brand","embeddable":true,"href":"https:\/\/ybibrazil.com\/en\/wp-json\/wp\/v2\/product_brand?post=1908"},{"taxonomy":"product_cat","embeddable":true,"href":"https:\/\/ybibrazil.com\/en\/wp-json\/wp\/v2\/product_cat?post=1908"},{"taxonomy":"product_tag","embeddable":true,"href":"https:\/\/ybibrazil.com\/en\/wp-json\/wp\/v2\/product_tag?post=1908"}],"curies":[{"name":"wp","href":"https:\/\/api.w.org\/{rel}","templated":true}]}}