{"id":1910,"date":"2025-08-06T16:41:46","date_gmt":"2025-08-06T19:41:46","guid":{"rendered":"https:\/\/ybibrazil.com\/?post_type=product&#038;p=1910"},"modified":"2026-01-26T10:30:01","modified_gmt":"2026-01-26T13:30:01","slug":"oleo-essencial-de-hortela-pimenta","status":"publish","type":"product","link":"https:\/\/ybibrazil.com\/en\/product\/oleo-essencial-de-hortela-pimenta\/","title":{"rendered":"OLEO ESSENCIAL DE HORTELA PIMENTA"},"content":{"rendered":"<p>O \u00f3leo essencial de hortel\u00e3-pimenta \u00e9 extra\u00eddo das folhas de\u00a0Mentha piperita\u00a0L e foi chamado de um dos \u00f3leos mais vers\u00e1teis do mundo.\u00a0As propriedades antimicrobianas, anti-s\u00e9pticas, adstringentes, antioxidantes e t\u00f4nicas\u00a0deste \u00f3leo o tornam um aditivo ben\u00e9fico em produtos de cuidados com a pele destinados a estimular a circula\u00e7\u00e3o, aliviar coceiras, e inflama\u00e7\u00f5es e reduzir a oleosidade da pele e cabelos. Desta forma este \u00f3leo \u00e9 \u00fatil para tratar pele oleosa, eczema, inflama\u00e7\u00e3o e acne.<\/p>\n<p class=\"s6\"><span class=\"s5\">FICHA T\u00c9CNICA<\/span><\/p>\n<p class=\"s8\"><span class=\"s5\">Nome da Subst\u00e2ncia:<\/span> \u00d3leo Essencial de Hortel\u00e3-pimenta<\/p>\n<p class=\"s8\"><span class=\"s5\">Composi\u00e7\u00e3o<\/span>: 100%<\/p>\n<p class=\"s8\"><span class=\"s5\">CAS<\/span>: 84082-70-2<\/p>\n<p class=\"s8\"><span class=\"s5\">INCI<\/span>: Mentha Piperita (peppermint) Oil<\/p>\n<p class=\"s11\"><span class=\"s5\">Caracter\u00edsticas: <\/span>Hortel\u00e3-pimenta ou Mentha piperita, \u00e9 uma erva perene nativa do Mediterr\u00e2neo. O \u00f3leo essencial de hortel\u00e3-pimenta \u00e9 extra\u00eddo das folhas de <span class=\"s10\">Mentha<\/span><span class=\"s10\">piperita<\/span> L. e foi chamado de um dos \u00f3leos mais vers\u00e1teis do mundo, compartilhando o t\u00edtulo com a lavanda. Os principais constituintes qu\u00edmicos do \u00f3leo essencial de hortel\u00e3-pimenta s\u00e3o o mentol. O mentol \u00e9 conhecido por ser analg\u00e9sico e, portanto, ben\u00e9fico para reduzir a dor, como dores de cabe\u00e7a, dores musculares e inflama\u00e7\u00e3o. As propriedades antimicrobianas, anti-s\u00e9pticas, adstringentes, antioxidantes e t\u00f4nicas deste \u00f3leo o tornam um aditivo ben\u00e9fico em produtos de cuidados com a pele destinados a estimular a circula\u00e7\u00e3o, aliviar coceiras, e inflama\u00e7\u00f5es e reduzir a oleosidade da pele e cabelos. Desta forma este \u00f3leo \u00e9 \u00fatil para tratar pele oleosa, eczema, inflama\u00e7\u00e3o e acne.<\/p>\n<p class=\"s12\"><span class=\"s5\">Aplica\u00e7\u00f5es:<\/span><\/p>\n<p class=\"s9\">O \u00f3leo essencial de hortel\u00e3-pimenta \u00e9 comumente usado como aromatizante em alimentos e bebidas e como fragr\u00e2ncia em sabonetes e cosm\u00e9ticos. Eficaz para todos os tipos de pele, este \u00f3leo pode ser adicionado a sabonetes, m\u00e1scaras faciais, t\u00f4nicos,cremes, \u00f3leos de massagem, \u00f3leos de banho, perfumes.<\/p>\n<p class=\"s14\"><span class=\"s5\">Concentra\u00e7\u00e3o de uso:<\/span><span class=\"s5\"> \u00a0<\/span><span class=\"s13\">0<\/span><span class=\"s13\">,<\/span><span class=\"s13\">05 \u2013 1%<\/span><\/p>\n<p class=\"s16\"><span class=\"s15\">CARACTER\u00cdSTICAS F<\/span><span class=\"s15\">\u00cd<\/span><span class=\"s15\">SICO<\/span><span class=\"s15\">&#8211;<\/span><span class=\"s15\">QU\u00cdMICAS<\/span><\/p>\n<table>\n<tbody>\n<tr>\n<td class=\"s17\">\n<div>\n<p class=\"s4\"><span class=\"s18\">Apar\u00eancia<\/span><\/p>\n<\/div>\n<\/td>\n<td class=\"s17\">\n<div>\n<p class=\"s4\">L\u00edquido l\u00edmpido<\/p>\n<\/div>\n<\/td>\n<\/tr>\n<tr>\n<td class=\"s17\">\n<div>\n<p class=\"s4\"><span class=\"s18\">Cor<\/span><\/p>\n<\/div>\n<\/td>\n<td class=\"s17\">\n<div>\n<p class=\"s4\">Amarelo P\u00e1lido &#8211; Amarelo Claro<\/p>\n<\/div>\n<\/td>\n<\/tr>\n<tr>\n<td class=\"s17\">\n<div>\n<p class=\"s4\"><span class=\"s18\">Odor<\/span><\/p>\n<\/div>\n<\/td>\n<td class=\"s17\">\n<div>\n<p class=\"s4\"><span class=\"s18\">Caracter\u00edstico<\/span><\/p>\n<\/div>\n<\/td>\n<\/tr>\n<tr>\n<td class=\"s17\">\n<div>\n<p class=\"s19\">Densidade (20\u00b0C)<\/p>\n<\/div>\n<\/td>\n<td class=\"s17\">\n<div>\n<p class=\"s19\">0,900 \u2013 0,908<\/p>\n<\/div>\n<\/td>\n<\/tr>\n<tr>\n<td class=\"s17\">\n<div>\n<p class=\"s4\">Solubilidade em \u00e1gua<\/p>\n<\/div>\n<\/td>\n<td class=\"s17\">\n<div>\n<p class=\"s4\">Insol\u00favel<\/p>\n<\/div>\n<\/td>\n<\/tr>\n<tr>\n<td class=\"s17\">\n<div>\n<p class=\"s4\">Solubilidade em etanol absoluto<\/p>\n<\/div>\n<\/td>\n<td class=\"s17\">\n<div>\n<p class=\"s4\">Sol\u00favel<\/p>\n<\/div>\n<\/td>\n<\/tr>\n<tr>\n<td class=\"s17\">\n<div>\n<p class=\"s4\">Mentol Total (%)<\/p>\n<\/div>\n<\/td>\n<td class=\"s17\">\n<div>\n<p class=\"s4\">50<\/p>\n<\/div>\n<\/td>\n<\/tr>\n<\/tbody>\n<\/table>\n<p class=\"s11\">Esse produto n\u00e3o contem OGM e n\u00e3o foi utilizado para testes em animais.<\/p>\n<p class=\"s24\"><span class=\"s21\">ARMAZENAMENTO:<\/span><span class=\"s22\"> \u00a0<\/span><span class=\"s22\">Armazenar em local fresco e arejado ao abrigo da luz, \u00e0 temperatura constante preferencialmente ambiente.<\/span> <a name=\"_Hlk109982778\"><\/a><span class=\"s22\">Temperatura recomendada para armazenagem \u00e9 de 2<\/span><span class=\"s22\">2<\/span><span class=\"s22\">\u00b0C <\/span><span class=\"s22\">\u00b12<\/span><span class=\"s22\">\u00b0C<\/span><span class=\"s22\">.<\/span><\/p>\n","protected":false},"excerpt":{"rendered":"<p>Hortel\u00e3-pimenta ou Mentha piperita, \u00e9 uma erva perene nativa do Mediterr\u00e2neo.<br \/>\nO \u00f3leo essencial de hortel\u00e3-pimenta \u00e9 extra\u00eddo das folhas de Mentha piperita<br \/>\nOs principais constituintes qu\u00edmicos do \u00f3leo essencial de hortel\u00e3-pimenta s\u00e3o o mentol.<br \/>\nO mentol \u00e9 conhecido por ser analg\u00e9sico e, portanto, ben\u00e9fico para reduzir a dor,<br \/>\ncomo dores de cabe\u00e7a, dores musculares e inflama\u00e7\u00e3o.<\/p>\n","protected":false},"featured_media":2670,"comment_status":"open","ping_status":"closed","template":"","meta":{"_joinchat":[]},"product_brand":[],"product_cat":[48],"product_tag":[57,47],"class_list":{"0":"post-1910","1":"product","2":"type-product","3":"status-publish","4":"has-post-thumbnail","6":"product_cat-oleo-essencial","7":"product_tag-essencial","8":"product_tag-oleos","10":"first","11":"instock","12":"taxable","13":"shipping-taxable","14":"purchasable","15":"product-type-variable"},"_links":{"self":[{"href":"https:\/\/ybibrazil.com\/en\/wp-json\/wp\/v2\/product\/1910","targetHints":{"allow":["GET"]}}],"collection":[{"href":"https:\/\/ybibrazil.com\/en\/wp-json\/wp\/v2\/product"}],"about":[{"href":"https:\/\/ybibrazil.com\/en\/wp-json\/wp\/v2\/types\/product"}],"replies":[{"embeddable":true,"href":"https:\/\/ybibrazil.com\/en\/wp-json\/wp\/v2\/comments?post=1910"}],"wp:featuredmedia":[{"embeddable":true,"href":"https:\/\/ybibrazil.com\/en\/wp-json\/wp\/v2\/media\/2670"}],"wp:attachment":[{"href":"https:\/\/ybibrazil.com\/en\/wp-json\/wp\/v2\/media?parent=1910"}],"wp:term":[{"taxonomy":"product_brand","embeddable":true,"href":"https:\/\/ybibrazil.com\/en\/wp-json\/wp\/v2\/product_brand?post=1910"},{"taxonomy":"product_cat","embeddable":true,"href":"https:\/\/ybibrazil.com\/en\/wp-json\/wp\/v2\/product_cat?post=1910"},{"taxonomy":"product_tag","embeddable":true,"href":"https:\/\/ybibrazil.com\/en\/wp-json\/wp\/v2\/product_tag?post=1910"}],"curies":[{"name":"wp","href":"https:\/\/api.w.org\/{rel}","templated":true}]}}