{"id":1916,"date":"2025-08-06T16:41:47","date_gmt":"2025-08-06T19:41:47","guid":{"rendered":"https:\/\/ybibrazil.com\/?post_type=product&#038;p=1916"},"modified":"2026-04-18T23:26:20","modified_gmt":"2026-04-19T02:26:20","slug":"oleo-essencial-de-eucalipto-globolus","status":"publish","type":"product","link":"https:\/\/ybibrazil.com\/en\/product\/oleo-essencial-de-eucalipto-globolus\/","title":{"rendered":"OLEO ESSENCIAL DE EUCALIPTO GLOBOLUS"},"content":{"rendered":"<p>O \u00f3leo essencial de Eucalipto Globulus \u00e9 conhecido por suas propriedades refrescantes, anti-inflamat\u00f3rias e antimicrobianasO \u00f3leo essencial de Eucalipto Globulus na pele acneica tem a\u00e7\u00e3o antimicrobiana, pode ajudar a controlar a acne e reduzir a inflama\u00e7\u00e3o. O aroma refrescante e as propriedades antimicrobianas podem ajudar a controlar o odor corporal.Pode ser usado em cremes ou \u00f3leos para al\u00edvio de dores musculares e articulares devido \u00e0s suas propriedades anti-inflamat\u00f3rias.<\/p>\n<p class=\"s7\"><span class=\"s6\">ESPECIFICA\u00c7\u00c3O T\u00c9CNICA<\/span><span class=\"s6\"><br \/>\n<\/span><span class=\"s6\">EUCALIPTO GLOBULOS<\/span><\/p>\n<p class=\"s8\"><span class=\"s4\">Nome do Produto: \u00d3leo Essencial <\/span><span class=\"s4\">Eucalito<\/span> <span class=\"s4\">Globulos<\/span><\/p>\n<p class=\"s10\"><span class=\"s9\">CAS <\/span><span class=\"s9\">Number<\/span><span class=\"s9\">: <\/span><span class=\"s4\">8000-48-4<\/span><\/p>\n<p class=\"s11\"><span class=\"s9\">INCI <\/span><span class=\"s9\">Name<\/span><span class=\"s9\">: <\/span><span class=\"s9\">Eucalyptus<\/span> <span class=\"s9\">Globulus<\/span> <span class=\"s9\">Leaf<\/span><span class=\"s9\">\/<\/span><span class=\"s9\">Twig<\/span> <span class=\"s9\">Oil<\/span><\/p>\n<p class=\"s8\"><span class=\"s4\">M\u00e9todo de Obten\u00e7\u00e3o: Destila\u00e7\u00e3o por arraste de vapor das folhas e galhos <\/span><\/p>\n<p class=\"s8\"><a name=\"_GoBack\"><\/a><\/p>\n<p class=\"s12\"><span class=\"s6\">Especifica\u00e7\u00f5es Organol\u00e9pticas<\/span><\/p>\n<table>\n<tbody>\n<tr>\n<td>\n<div>\n<p class=\"s8\"><span class=\"s4\">Apar\u00eancia: <\/span><\/p>\n<\/div>\n<\/td>\n<td>\n<div>\n<p class=\"s8\"><span class=\"s4\">L\u00edquido l\u00edmpido<\/span><\/p>\n<\/div>\n<\/td>\n<\/tr>\n<tr>\n<td>\n<div>\n<p class=\"s8\"><span class=\"s4\">Cor: <\/span><\/p>\n<\/div>\n<\/td>\n<td>\n<div>\n<p class=\"s8\"><span class=\"s4\">Incolor &#8211; Amarelo Claro<\/span><\/p>\n<\/div>\n<\/td>\n<\/tr>\n<tr>\n<td>\n<div>\n<p class=\"s8\"><span class=\"s4\">Odor: <\/span><\/p>\n<\/div>\n<\/td>\n<td>\n<div>\n<p class=\"s8\"><span class=\"s4\">Caracter\u00edstico<\/span><\/p>\n<\/div>\n<\/td>\n<\/tr>\n<\/tbody>\n<\/table>\n<p class=\"s12\"><span class=\"s6\">Especifica\u00e7\u00f5es F\u00edsico-Qu\u00edmicas<\/span><\/p>\n<table>\n<tbody>\n<tr>\n<td>\n<div>\n<p class=\"s8\"><span class=\"s4\">Densidade (20\u00b0C):<\/span><\/p>\n<\/div>\n<\/td>\n<td>\n<div>\n<p class=\"s11\"><span class=\"s4\">0,908 &#8211; 0,916<\/span><\/p>\n<\/div>\n<\/td>\n<\/tr>\n<tr>\n<td>\n<div>\n<p class=\"s11\"><span class=\"s4\">\u00cdndice de Refra\u00e7\u00e3o <\/span><span class=\"s4\">( 20<\/span><span class=\"s4\">\u00b0 C)<\/span><\/p>\n<\/div>\n<\/td>\n<td>\n<div>\n<p class=\"s11\"><span class=\"s4\">1,459 &#8211; 1,462<\/span><\/p>\n<\/div>\n<\/td>\n<\/tr>\n<tr>\n<td>\n<div>\n<p class=\"s11\"><span class=\"s4\">Indice<\/span><span class=\"s4\"> de Acidez (mg KOH\/g<\/span><span class=\"s4\">)<\/span><\/p>\n<\/div>\n<\/td>\n<td>\n<div>\n<p class=\"s11\"><span class=\"s4\">Max 0,10<\/span><\/p>\n<\/div>\n<\/td>\n<\/tr>\n<\/tbody>\n<\/table>\n<p class=\"s8\"><span class=\"s4\">Validade 18 meses<\/span><\/p>\n","protected":false},"excerpt":{"rendered":"<p>O \u00f3leo essencial de Eucalipto Globulus \u00e9 conhecido por suas propriedades refrescantes, anti-inflamat\u00f3rias e antimicrobianas e cicatrizante da pele.<br \/>\nAuxilia em casos de resfriado, rinite, sinusite, bronquite e catarro. \u00c9 um excelente repelente de insetos.<\/p>\n","protected":false},"featured_media":2598,"comment_status":"open","ping_status":"closed","template":"","meta":{"_joinchat":[]},"product_brand":[],"product_cat":[48],"product_tag":[57,47],"class_list":{"0":"post-1916","1":"product","2":"type-product","3":"status-publish","4":"has-post-thumbnail","6":"product_cat-oleo-essencial","7":"product_tag-essencial","8":"product_tag-oleos","10":"first","11":"instock","12":"taxable","13":"shipping-taxable","14":"purchasable","15":"product-type-variable"},"_links":{"self":[{"href":"https:\/\/ybibrazil.com\/en\/wp-json\/wp\/v2\/product\/1916","targetHints":{"allow":["GET"]}}],"collection":[{"href":"https:\/\/ybibrazil.com\/en\/wp-json\/wp\/v2\/product"}],"about":[{"href":"https:\/\/ybibrazil.com\/en\/wp-json\/wp\/v2\/types\/product"}],"replies":[{"embeddable":true,"href":"https:\/\/ybibrazil.com\/en\/wp-json\/wp\/v2\/comments?post=1916"}],"wp:featuredmedia":[{"embeddable":true,"href":"https:\/\/ybibrazil.com\/en\/wp-json\/wp\/v2\/media\/2598"}],"wp:attachment":[{"href":"https:\/\/ybibrazil.com\/en\/wp-json\/wp\/v2\/media?parent=1916"}],"wp:term":[{"taxonomy":"product_brand","embeddable":true,"href":"https:\/\/ybibrazil.com\/en\/wp-json\/wp\/v2\/product_brand?post=1916"},{"taxonomy":"product_cat","embeddable":true,"href":"https:\/\/ybibrazil.com\/en\/wp-json\/wp\/v2\/product_cat?post=1916"},{"taxonomy":"product_tag","embeddable":true,"href":"https:\/\/ybibrazil.com\/en\/wp-json\/wp\/v2\/product_tag?post=1916"}],"curies":[{"name":"wp","href":"https:\/\/api.w.org\/{rel}","templated":true}]}}