{"id":1917,"date":"2025-08-06T16:41:47","date_gmt":"2025-08-06T19:41:47","guid":{"rendered":"https:\/\/ybibrazil.com\/?post_type=product&#038;p=1917"},"modified":"2026-03-16T21:30:22","modified_gmt":"2026-03-17T00:30:22","slug":"oleo-essencial-de-patchouly-light","status":"publish","type":"product","link":"https:\/\/ybibrazil.com\/en\/product\/oleo-essencial-de-patchouly-light\/","title":{"rendered":"OLEO ESSENCIAL DE PATCHOULY LIGHT"},"content":{"rendered":"<p>O \u00f3leo essencial de patchouli possui uma variedade de usos, tanto terap\u00eauticos quanto est\u00e9ticos.\u00a0Na aromaterapia,\u00a0\u00e9 conhecido por suas propriedades calmantes, relaxantes e antidepressivas, sendo utilizado para combater o estresse, a ansiedade e a depress\u00e3o.\u00a0Al\u00e9m disso, possui a\u00e7\u00e3o anti-inflamat\u00f3ria, antiss\u00e9ptica e cicatrizante,\u00a0sendo empregado no tratamento de problemas de pele como acne, dermatite, eczema e rachaduras.<br \/>\nO \u00f3leo de patchouli tamb\u00e9m \u00e9 considerado um afrodis\u00edaco natural, estimulando a sensualidade e o romance.<\/p>\n<p class=\"s7\"><span class=\"s6\">ESPECIFICA\u00c7\u00c3O T\u00c9CNICA<\/span><\/p>\n<p class=\"s8\"><span class=\"s6\">\u00d3LEO ESSENCIAL PATCHOULY LIGHT<\/span><\/p>\n<p class=\"s8\"><span class=\"s6\">CAS 84238-39-1<\/span><\/p>\n<p class=\"s8\"><span class=\"s6\">Especifica\u00e7\u00f5es Organol\u00e9pticas <\/span><\/p>\n<p class=\"s9\"><span class=\"s4\">Apar\u00eancia:<\/span>\u200b\u200b<span class=\"s4\"> L\u00edquido l\u00edmpido Amarelo<\/span><\/p>\n<p class=\"s9\"><span class=\"s4\">Cor: <\/span>\u200b\u200b\u200b<span class=\"s4\"> Castanho<\/span><\/p>\n<p class=\"s9\"><span class=\"s4\">Odor: <\/span>\u200b\u200b\u200b <span class=\"s4\">Caracter\u00edstico<\/span><\/p>\n<p class=\"s8\"><span class=\"s6\">Especifica\u00e7\u00f5es F\u00edsico-Qu\u00edmicas <\/span><\/p>\n<p class=\"s9\"><span class=\"s4\">Densidade (20\u00b0C): <\/span>\u200b\u200b\u200b\u200b<span class=\"s4\">0,940 \u2013 0,970<\/span><\/p>\n<p class=\"s9\"><span class=\"s4\">PH <\/span>\u200b\u200b\u200b\u200b\u200b\u200b<span class=\"s4\">N\u00e3o determinado<\/span><\/p>\n<p class=\"s9\"><span class=\"s4\">Ponto de Fulgor (vaso fechado): <\/span>\u200b\u200b<span class=\"s4\">95\u00b0C<\/span><\/p>\n<p class=\"s9\"><span class=\"s6\">Conserva\u00e7\u00e3o:<\/span>\u200b\u200b <span class=\"s4\">Manter o recipiente fechado, ao abrigo da luz e em local seco. Temperatura recomendada para armazenagem \u00e9 de 25\u00b0C a 30\u00b0C. Quando armazenado por mais de 18 meses conferir a qualidade antes do uso.<\/span><\/p>\n<p class=\"s9\"><span class=\"s6\">Embalagem: <\/span><span class=\"s4\">&#8211; Bombonas de Polietileno de Alta Densidade. <\/span><\/p>\n<p class=\"s9\"><span class=\"s6\">Prazo de Validade:<\/span><span class=\"s4\"> 18 meses<\/span><\/p>\n","protected":false},"excerpt":{"rendered":"<p>O \u00f3leo essencial de Patchouly \u00e9 usado em cosm\u00e9ticos regeneradores, perfumes e lo\u00e7\u00f5es corporais.<br \/>\nRelaxante profundo e afrodis\u00edaco suave.<br \/>\nAntiss\u00e9ptico e cicatrizante.<\/p>\n","protected":false},"featured_media":2610,"comment_status":"open","ping_status":"closed","template":"","meta":{"_joinchat":[]},"product_brand":[],"product_cat":[48],"product_tag":[57,47],"class_list":{"0":"post-1917","1":"product","2":"type-product","3":"status-publish","4":"has-post-thumbnail","6":"product_cat-oleo-essencial","7":"product_tag-essencial","8":"product_tag-oleos","10":"first","11":"instock","12":"taxable","13":"shipping-taxable","14":"purchasable","15":"product-type-variable"},"_links":{"self":[{"href":"https:\/\/ybibrazil.com\/en\/wp-json\/wp\/v2\/product\/1917","targetHints":{"allow":["GET"]}}],"collection":[{"href":"https:\/\/ybibrazil.com\/en\/wp-json\/wp\/v2\/product"}],"about":[{"href":"https:\/\/ybibrazil.com\/en\/wp-json\/wp\/v2\/types\/product"}],"replies":[{"embeddable":true,"href":"https:\/\/ybibrazil.com\/en\/wp-json\/wp\/v2\/comments?post=1917"}],"wp:featuredmedia":[{"embeddable":true,"href":"https:\/\/ybibrazil.com\/en\/wp-json\/wp\/v2\/media\/2610"}],"wp:attachment":[{"href":"https:\/\/ybibrazil.com\/en\/wp-json\/wp\/v2\/media?parent=1917"}],"wp:term":[{"taxonomy":"product_brand","embeddable":true,"href":"https:\/\/ybibrazil.com\/en\/wp-json\/wp\/v2\/product_brand?post=1917"},{"taxonomy":"product_cat","embeddable":true,"href":"https:\/\/ybibrazil.com\/en\/wp-json\/wp\/v2\/product_cat?post=1917"},{"taxonomy":"product_tag","embeddable":true,"href":"https:\/\/ybibrazil.com\/en\/wp-json\/wp\/v2\/product_tag?post=1917"}],"curies":[{"name":"wp","href":"https:\/\/api.w.org\/{rel}","templated":true}]}}