{"id":1918,"date":"2025-08-06T16:41:47","date_gmt":"2025-08-06T19:41:47","guid":{"rendered":"https:\/\/ybibrazil.com\/?post_type=product&#038;p=1918"},"modified":"2026-04-13T15:47:40","modified_gmt":"2026-04-13T18:47:40","slug":"oleo-essencial-de-alecrim","status":"publish","type":"product","link":"https:\/\/ybibrazil.com\/en\/product\/oleo-essencial-de-alecrim\/","title":{"rendered":"OLEO ESSENCIAL DE ALECRIM"},"content":{"rendered":"<p>Em cosm\u00e9ticos para o cuidado do cabelo, as propriedades t\u00f4nicas do \u00d3leo Essencial de Alecrim estimulam os fol\u00edculos capilares para alongar e fortalecer o cabelo enquanto retarda o envelhecimento dos cabelos, previne a queda e por sua a\u00e7\u00e3o antioxidante, adstringente e antiss\u00e9ptica combate a seborreia e a caspa.<\/p>\n<p class=\"s7\"><span class=\"s6\">FICHA TECNICA &#8211; <\/span><span class=\"s6\">OLEO DE <\/span><span class=\"s6\">ALECRIM<\/span><\/p>\n<p class=\"s7\"><span class=\"s6\">\u00d3LEO VEGETAL<\/span><\/p>\n<p class=\"s9\"><span class=\"s4\">INCI:<\/span> <span class=\"s4\">Rosmarinus<\/span> <span class=\"s4\">Carried<\/span> <span class=\"s4\">Oil<\/span><\/p>\n<p class=\"s9\"><span class=\"s4\">CAS 84604-14-8 <\/span><\/p>\n<p class=\"s9\"><span class=\"s4\">Planta: (<\/span><span class=\"s4\">Rosmarinus<\/span> <span class=\"s4\">officinalis<\/span><span class=\"s4\">)<\/span><\/p>\n<p class=\"s9\"><span class=\"s4\">Parte Utilizada: Folhas<\/span><\/p>\n<p class=\"s10\"><span class=\"s6\">CARACTER\u00cdSTICAS F\u00cdSICO &#8211; QU\u00cdMICAS<\/span><\/p>\n<p class=\"s10\"><span class=\"s6\">ITEM <\/span>\u200b\u200b\u200b\u200b\u200b<span class=\"s6\">AN\u00c1LISE<\/span>\u200b\u200b<\/p>\n<p class=\"s8\"><span class=\"s4\">Apar\u00eancia <\/span>\u200b\u200b\u200b\u200b<span class=\"s4\">L\u00edquido de m\u00e9dia <\/span><span class=\"s4\">viscosidad<\/span><span class=\"s4\">me<\/span><\/p>\n<p class=\"s8\"><span class=\"s4\">Cor <\/span>\u200b\u200b\u200b\u200b\u200b<span class=\"s4\">Castanho esverdeado<\/span>\u200b\u200b<\/p>\n<p class=\"s8\"><span class=\"s4\">Odor <\/span>\u200b\u200b\u200b\u200b\u200b<span class=\"s4\">Caracter\u00edstico<\/span>\u200b\u200b\u200b<\/p>\n<p class=\"s8\"><span class=\"s4\">Densidade 25\u00b0C <\/span>\u200b\u200b\u200b<span class=\"s4\">0,915\u2013 0,920 <\/span>\u200b\u200b\u200b\u200b<\/p>\n<p class=\"s8\"><span class=\"s4\">\u00cdndice Acidez (ac. <\/span><span class=\"s4\">Ol\u00e9ico<\/span><span class=\"s4\">)<\/span>\u200b\u200b<span class=\"s4\">Max. 0,30 <\/span>\u200b\u200b\u200b\u200b<\/p>\n<p class=\"s8\"><span class=\"s4\">\u00cdndice Per\u00f3xido (<\/span><span class=\"s4\">mEq<\/span><span class=\"s4\">\/kg)<\/span>\u200b\u200b<span class=\"s4\">Max. 10,00<\/span>\u200b\u200b\u200b<\/p>\n<p class=\"s8\"><span class=\"s4\">Solvente de Extra\u00e7\u00e3o: <\/span>\u200b\u200b<span class=\"s4\">\u00d3leo Vegeta<\/span><span class=\"s4\">l<\/span><\/p>\n<p class=\"s8\"><span class=\"s4\">INFORMA\u00c7\u00d5ES GERAIS <\/span><\/p>\n<p class=\"s8\"><span class=\"s4\">O <\/span><span class=\"s4\">Rosmarinus<\/span> <span class=\"s4\">officinalis<\/span><span class=\"s4\"> L., pertencente \u00e0 fam\u00edlia Lamiaceae, \u00e9 um arbusto perene, nativo do Mediterr\u00e2neo, que atinge at\u00e9 1,5 m de altura. Proporciona um dos aromas mais refrescantes e menos caros, sendo uma das ervas mais importantes da atualidade. Tem a\u00e7\u00e3o de refor\u00e7ar o c\u00e9rebro e a mem\u00f3ria, m\u00fasculos e articula\u00e7\u00f5es. Isto se deve \u00e0 dilata\u00e7\u00e3o dos tecidos causada pela planta aumentando a oxigena\u00e7\u00e3o e exercendo efeito estimulante. <\/span><\/p>\n<p class=\"s8\"><span class=\"s4\">PROPRIEDADES <\/span><\/p>\n<p class=\"s8\"><span class=\"s4\">\u00c9 constitu\u00eddo de derivados terp\u00eanicos (pineno, <\/span><span class=\"s4\">canfeno<\/span><span class=\"s4\">, <\/span><span class=\"s4\">borneol<\/span><span class=\"s4\"> livre e como acetato, <\/span><span class=\"s4\">cineol<\/span><span class=\"s4\">, c\u00e2nfora); <\/span><span class=\"s4\">sesquiterpenos<\/span><span class=\"s4\">; \u00e1cido <\/span><span class=\"s4\">olean\u00f3lico<\/span><span class=\"s4\">; pouco tanino; subst\u00e2ncias amargas; saponina \u00e1cida; e compostos <\/span><span class=\"s4\">glucos\u00eddicos<\/span><span class=\"s4\">. Tem propriedade <\/span><span class=\"s4\">dermopurificante<\/span><span class=\"s4\">, tonificante, estimulante celular, antioxidante, protetor de tecidos e ativador da circula\u00e7\u00e3o perif\u00e9rica.<\/span><\/p>\n<p class=\"s8\"><span class=\"s4\">APLICA\u00c7\u00d5ES SUGERIDAS <\/span><\/p>\n<p class=\"s8\"><span class=\"s4\">Na pele \u00e9 utilizado para a <\/span><span class=\"s4\">acneica<\/span><span class=\"s4\">, <\/span><span class=\"s4\">comedog\u00eanica<\/span><span class=\"s4\"> e at\u00f4nica favorece a limpeza e estimula a circula\u00e7\u00e3o. Indicado para peles normais a oleosas. Nos cabelos, irriga, estimula o crescimento, previne a queda e confere brilho. Tamb\u00e9m, tem a\u00e7\u00e3o anticaspa.<\/span><\/p>\n<p class=\"s8\"><span class=\"s4\">DOSAGEM \/ CONCENTRA\u00c7\u00c3O USUAL<\/span><\/p>\n<p class=\"s8\"><span class=\"s4\">Em concentra\u00e7\u00f5es de 0,5 a 7%.<\/span><\/p>\n<p class=\"s8\"><span class=\"s4\">ESTOCAGEM E VALIDADE <\/span><\/p>\n<p class=\"s8\"><span class=\"s4\">Deve ser estocado hermeticamente fechado, ao abrigo da luz solar direta e do calor. Obs.: Poder\u00e1 ocorrer forma\u00e7\u00e3o de precipitado e\/ou turbidez durante a estocagem, sem alterar as propriedades. Altera\u00e7\u00f5es da cor s\u00e3o esperadas por modifica\u00e7\u00f5es dos compostos coloridos das plantas.<\/span><\/p>\n","protected":false},"excerpt":{"rendered":"<p>O \u00d3leo Essencial de Alecrim Rosmarinho \u00e9 obtido a partir das flores e folhas de Rosmarinus officinalis L., Lamiaceae. Vindo do Mediterr\u00e2neo, o \u00f3leo de alecrim tornou-se famoso ao longo dos s\u00e9culos por seus diversos benef\u00edcios para a mente e o corpo. Usado na aromaterapia, o \u00f3leo de alecrim ajuda a reduzir os n\u00edveis de estresse e tens\u00e3o nervosa, aumenta<br \/>\na atividade mental, estimula a clareza e a percep\u00e7\u00e3o, alivia a fadiga e apoia a fun\u00e7\u00e3o respirat\u00f3ria.<\/p>\n","protected":false},"featured_media":2622,"comment_status":"open","ping_status":"closed","template":"","meta":{"_joinchat":[]},"product_brand":[],"product_cat":[48],"product_tag":[57,47],"class_list":{"0":"post-1918","1":"product","2":"type-product","3":"status-publish","4":"has-post-thumbnail","6":"product_cat-oleo-essencial","7":"product_tag-essencial","8":"product_tag-oleos","10":"first","11":"instock","12":"taxable","13":"shipping-taxable","14":"purchasable","15":"product-type-variable"},"_links":{"self":[{"href":"https:\/\/ybibrazil.com\/en\/wp-json\/wp\/v2\/product\/1918","targetHints":{"allow":["GET"]}}],"collection":[{"href":"https:\/\/ybibrazil.com\/en\/wp-json\/wp\/v2\/product"}],"about":[{"href":"https:\/\/ybibrazil.com\/en\/wp-json\/wp\/v2\/types\/product"}],"replies":[{"embeddable":true,"href":"https:\/\/ybibrazil.com\/en\/wp-json\/wp\/v2\/comments?post=1918"}],"wp:featuredmedia":[{"embeddable":true,"href":"https:\/\/ybibrazil.com\/en\/wp-json\/wp\/v2\/media\/2622"}],"wp:attachment":[{"href":"https:\/\/ybibrazil.com\/en\/wp-json\/wp\/v2\/media?parent=1918"}],"wp:term":[{"taxonomy":"product_brand","embeddable":true,"href":"https:\/\/ybibrazil.com\/en\/wp-json\/wp\/v2\/product_brand?post=1918"},{"taxonomy":"product_cat","embeddable":true,"href":"https:\/\/ybibrazil.com\/en\/wp-json\/wp\/v2\/product_cat?post=1918"},{"taxonomy":"product_tag","embeddable":true,"href":"https:\/\/ybibrazil.com\/en\/wp-json\/wp\/v2\/product_tag?post=1918"}],"curies":[{"name":"wp","href":"https:\/\/api.w.org\/{rel}","templated":true}]}}