{"id":1919,"date":"2025-08-06T16:41:47","date_gmt":"2025-08-06T19:41:47","guid":{"rendered":"https:\/\/ybibrazil.com\/?post_type=product&#038;p=1919"},"modified":"2026-04-07T19:34:21","modified_gmt":"2026-04-07T22:34:21","slug":"oleo-essencial-de-ylang-ylang","status":"publish","type":"product","link":"https:\/\/ybibrazil.com\/en\/product\/oleo-essencial-de-ylang-ylang\/","title":{"rendered":"OLEO ESSENCIAL DE YLANG YLANG"},"content":{"rendered":"<p>O \u00f3leo essencial de ylang ylang\u00a0possui diversos benef\u00edcios, incluindo o relaxamento, a redu\u00e7\u00e3o da ansiedade\u00a0e do estresse, al\u00e9m de propriedades afrodis\u00edacas e estimulantes da sensualidade.\u00a0Ele tamb\u00e9m pode ajudar a melhorar o humor, a qualidade do sono e a equilibrar as emo\u00e7\u00f5es.\u00a0Al\u00e9m disso, \u00e9 utilizado para cuidados com a pele e cabelos, e h\u00e1 relatos de benef\u00edcios no tratamento de problemas como a depress\u00e3o e a hipertens\u00e3o.<\/p>\n<p>&nbsp;<\/p>\n<p class=\"s6\"><span class=\"s5\">ESPECIFICA\u00c7\u00c3O TECNICA<\/span><\/p>\n<p class=\"s8\"><span class=\"s7\">OLEO ESSENCIAL DE YLANG <\/span><span class=\"s7\">YLANG<\/span><\/p>\n<table>\n<tbody>\n<tr>\n<td class=\"s9\">\n<div>\n<p class=\"s11\"><span class=\"s10\">Nome da Subst\u00e2ncia:\u00a0<\/span><\/p>\n<\/div>\n<\/td>\n<td class=\"s9\">\n<div>\n<p class=\"s11\">\u00d3leo Essencial de Ylang Ylang<\/p>\n<\/div>\n<\/td>\n<td class=\"s9\">\n<div>\n<p class=\"s11\">CAS: 8006-81-3<\/p>\n<\/div>\n<\/td>\n<\/tr>\n<tr>\n<td class=\"s12\" colspan=\"4\">\n<div>\n<p class=\"s11\"><span class=\"s10\">INCI Name: <\/span>Cananga odorata Flower Oil<\/p>\n<\/div>\n<\/td>\n<\/tr>\n<\/tbody>\n<\/table>\n<table>\n<tbody>\n<tr>\n<td class=\"s14\">\n<div>\n<p class=\"s11\"><span class=\"s10\">Especifica\u00e7\u00f5es Organol\u00e9pticas:\u00a0<\/span><\/p>\n<p class=\"s11\">\n<\/div>\n<\/td>\n<td class=\"s15\">\n<div>\n<p class=\"s11\"><span class=\"s10\">Apar\u00eancia:\u00a0<\/span><\/p>\n<p class=\"s11\">\n<\/div>\n<\/td>\n<td class=\"s15\">\n<div>\n<p class=\"s17\"><span class=\"s10\">Refer\u00eancia:<\/span><\/p>\n<p class=\"s4\">L\u00edquido l\u00edmpido<\/p>\n<\/div>\n<\/td>\n<\/tr>\n<tr>\n<td class=\"s18\">\n<div>\n<p class=\"s11\">\n<\/div>\n<\/td>\n<td class=\"s12\">\n<div>\n<p class=\"s19\"><span class=\"s10\">Cor:\u00a0<\/span><\/p>\n<\/div>\n<\/td>\n<td class=\"s12\">\n<div>\n<p class=\"s17\">Incolor -Amarelo<\/p>\n<\/div>\n<\/td>\n<\/tr>\n<tr>\n<td class=\"s20\">\n<div>\n<p class=\"s11\">\n<\/div>\n<\/td>\n<td class=\"s12\">\n<div>\n<p class=\"s19\"><span class=\"s10\">Odor:<\/span><\/p>\n<\/div>\n<\/td>\n<td class=\"s12\">\n<div>\n<p class=\"s4\"><span class=\"s21\">Caracter\u00edstico<\/span><\/p>\n<\/div>\n<\/td>\n<\/tr>\n<\/tbody>\n<\/table>\n<table>\n<tbody>\n<tr>\n<td class=\"s22\">\n<div>\n<p class=\"s11\"><span class=\"s10\">Especifica\u00e7\u00f5es F\u00edsico-Qu\u00edmicas:<\/span><\/p>\n<\/div>\n<\/td>\n<td class=\"s22\">\n<div>\n<p class=\"s25\"><span class=\"s24\">Solubilidade em \u00e1gua<\/span><\/p>\n<\/div>\n<\/td>\n<td class=\"s22\">\n<div>\n<p class=\"s27\"><span class=\"s26\">Refer\u00eancia:<\/span><\/p>\n<p class=\"s28\"><span class=\"s29\">Insol\u00favel<\/span><\/p>\n<\/div>\n<\/td>\n<\/tr>\n<tr>\n<td class=\"s30\">\n<div>\n<p class=\"s19\">\n<\/div>\n<\/td>\n<td class=\"s30\">\n<div>\n<p class=\"s32\"><span class=\"s29\">Densidade (20<\/span><span class=\"s31\">o<\/span><span class=\"s29\">C) <\/span><\/p>\n<\/div>\n<\/td>\n<td class=\"s30\">\n<div>\n<p class=\"s27\">0,946 \u2013 0,966<\/p>\n<\/div>\n<\/td>\n<\/tr>\n<tr>\n<td class=\"s30\">\n<div>\n<p class=\"s19\">\n<\/div>\n<\/td>\n<td class=\"s30\">\n<div>\n<p class=\"s34\"><span class=\"s33\">\u00cdndice de Refra\u00e7\u00e3o (20\u00b0C): <\/span><\/p>\n<\/div>\n<\/td>\n<td class=\"s30\">\n<div>\n<p class=\"s35\"><span class=\"s33\">1,419 \u2013 1,511<\/span><\/p>\n<\/div>\n<\/td>\n<\/tr>\n<tr>\n<td class=\"s30\">\n<div>\n<p class=\"s19\">\n<\/div>\n<\/td>\n<td class=\"s30\">\n<div>\n<p class=\"s36\"><span class=\"s33\">Ponto de Fulgor (vaso fechado): <\/span><a name=\"_GoBack\"><\/a><\/p>\n<\/div>\n<\/td>\n<td class=\"s30\">\n<div>\n<p class=\"s37\"><span class=\"s33\">100\u00b0C<\/span><\/p>\n<\/div>\n<\/td>\n<\/tr>\n<\/tbody>\n<\/table>\n<table>\n<tbody>\n<tr>\n<td class=\"s38\">\n<div>\n<p class=\"s11\"><span class=\"s10\">Conserva\u00e7\u00e3o<\/span><span class=\"s21\">:\u00a0<\/span><\/p>\n<\/div>\n<\/td>\n<td class=\"s38\">\n<div>\n<p class=\"s11\"><span class=\"s21\">Manter o recipiente fechado, ao abrigo da luz e em local seco.<\/span><\/p>\n<p class=\"s11\"><span class=\"s21\">Temperatura recomendada para armazenagem \u00e9 de 20\u00b0C a 24\u00b0C.<\/span><\/p>\n<\/div>\n<\/td>\n<\/tr>\n<\/tbody>\n<\/table>\n<table>\n<tbody>\n<tr>\n<td class=\"s39\">\n<div>\n<p class=\"s11\"><span class=\"s10\">Embalagem:\u00a0<\/span><\/p>\n<\/div>\n<\/td>\n<td class=\"s39\">\n<div>\n<p class=\"s11\"><span class=\"s21\">Bombonas de Polietileno de Alta Densidade<\/span><\/p>\n<\/div>\n<\/td>\n<\/tr>\n<\/tbody>\n<\/table>\n<table>\n<tbody>\n<tr>\n<td class=\"s39\">\n<div>\n<p class=\"s11\"><span class=\"s10\">Prazo de Validade:\u00a0<\/span><\/p>\n<\/div>\n<\/td>\n<td class=\"s39\">\n<div>\n<p class=\"s11\"><span class=\"s10\">\u00a0 <\/span><span class=\"s21\">18<\/span><span class=\"s21\">meses<\/span><\/p>\n<\/div>\n<\/td>\n<\/tr>\n<\/tbody>\n<\/table>\n","protected":false},"excerpt":{"rendered":"<p>O \u00f3leo essencial de Ylang Ylang \u00e9 usado em perfumes, cremes e produtos para equilibrar oleosidade da pele e cabelos.<br \/>\nRelaxante, afrodis\u00edaco e harmonizador emocional.<br \/>\nLeve a\u00e7\u00e3o sedativa e equilibrante.<\/p>\n","protected":false},"featured_media":2634,"comment_status":"open","ping_status":"closed","template":"","meta":{"_joinchat":[]},"product_brand":[],"product_cat":[48],"product_tag":[57,47],"class_list":{"0":"post-1919","1":"product","2":"type-product","3":"status-publish","4":"has-post-thumbnail","6":"product_cat-oleo-essencial","7":"product_tag-essencial","8":"product_tag-oleos","10":"first","11":"instock","12":"taxable","13":"shipping-taxable","14":"purchasable","15":"product-type-variable"},"_links":{"self":[{"href":"https:\/\/ybibrazil.com\/en\/wp-json\/wp\/v2\/product\/1919","targetHints":{"allow":["GET"]}}],"collection":[{"href":"https:\/\/ybibrazil.com\/en\/wp-json\/wp\/v2\/product"}],"about":[{"href":"https:\/\/ybibrazil.com\/en\/wp-json\/wp\/v2\/types\/product"}],"replies":[{"embeddable":true,"href":"https:\/\/ybibrazil.com\/en\/wp-json\/wp\/v2\/comments?post=1919"}],"wp:featuredmedia":[{"embeddable":true,"href":"https:\/\/ybibrazil.com\/en\/wp-json\/wp\/v2\/media\/2634"}],"wp:attachment":[{"href":"https:\/\/ybibrazil.com\/en\/wp-json\/wp\/v2\/media?parent=1919"}],"wp:term":[{"taxonomy":"product_brand","embeddable":true,"href":"https:\/\/ybibrazil.com\/en\/wp-json\/wp\/v2\/product_brand?post=1919"},{"taxonomy":"product_cat","embeddable":true,"href":"https:\/\/ybibrazil.com\/en\/wp-json\/wp\/v2\/product_cat?post=1919"},{"taxonomy":"product_tag","embeddable":true,"href":"https:\/\/ybibrazil.com\/en\/wp-json\/wp\/v2\/product_tag?post=1919"}],"curies":[{"name":"wp","href":"https:\/\/api.w.org\/{rel}","templated":true}]}}