{"id":1921,"date":"2025-08-06T16:41:48","date_gmt":"2025-08-06T19:41:48","guid":{"rendered":"https:\/\/ybibrazil.com\/?post_type=product&#038;p=1921"},"modified":"2025-11-26T13:20:34","modified_gmt":"2025-11-26T16:20:34","slug":"oleo-essencial-de-erva-baleeira","status":"publish","type":"product","link":"https:\/\/ybibrazil.com\/en\/product\/oleo-essencial-de-erva-baleeira\/","title":{"rendered":"OLEO ESSENCIAL DE ERVA BALEEIRA"},"content":{"rendered":"<p>A Erva-baleeira (Cordia verbenacea L.) \u00e9 uma planta nativa do Brasil que ocorre no Bioma Mata Atl\u00e2ntica. O \u00f3leo essencial extra\u00eddo de suas folhas \u00e9 utilizado como um potenteanti-inflamat\u00f3rio e sua atividade terap\u00eautica se deve ao \u03b1-humuleno e trans-cariofileno. O \u00f3leo essencial da Erva Baleeira \u00e9 tradicionalmente usado em massagens corporais, produtos cosm\u00e9ticos para o tratamento de pernas e p\u00e9s. \u00c9 indicado para o al\u00edvio de processos inflamat\u00f3rios, dores musculares e articulares.<\/p>\n<p><strong>Nome da Subst\u00e2ncia:<\/strong> \u00d3leo Essencial de Erva baleeira<br \/>\n<strong>Composi\u00e7\u00e3o:<\/strong> 100%<br \/>\n<strong>CAS: &#8211;<\/strong><br \/>\n<strong>INCI:<\/strong> Cordia Verbenacea Oil<\/p>\n<p><strong>Caracter\u00edsticas:<\/strong> A Erva-baleeira (Cordia verbenacea L.) \u00e9 uma planta nativa do Brasil que ocorre no Bioma Mata Atl\u00e2ntica. O \u00f3leo essencial extra\u00eddo de suas folhas \u00e9 utilizado como um potente anti-inflamat\u00f3rio e sua atividade terap\u00eautica se deve ao \u03b1-humuleno e trans-cariofileno. O \u00f3leo essencial da Erva Baleeira \u00e9 tradicionalmente usado em massagens corporais, produtos cosm\u00e9ticos para o tratamento de pernas e p\u00e9s. \u00c9 indicado para o al\u00edvio de processos inflamat\u00f3rios, dores musculares e articulares.<br \/>\n<strong>Aplica\u00e7\u00f5es:<\/strong> Cremes, lo\u00e7\u00f5es e \u00f3leos de massagem.<br \/>\n<strong>Concentra\u00e7\u00e3o de uso:<\/strong> 0,005 \u2013 0,1 %<\/p>\n<style>\n  table, th, td {<br \/>    border: 1px solid black;<br \/>    border-collapse: collapse;<br \/>  }<br \/>  th, td {<br \/>    padding: 8px;<br \/>    text-align: left;<br \/>  }<br \/><\/style>\n<p>&nbsp;<\/p>\n<h2>Tabela com 2 Colunas e 10 Linhas<\/h2>\n<p>CARACTER\u00cdSTICAS F\u00cdSICO-QU\u00cdMICAS<\/p>\n<table>\n<tbody>\n<tr>\n<th>Apar\u00eancia<\/th>\n<th>L\u00edquido l\u00edmpido<\/th>\n<\/tr>\n<tr>\n<td>Cor<\/td>\n<td>Levemente esverdeado<\/td>\n<\/tr>\n<tr>\n<td>Odor<\/td>\n<td>Caracter\u00edstico<\/td>\n<\/tr>\n<tr>\n<td>Densidade<\/td>\n<td>0,860 &#8211; 0,950<\/td>\n<\/tr>\n<tr>\n<td>\u00cdndice de Refra\u00e7\u00e3o<\/td>\n<td>1,475 &#8211; 1,485<\/td>\n<\/tr>\n<tr>\n<td>Solubilidade em \u00e1gua<\/td>\n<td>Insol\u00favel<\/td>\n<\/tr>\n<tr>\n<td>Solubilidade em etanol<\/td>\n<td>absoluto Sol\u00favel<\/td>\n<\/tr>\n<tr>\n<td>a-Pineno<\/td>\n<td>Min\/Max25-35%<\/td>\n<\/tr>\n<tr>\n<td>\u00df-Cariofileno<\/td>\n<td>Min\/Max 10-20%<\/td>\n<\/tr>\n<tr>\n<td>Humuleno<\/td>\n<td>Min\/Max 5-10%<\/td>\n<\/tr>\n<tr>\n<td>Eugenol<\/td>\n<td>Min\/Max 5-10%<\/td>\n<\/tr>\n<tr>\n<td>Min\/Max<\/td>\n<td>Min\/Max 5-10%<\/td>\n<\/tr>\n<\/tbody>\n<\/table>\n<p>Esse produto n\u00e3o contem OGM e n\u00e3o foi utilizado para testes em animais.<\/p>\n<p>ARMAZENAMENTO: Armazenar em local fresco e arejado ao abrigo da luz, \u00e0 temperatura constante preferencialmente ambiente. Temperatura recomendada para armazenagem \u00e9 de 22\u00b0C \u00b12\u00b0C.<\/p>\n","protected":false},"excerpt":{"rendered":"<p>O \u00d3leo essencial de Erva Baleeira (Cordia verbenacea) \u00e9 usado para conforto dos musculos, \u00e9 excelente para cuidar da pele com acne.<br \/>\nO \u00f3leo essencial de erva baleeira age tamb\u00e9m como estimulador do animo e vitalidade<\/p>\n","protected":false},"featured_media":2478,"comment_status":"open","ping_status":"closed","template":"","meta":{"_joinchat":[]},"product_brand":[],"product_cat":[48],"product_tag":[57,47],"class_list":{"0":"post-1921","1":"product","2":"type-product","3":"status-publish","4":"has-post-thumbnail","6":"product_cat-oleo-essencial","7":"product_tag-essencial","8":"product_tag-oleos","10":"first","11":"instock","12":"taxable","13":"shipping-taxable","14":"purchasable","15":"product-type-variable"},"_links":{"self":[{"href":"https:\/\/ybibrazil.com\/en\/wp-json\/wp\/v2\/product\/1921","targetHints":{"allow":["GET"]}}],"collection":[{"href":"https:\/\/ybibrazil.com\/en\/wp-json\/wp\/v2\/product"}],"about":[{"href":"https:\/\/ybibrazil.com\/en\/wp-json\/wp\/v2\/types\/product"}],"replies":[{"embeddable":true,"href":"https:\/\/ybibrazil.com\/en\/wp-json\/wp\/v2\/comments?post=1921"}],"wp:featuredmedia":[{"embeddable":true,"href":"https:\/\/ybibrazil.com\/en\/wp-json\/wp\/v2\/media\/2478"}],"wp:attachment":[{"href":"https:\/\/ybibrazil.com\/en\/wp-json\/wp\/v2\/media?parent=1921"}],"wp:term":[{"taxonomy":"product_brand","embeddable":true,"href":"https:\/\/ybibrazil.com\/en\/wp-json\/wp\/v2\/product_brand?post=1921"},{"taxonomy":"product_cat","embeddable":true,"href":"https:\/\/ybibrazil.com\/en\/wp-json\/wp\/v2\/product_cat?post=1921"},{"taxonomy":"product_tag","embeddable":true,"href":"https:\/\/ybibrazil.com\/en\/wp-json\/wp\/v2\/product_tag?post=1921"}],"curies":[{"name":"wp","href":"https:\/\/api.w.org\/{rel}","templated":true}]}}