{"id":1923,"date":"2025-08-06T16:41:48","date_gmt":"2025-08-06T19:41:48","guid":{"rendered":"https:\/\/ybibrazil.com\/?post_type=product&#038;p=1923"},"modified":"2025-11-26T13:39:07","modified_gmt":"2025-11-26T16:39:07","slug":"oleo-essencial-de-tangerina","status":"publish","type":"product","link":"https:\/\/ybibrazil.com\/en\/product\/oleo-essencial-de-tangerina\/","title":{"rendered":"OLEO ESSENCIAL DE TANGERINA"},"content":{"rendered":"<p>O \u00f3leo essencial de tangerina \u00e9 conhecido por suas\u00a0propriedades relaxantes, revigorantes e digestivas.\u00a0Na aromaterapia, \u00e9 frequentemente utilizado para promover\u00a0alegria, reduzir o estresse e a ansiedade, e auxiliar no tratamento de dist\u00farbios do sono.\u00a0Al\u00e9m disso, ele pode ser usado topicamente para cuidados com a pele, ajudando a reduzir celulite e estrias, e internamente, dilu\u00eddo em \u00e1gua, para auxiliar na digest\u00e3o e aliviar c\u00f3licas.<\/p>\n<p class=\"s8\"><span class=\"s6\">Produto i: \u00d3leo Essencial Tangerina <\/span><\/p>\n<p class=\"s8\"><span class=\"s6\">Nome cient\u00edfico: <\/span><span class=\"s6\">Citrus<\/span> <span class=\"s6\">Reticulata<\/span><\/p>\n<p class=\"s8\"><span class=\"s6\">CAS: 8016-85-1 <\/span><\/p>\n<p class=\"s8\"><span class=\"s6\">Tipo: \u00d3leo Essencial 100% Puro <\/span><\/p>\n<p class=\"s8\"><span class=\"s6\">Parte da planta: Extra\u00eddo das Cascas.<\/span><\/p>\n<p class=\"s8\"><span class=\"s6\">M\u00e9todo Extra\u00e7\u00e3o: Centrifuga\u00e7\u00e3o <\/span><\/p>\n<p class=\"s9\"><span class=\"s6\">ITENS CONTROLADOS<\/span>\u200b\u200b\u200b<span class=\"s6\"> RESULTADOS <\/span><\/p>\n<p class=\"s11\"><span class=\"s10\">APAR\u00caNCIA \/ASPECTO <\/span>\u200b\u200b\u200b<span class=\"s10\">L\u00edquido L\u00edmpido &#8211; Laranja <\/span><\/p>\n<p class=\"s11\"><span class=\"s10\">ODOR<\/span>\u200b\u200b\u200b\u200b\u200b<span class=\"s10\">Caracter\u00edstico <\/span><\/p>\n<p class=\"s11\"><span class=\"s10\">ALDEIDO EM DECANAL (%)<\/span>\u200b\u200b<span class=\"s10\">M\u00ednimo 0,70 <\/span><\/p>\n<p class=\"s11\"><span class=\"s10\">DENSIDADE RELATIVA A 20\u00b0C <\/span>\u200b<span class=\"s10\">0,842 \u2013 0,852 \u00cd<\/span><\/p>\n<p class=\"s11\"><span class=\"s10\">NDICE DE REFRA\u00c7\u00c3O A 20\u00b0C <\/span>\u200b\u200b<span class=\"s10\">1,4640 \u2013 1,4840 <\/span><\/p>\n<p class=\"s11\"><span class=\"s10\">D\u2019LIMONENO (%GLC) <\/span>\u200b\u200b\u200b<span class=\"s10\">M\u00e1ximo 94<\/span><\/p>\n","protected":false},"excerpt":{"rendered":"<p>O \u00f3leo essencial de Tangerina, possui a\u00e7\u00e3o calmante, digestiva, antioxidante e tonificante.<br \/>\nSeu uso t\u00f3pico ou inalat\u00f3rio, por meio do difusor, \u00e9 indicado para auxiliar na digest\u00e3o, aliviar c\u00f3licas e tens\u00f5es abdominais, al\u00e9m de ser utilizado em cosm\u00e9ticos para peles sens\u00edveis e com tend\u00eancia a estrias. Seu aroma c\u00edtrico, adocicado e delicado promove relaxamento, leveza e bem-estar. \u00c9 excelente para crian\u00e7as, idosos e pessoas ansiosas, ajudando a aliviar o estresse, melhorar o humor e facilitar o sono<\/p>\n","protected":false},"featured_media":2502,"comment_status":"open","ping_status":"closed","template":"","meta":{"_joinchat":[]},"product_brand":[],"product_cat":[48],"product_tag":[57,47],"class_list":{"0":"post-1923","1":"product","2":"type-product","3":"status-publish","4":"has-post-thumbnail","6":"product_cat-oleo-essencial","7":"product_tag-essencial","8":"product_tag-oleos","10":"first","11":"instock","12":"taxable","13":"shipping-taxable","14":"purchasable","15":"product-type-variable"},"_links":{"self":[{"href":"https:\/\/ybibrazil.com\/en\/wp-json\/wp\/v2\/product\/1923","targetHints":{"allow":["GET"]}}],"collection":[{"href":"https:\/\/ybibrazil.com\/en\/wp-json\/wp\/v2\/product"}],"about":[{"href":"https:\/\/ybibrazil.com\/en\/wp-json\/wp\/v2\/types\/product"}],"replies":[{"embeddable":true,"href":"https:\/\/ybibrazil.com\/en\/wp-json\/wp\/v2\/comments?post=1923"}],"wp:featuredmedia":[{"embeddable":true,"href":"https:\/\/ybibrazil.com\/en\/wp-json\/wp\/v2\/media\/2502"}],"wp:attachment":[{"href":"https:\/\/ybibrazil.com\/en\/wp-json\/wp\/v2\/media?parent=1923"}],"wp:term":[{"taxonomy":"product_brand","embeddable":true,"href":"https:\/\/ybibrazil.com\/en\/wp-json\/wp\/v2\/product_brand?post=1923"},{"taxonomy":"product_cat","embeddable":true,"href":"https:\/\/ybibrazil.com\/en\/wp-json\/wp\/v2\/product_cat?post=1923"},{"taxonomy":"product_tag","embeddable":true,"href":"https:\/\/ybibrazil.com\/en\/wp-json\/wp\/v2\/product_tag?post=1923"}],"curies":[{"name":"wp","href":"https:\/\/api.w.org\/{rel}","templated":true}]}}