{"id":1924,"date":"2025-08-06T16:41:48","date_gmt":"2025-08-06T19:41:48","guid":{"rendered":"https:\/\/ybibrazil.com\/?post_type=product&#038;p=1924"},"modified":"2026-03-03T15:21:20","modified_gmt":"2026-03-03T18:21:20","slug":"oleo-essencial-de-hortela-do-campo","status":"publish","type":"product","link":"https:\/\/ybibrazil.com\/en\/product\/oleo-essencial-de-hortela-do-campo\/","title":{"rendered":"OLEO ESSENCIAL DE HORTELA DO CAMPO"},"content":{"rendered":"<p>As folhas de Hortel\u00e3 do Campo (Mentha arvensis), produzem um \u00f3leo essencial rico em mentol, distinguindo-se das demais esp\u00e9cies de hortel\u00e3s pelo seu odor mais acentuado, lembrando o cheiro de \u201cvick\u201d. Este \u00f3leo essencial possui propriedade anti-inflamat\u00f3ria,\u00a0expectorante, descongestionante nasal, t\u00f4nico do sistema respirat\u00f3rio, antial\u00e9rgico,\u00a0analg\u00e9sico local, estimulante da circula\u00e7\u00e3o. Na medicina tradicional \u00e9 indicado para al\u00edvio\u00a0da dor de cabe\u00e7a e tamb\u00e9m para desconforto respirat\u00f3rio em casos de bronquite,\u00a0asma, resfriados e gripe. Tem a\u00e7\u00e3o antipruriginosa, aliviando a coceira em casos de dermatoses\u00a0e apresenta a\u00e7\u00e3o refrescante sendo bastante usado em produtos p\u00f3s-sol.<\/p>\n<p class=\"s6\"><span class=\"s5\">FICHA T\u00c9CNICA<\/span><\/p>\n<p class=\"s8\"><span class=\"s7\">Nome da Subst\u00e2ncia:<\/span> \u00d3leo Essencial Hortel\u00e3 do Campo<\/p>\n<p class=\"s8\"><span class=\"s7\">Composi\u00e7\u00e3o<\/span>: 100%<\/p>\n<p class=\"s8\"><span class=\"s7\">CAS<\/span>: <span class=\"s9\">68917-18-0\u00a0<\/span><\/p>\n<p class=\"s8\"><span class=\"s7\">INCI<\/span>: <span class=\"s10\">Mentha arvensis<\/span> Leaf Oil<\/p>\n<p class=\"s12\"><span class=\"s7\">Caracter\u00edsticas: <\/span><span class=\"s11\">As folhas de<\/span><span class=\"s11\"> Hortel\u00e3 do Campo (<\/span><span class=\"s10\">Mentha arvensis<\/span><span class=\"s11\">), produz<\/span><span class=\"s11\">em<\/span><span class=\"s11\"> um \u00f3leo essencial rico em mentol, distinguindo-se das demais esp\u00e9cies de hortel\u00e3s pelo seu odor mais acentuado, lembrando o cheiro de \u201cvick\u201d. <\/span><span class=\"s11\">Este \u00f3leo essencial p<\/span><span class=\"s11\">ossui propriedade anti-inflamat\u00f3ria, expectorante, descongestionante nasal, t\u00f4nico do sistema respirat\u00f3rio, antial\u00e9rgico, analg\u00e9sico local, estimulante da circula\u00e7\u00e3o.<\/span><span class=\"s11\"> \u00a0Na medicina tradicional \u00e9<\/span> <span class=\"s11\">i<\/span><span class=\"s11\">ndicado para <\/span><span class=\"s11\">al<\/span><span class=\"s11\">\u00ed<\/span><span class=\"s11\">vio<\/span><span class=\"s11\"> da dor de cabe\u00e7a e tamb\u00e9m para desconforto<\/span><span class=\"s11\"> respirat\u00f3rio em casos de <\/span><span class=\"s11\">bronquite, asma, resfriados e gripe. <\/span><span class=\"s11\">Tem a\u00e7\u00e3o antipruriginosa<\/span><span class=\"s11\">, <\/span><span class=\"s11\">aliviando a coceira em casos de dermatoses e apresenta a\u00e7\u00e3o refrescante<\/span><span class=\"s11\"> sendo bastante usado em produtos p\u00f3s-sol.<\/span><span class=\"s11\"> Desaconselh\u00e1vel o uso em crises de asma, epilepsia, convuls\u00f5es, fibrila\u00e7\u00e3o card\u00edaca e crian\u00e7as com menos de tr\u00eas anos de idade.<\/span><span class=\"s11\"> Estimula a circula\u00e7\u00e3o sangu\u00ednea e diminui a oleosidade da pele e cabelos. \u00a0<\/span><span class=\"s11\">No campo emocional combate fadiga mental, harmoniza os pensamentos, tem a\u00e7\u00e3o estimulante, melhora a concentra\u00e7\u00e3o. Descri\u00e7\u00e3o olfativa: fresco, mentolado, refrescante.<\/span><span class=\"s11\"><br \/>\n<\/span><\/p>\n<p class=\"s12\"><span class=\"s7\">Aplica\u00e7\u00f5es:<\/span> Cremes e lo\u00e7\u00f5es corporais, desodorantes, t\u00f4nicos faciais e capilares, produtos para crescimento e fortalecimento capilar, shampoo, sabonetes, \u00f3leos e cremes de massagem, \u00f3leos de banho, g\u00e9is e cremes para pernas cansadas.<\/p>\n<p class=\"s13\"><span class=\"s7\">Concentra\u00e7\u00e3o de uso:<\/span><span class=\"s7\"> \u00a0<\/span><span class=\"s11\">0,1 \u2013 1,0 %<\/span><\/p>\n<p class=\"s16\"><span class=\"s15\">CARACTER\u00cdSTICAS F<\/span><span class=\"s15\">\u00cd<\/span><span class=\"s15\">SICO<\/span><span class=\"s15\">&#8211;<\/span><span class=\"s15\">QU\u00cdMICAS<\/span><\/p>\n<table>\n<tbody>\n<tr>\n<td class=\"s17\">\n<div>\n<p class=\"s18\"><span class=\"s11\">Apar\u00eancia<\/span><\/p>\n<\/div>\n<\/td>\n<td class=\"s17\">\n<div>\n<p class=\"s18\">L\u00edquido l\u00edmpido<\/p>\n<\/div>\n<\/td>\n<\/tr>\n<tr>\n<td class=\"s17\">\n<div>\n<p class=\"s18\"><span class=\"s11\">Cor<\/span><\/p>\n<\/div>\n<\/td>\n<td class=\"s17\">\n<div>\n<p class=\"s18\">Incolor \u2013 Amarelo<\/p>\n<\/div>\n<\/td>\n<\/tr>\n<tr>\n<td class=\"s17\">\n<div>\n<p class=\"s18\"><span class=\"s11\">Odor<\/span><\/p>\n<\/div>\n<\/td>\n<td class=\"s17\">\n<div>\n<p class=\"s18\"><span class=\"s11\">Caracter\u00edstico<\/span><\/p>\n<\/div>\n<\/td>\n<\/tr>\n<tr>\n<td class=\"s17\">\n<div>\n<p class=\"s18\">Densidade (20\u00b0C)<\/p>\n<\/div>\n<\/td>\n<td class=\"s17\">\n<div>\n<p class=\"s18\">0,895 \u2013 0,904<\/p>\n<\/div>\n<\/td>\n<\/tr>\n<\/tbody>\n<\/table>\n<p class=\"s14\">Esse produto n\u00e3o contem OGM e n\u00e3o foi utilizado para testes em animais.<\/p>\n<p class=\"s22\"><span class=\"s20\">ARMAZENAMENTO:<\/span><span class=\"s21\"> \u00a0<\/span><span class=\"s21\">Armazenar em local fresco e arejado ao abrigo da luz, \u00e0 temperatura constante preferencialmente ambiente. <\/span><a name=\"_Hlk109982778\"><\/a><span class=\"s21\">Temperatura recomendada para armazenagem \u00e9 de 22\u00b0C \u00b12\u00b0C.<\/span><\/p>\n","protected":false},"excerpt":{"rendered":"<p>\u00d3leo essencial de Hortel\u00e3 do Campo \u00e9 obtido das folhas da Mentha arvensis.<br \/>\nProporciona efeito refrescante em cremes, lo\u00e7\u00f5es e produtos p\u00f3s-sol. Usado em b\u00e1lsamos para al\u00edvio muscular.<br \/>\nRevigorante e estimulante. Auxilia na concentra\u00e7\u00e3o e clareza mental.<\/p>\n","protected":false},"featured_media":2514,"comment_status":"open","ping_status":"closed","template":"","meta":{"_joinchat":[]},"product_brand":[],"product_cat":[48],"product_tag":[57,47],"class_list":{"0":"post-1924","1":"product","2":"type-product","3":"status-publish","4":"has-post-thumbnail","6":"product_cat-oleo-essencial","7":"product_tag-essencial","8":"product_tag-oleos","10":"first","11":"instock","12":"taxable","13":"shipping-taxable","14":"purchasable","15":"product-type-variable"},"_links":{"self":[{"href":"https:\/\/ybibrazil.com\/en\/wp-json\/wp\/v2\/product\/1924","targetHints":{"allow":["GET"]}}],"collection":[{"href":"https:\/\/ybibrazil.com\/en\/wp-json\/wp\/v2\/product"}],"about":[{"href":"https:\/\/ybibrazil.com\/en\/wp-json\/wp\/v2\/types\/product"}],"replies":[{"embeddable":true,"href":"https:\/\/ybibrazil.com\/en\/wp-json\/wp\/v2\/comments?post=1924"}],"wp:featuredmedia":[{"embeddable":true,"href":"https:\/\/ybibrazil.com\/en\/wp-json\/wp\/v2\/media\/2514"}],"wp:attachment":[{"href":"https:\/\/ybibrazil.com\/en\/wp-json\/wp\/v2\/media?parent=1924"}],"wp:term":[{"taxonomy":"product_brand","embeddable":true,"href":"https:\/\/ybibrazil.com\/en\/wp-json\/wp\/v2\/product_brand?post=1924"},{"taxonomy":"product_cat","embeddable":true,"href":"https:\/\/ybibrazil.com\/en\/wp-json\/wp\/v2\/product_cat?post=1924"},{"taxonomy":"product_tag","embeddable":true,"href":"https:\/\/ybibrazil.com\/en\/wp-json\/wp\/v2\/product_tag?post=1924"}],"curies":[{"name":"wp","href":"https:\/\/api.w.org\/{rel}","templated":true}]}}