{"id":1925,"date":"2025-08-06T16:41:48","date_gmt":"2025-08-06T19:41:48","guid":{"rendered":"https:\/\/ybibrazil.com\/?post_type=product&#038;p=1925"},"modified":"2025-11-26T13:31:23","modified_gmt":"2025-11-26T16:31:23","slug":"oleo-essencial-de-limao-siciliano","status":"publish","type":"product","link":"https:\/\/ybibrazil.com\/en\/product\/oleo-essencial-de-limao-siciliano\/","title":{"rendered":"OLEO ESSENCIAL DE LIM\u00c3O SICILIANO"},"content":{"rendered":"<p>\u00d3leo essencial de lim\u00e3o siciliano\u00a0possui diversas propriedades ben\u00e9ficas, atuando em \u00e1reas\u00a0como a digest\u00e3o, sistema respirat\u00f3rio, pele e humor.\u00a0Ele \u00e9 conhecido por suas a\u00e7\u00f5es\u00a0anti-inflamat\u00f3rias, antiss\u00e9pticas, e imuno estimulantes, al\u00e9m de ser um excelente\u00a0tonificante para o sistema circulat\u00f3rio e digestivo.<\/p>\n<p class=\"s6\"><span class=\"s5\">FICHA T\u00c9CNICA<\/span><\/p>\n<p class=\"s8\"><span class=\"s5\">Nome da Subst\u00e2ncia:<\/span> \u00d3leo Essencial de Lim\u00e3o Siciliano<\/p>\n<p class=\"s8\"><span class=\"s5\">Composi\u00e7\u00e3o<\/span>: 100%<\/p>\n<p class=\"s8\"><span class=\"s5\">CAS<\/span>: 8008-56-8<\/p>\n<p class=\"s8\"><span class=\"s5\">INCI<\/span>: Citrus Limon Peel Oil<\/p>\n<p class=\"s11\"><span class=\"s5\">Caracter\u00edsticas: <\/span>O \u00d3leo Essencial de Lim\u00e3o Siciliano \u00e9 produzido a partir da express\u00e3o fria da casca dos frutos de <span class=\"s10\">Citrus <\/span><span class=\"s10\">limon<\/span>, gerando um \u00f3leo muito fluido com aroma c\u00edtrico forte, fresco, com caracter\u00edstica levemente floral, diferenciando-o totalmente do outros tipos de Lim\u00f5es e Limas. Este \u00f3leo essencial \u00e9 muito famoso na Aromaterapia devido \u00e0 sua imensa versatilidade, facilidade de sinergia com outros \u00f3leos essenciais e vastas propriedades terap\u00eauticas. Estimula a mente e o humor de forma sutil e por isso \u00e9considerado o \u00f3leo da felicidade. Fisicamente, dentre tantas possibilidades de uso do \u00f3leo essencial de Lim\u00e3o Siciliano, destaca-se o grande suporte no sistema imunol\u00f3gico como imunomodulador, purificador do sangue, digestivo. \u00c9 tamb\u00e9m um diur\u00e9tico, desintoxicando os sistemas devido ao seu alto teor de limoneno, e por isso \u00e9 um dos \u00f3leos essenciais mais adequados para a drenagem linf\u00e1tica, juntamente com outros \u00f3leos c\u00edtricos, como zimbro e erva-doce.<\/p>\n<p class=\"s12\"><span class=\"s5\">Aplica\u00e7\u00f5es:<\/span><\/p>\n<p class=\"s11\">O \u00d3leo Essencial de Lim\u00e3o Siciliano \u00e9 ideal para lo\u00e7\u00f5es e emuls\u00f5es de cuidados da pele, produtos de banho, xampus, condicionadores, sabonetes, desodorantes, cremes, \u00f3leos de massagem.<\/p>\n<p class=\"s14\"><span class=\"s5\">Concentra\u00e7\u00e3o de uso:<\/span><span class=\"s5\"> \u00a0<\/span><span class=\"s13\">0<\/span><span class=\"s13\">,<\/span><span class=\"s13\">1 \u2013 1%<\/span><\/p>\n<p class=\"s16\"><span class=\"s15\">CARACTER\u00cdSTICAS F<\/span><span class=\"s15\">\u00cd<\/span><span class=\"s15\">SICO<\/span><span class=\"s15\">&#8211;<\/span><span class=\"s15\">QU\u00cdMICAS<\/span><\/p>\n<table>\n<tbody>\n<tr>\n<td class=\"s17\">\n<div>\n<p class=\"s4\"><span class=\"s18\">Apar\u00eancia<\/span><\/p>\n<\/div>\n<\/td>\n<td class=\"s17\">\n<div>\n<p class=\"s4\">L\u00edquido l\u00edmpido<\/p>\n<\/div>\n<\/td>\n<\/tr>\n<tr>\n<td class=\"s17\">\n<div>\n<p class=\"s4\"><span class=\"s18\">Cor<\/span><\/p>\n<\/div>\n<\/td>\n<td class=\"s17\">\n<div>\n<p class=\"s4\">Incolor \u2013 Amarelo P\u00e1lido<\/p>\n<\/div>\n<\/td>\n<\/tr>\n<tr>\n<td class=\"s17\">\n<div>\n<p class=\"s4\"><span class=\"s18\">Odor<\/span><\/p>\n<\/div>\n<\/td>\n<td class=\"s17\">\n<div>\n<p class=\"s4\"><span class=\"s18\">Caracter\u00edstico<\/span><\/p>\n<\/div>\n<\/td>\n<\/tr>\n<tr>\n<td class=\"s17\">\n<div>\n<p class=\"s19\">Densidade (20\u00b0C)<\/p>\n<\/div>\n<\/td>\n<td class=\"s17\">\n<div>\n<p class=\"s19\">0,841 \u2013 0,861<\/p>\n<\/div>\n<\/td>\n<\/tr>\n<tr>\n<td class=\"s17\">\n<div>\n<p class=\"s4\">Solubilidade em \u00e1gua<\/p>\n<\/div>\n<\/td>\n<td class=\"s17\">\n<div>\n<p class=\"s4\">Insol\u00favel<\/p>\n<\/div>\n<\/td>\n<\/tr>\n<tr>\n<td class=\"s17\">\n<div>\n<p class=\"s4\">Solubilidade em etanol absoluto<\/p>\n<\/div>\n<\/td>\n<td class=\"s17\">\n<div>\n<p class=\"s4\">Sol\u00favel<\/p>\n<\/div>\n<\/td>\n<\/tr>\n<\/tbody>\n<\/table>\n","protected":false},"excerpt":{"rendered":"<p>\u00d3leo essencial de lim\u00e3o siciliano \u00e9, extra\u00eddo das cascas do Citrus limon.<br \/>\nIlumina e revitaliza a pele. Usado em cosm\u00e9ticos clareadores e t\u00f4nicos.<br \/>\nEnergizante e estimulante do humor.<\/p>\n","protected":false},"featured_media":2538,"comment_status":"open","ping_status":"closed","template":"","meta":{"_joinchat":[]},"product_brand":[],"product_cat":[48],"product_tag":[57,47],"class_list":{"0":"post-1925","1":"product","2":"type-product","3":"status-publish","4":"has-post-thumbnail","6":"product_cat-oleo-essencial","7":"product_tag-essencial","8":"product_tag-oleos","10":"first","11":"instock","12":"taxable","13":"shipping-taxable","14":"purchasable","15":"product-type-variable"},"_links":{"self":[{"href":"https:\/\/ybibrazil.com\/en\/wp-json\/wp\/v2\/product\/1925","targetHints":{"allow":["GET"]}}],"collection":[{"href":"https:\/\/ybibrazil.com\/en\/wp-json\/wp\/v2\/product"}],"about":[{"href":"https:\/\/ybibrazil.com\/en\/wp-json\/wp\/v2\/types\/product"}],"replies":[{"embeddable":true,"href":"https:\/\/ybibrazil.com\/en\/wp-json\/wp\/v2\/comments?post=1925"}],"wp:featuredmedia":[{"embeddable":true,"href":"https:\/\/ybibrazil.com\/en\/wp-json\/wp\/v2\/media\/2538"}],"wp:attachment":[{"href":"https:\/\/ybibrazil.com\/en\/wp-json\/wp\/v2\/media?parent=1925"}],"wp:term":[{"taxonomy":"product_brand","embeddable":true,"href":"https:\/\/ybibrazil.com\/en\/wp-json\/wp\/v2\/product_brand?post=1925"},{"taxonomy":"product_cat","embeddable":true,"href":"https:\/\/ybibrazil.com\/en\/wp-json\/wp\/v2\/product_cat?post=1925"},{"taxonomy":"product_tag","embeddable":true,"href":"https:\/\/ybibrazil.com\/en\/wp-json\/wp\/v2\/product_tag?post=1925"}],"curies":[{"name":"wp","href":"https:\/\/api.w.org\/{rel}","templated":true}]}}