{"id":2099,"date":"2025-08-10T11:39:04","date_gmt":"2025-08-10T14:39:04","guid":{"rendered":"https:\/\/ybibrazil.com\/?post_type=product&#038;p=2099"},"modified":"2026-03-22T17:27:20","modified_gmt":"2026-03-22T20:27:20","slug":"oleo-de-ricino-mamona","status":"publish","type":"product","link":"https:\/\/ybibrazil.com\/en\/product\/oleo-de-ricino-mamona\/","title":{"rendered":"OLEO DE RICINO\/MAMONA"},"content":{"rendered":"<p>O \u00e1cido ricinoleico apresenta propriedades antibacterianas, analg\u00e9sicas e anti-inflamat\u00f3rias, dessa forma, compressas com \u00f3leo de r\u00edcino s\u00e3o utilizadas para reduzir inflama\u00e7\u00f5es e melhorar a assimila\u00e7\u00e3o intestinal.\u00a0 Al\u00e9m disso, trata com efic\u00e1cia acne, fur\u00fanculos, verrugas, pele seca e dermatites. Ele ajuda a suavizar a pele seca e irritada. \u00c9 rapidamente absorvido, estimulando a produ\u00e7\u00e3o de col\u00e1geno, o que reduz rugas e estrias. Tem propriedades emolientes e umectantes que auxiliam na hidrata\u00e7\u00e3o, elasticidade e maciez da pele, tem ainda a capacidade de penetrar na pele como nenhum outro \u00f3leo, e por suas propriedades, \u00e9 excelente para eliminar bact\u00e9rias que provocam ou agravam a acne. No tratamento das micoses, que costumam ser muito resistentes a tratamentos, o \u00f3leo tem efeito efetivo, j\u00e1 que sua a\u00e7\u00e3o antif\u00fangica j\u00e1 foi comprovada. Como \u00f3leo de massagem, \u00e9 \u00f3timo para o relaxamento do corpo e para curar inflama\u00e7\u00f5es, como artrite, proporcionando uma sensa\u00e7\u00e3o de bem-estar. Uma das melhores aplica\u00e7\u00f5es do \u00f3leo de r\u00edcino \u00e9 para os cabelos. Ele ajuda no fortalecimento do couro cabeludo e no crescimento dos cabelos. Como apresenta propriedades antibacterianas e antif\u00fangicas, devido \u00e0 elevada composi\u00e7\u00e3o de \u00e1cido ricinoleico, o \u00f3leo combate infec\u00e7\u00f5es e o crescimento de bact\u00e9rias e fungos que poderiam impedir o crescimento capilar.<\/p>\n<table>\n<tbody>\n<tr>\n<td>\n<div>\n<p class=\"s7\"><span class=\"s6\">Par\u00e2metro<\/span><\/p>\n<\/div>\n<\/td>\n<td>\n<div>\n<p class=\"s7\"><span class=\"s6\">Especifica\u00e7\u00e3o<\/span><\/p>\n<\/div>\n<\/td>\n<td>\n<div>\n<p class=\"s7\"><span class=\"s6\">M\u00e9todo<\/span><\/p>\n<\/div>\n<\/td>\n<\/tr>\n<tr>\n<td>\n<div>\n<p class=\"s7\"><span class=\"s9\">Aspecto F\u00edsico a 25 \u00b0C<\/span><\/p>\n<\/div>\n<\/td>\n<td>\n<div>\n<p class=\"s7\"><span class=\"s4\">L\u00edquido Amarelo Ligeiramente Turvo<\/span><\/p>\n<\/div>\n<\/td>\n<td>\n<div>\n<p class=\"s7\"><span class=\"s4\">Visual<\/span><\/p>\n<\/div>\n<\/td>\n<\/tr>\n<tr>\n<td class=\"s10\">\n<div>\n<p class=\"s7\"><span class=\"s4\">Cor <\/span><span class=\"s4\">Lovbond<\/span><span class=\"s4\"> (5 \u00bc\u201d) <\/span><\/p>\n<\/div>\n<\/td>\n<td class=\"s10\">\n<div>\n<p class=\"s7\"><span class=\"s4\">M\u00e1x. 30,0 A e 3,0 V<\/span><\/p>\n<\/div>\n<\/td>\n<td class=\"s10\">\n<div>\n<p class=\"s7\"><span class=\"s4\">MA \u2013 22 AOCS <\/span><span class=\"s4\">Cc<\/span><span class=\"s4\">13b \u2013 45 (2.017)<\/span><\/p>\n<\/div>\n<\/td>\n<\/tr>\n<tr>\n<td>\n<div>\n<p class=\"s7\"><span class=\"s4\">Acidez (como \u00c1cido Oleico) <\/span><\/p>\n<\/div>\n<\/td>\n<td>\n<div>\n<p class=\"s7\"><span class=\"s4\">M\u00e1x.1,0%<\/span><\/p>\n<\/div>\n<\/td>\n<td>\n<div>\n<p class=\"s7\"><span class=\"s4\">MA \u2013 09 AOCS Ca 5\u00aa \u2013 40 (2.017)<\/span><\/p>\n<\/div>\n<\/td>\n<\/tr>\n<tr>\n<td>\n<div>\n<p class=\"s7\"><span class=\"s4\">Umidade (Karl Fischer) <\/span><\/p>\n<\/div>\n<\/td>\n<td>\n<div>\n<p class=\"s7\"><span class=\"s4\">M\u00e1x.0,375% ou 3.750 <\/span><span class=\"s4\">ppm<\/span><\/p>\n<\/div>\n<\/td>\n<td>\n<div>\n<p class=\"s7\"><span class=\"s4\">MA \u2013 20<\/span><\/p>\n<\/div>\n<\/td>\n<\/tr>\n<\/tbody>\n<\/table>\n<p class=\"s13\"><span class=\"s12\">CARACTERISTICAS INFORMATIVAS<\/span><\/p>\n<table>\n<tbody>\n<tr>\n<td>\n<div>\n<p class=\"s7\"><span class=\"s6\">Par\u00e2metro<\/span><\/p>\n<\/div>\n<\/td>\n<td>\n<div>\n<p class=\"s7\"><span class=\"s6\">Especifica\u00e7\u00e3o<\/span><\/p>\n<\/div>\n<\/td>\n<td>\n<div>\n<p class=\"s7\"><span class=\"s6\">M\u00e9todo<\/span><\/p>\n<\/div>\n<\/td>\n<\/tr>\n<tr>\n<td>\n<div>\n<p class=\"s7\"><span class=\"s4\">\u00cdndice de Iodo (<\/span><span class=\"s4\">Wijs<\/span><span class=\"s4\">) <\/span><\/p>\n<\/div>\n<\/td>\n<td>\n<div>\n<p class=\"s7\"><span class=\"s4\">81,0 \u2013 88,0 cgI2\/g<\/span><\/p>\n<\/div>\n<\/td>\n<td>\n<div>\n<p class=\"s7\"><span class=\"s4\">MA \u2013 01 AOCS <\/span><span class=\"s4\">Tg<\/span><span class=\"s4\"> 1\u00aa \u2013 64 (2.017)<\/span><\/p>\n<\/div>\n<\/td>\n<\/tr>\n<tr>\n<td>\n<div>\n<p class=\"s7\"><span class=\"s4\">\u00cd<\/span><span class=\"s4\">ndice de Saponifica\u00e7\u00e3o <\/span><\/p>\n<\/div>\n<\/td>\n<td>\n<div>\n<p class=\"s7\"><span class=\"s4\">176 \u2013 182 <\/span><span class=\"s4\">mgKOH<\/span><span class=\"s4\">\/g<\/span><\/p>\n<\/div>\n<\/td>\n<td>\n<div>\n<p class=\"s7\"><span class=\"s4\">MA \u2013 03 AOCS <\/span><span class=\"s4\">Tl<\/span><span class=\"s4\"> 1\u00aa \u2013 64 (2.017)<\/span><\/p>\n<\/div>\n<\/td>\n<\/tr>\n<tr>\n<td>\n<div>\n<p class=\"s7\"><span class=\"s4\">\u00cdndice de Hidroxila <\/span><\/p>\n<\/div>\n<\/td>\n<td>\n<div>\n<p class=\"s7\"><span class=\"s4\">155 \u2013 165 <\/span><span class=\"s4\">mgKOH<\/span><span class=\"s4\">\/g<\/span><\/p>\n<\/div>\n<\/td>\n<td>\n<div>\n<p class=\"s7\"><span class=\"s4\">MA \u2013 17 AOCS Cd 13 \u2013 60 (2.017)<\/span><\/p>\n<\/div>\n<\/td>\n<\/tr>\n<\/tbody>\n<\/table>\n<p class=\"s11\"><span class=\"s4\">VALIDADE DO PRODUTO: 01 ANO DA DATA DE FABRICA\u00c7\u00c3O.<\/span><\/p>\n","protected":false},"excerpt":{"rendered":"<p>\u00d3leo extra\u00eddo da mamona.<br \/>\nHidratante profundo para pele e cabelo, base de sabonetes e b\u00e1lsamos.<br \/>\nBase em formula\u00e7\u00f5es sensoriais.<br \/>\nLaxante em uso farmac\u00eautico.<\/p>\n","protected":false},"featured_media":2370,"comment_status":"open","ping_status":"closed","template":"","meta":{"_joinchat":[]},"product_brand":[],"product_cat":[55],"product_tag":[56],"class_list":{"0":"post-2099","1":"product","2":"type-product","3":"status-publish","4":"has-post-thumbnail","6":"product_cat-oleo-vegetal","7":"product_tag-vegetal","9":"first","10":"instock","11":"sold-individually","12":"taxable","13":"shipping-taxable","14":"purchasable","15":"product-type-variable"},"_links":{"self":[{"href":"https:\/\/ybibrazil.com\/en\/wp-json\/wp\/v2\/product\/2099","targetHints":{"allow":["GET"]}}],"collection":[{"href":"https:\/\/ybibrazil.com\/en\/wp-json\/wp\/v2\/product"}],"about":[{"href":"https:\/\/ybibrazil.com\/en\/wp-json\/wp\/v2\/types\/product"}],"replies":[{"embeddable":true,"href":"https:\/\/ybibrazil.com\/en\/wp-json\/wp\/v2\/comments?post=2099"}],"wp:featuredmedia":[{"embeddable":true,"href":"https:\/\/ybibrazil.com\/en\/wp-json\/wp\/v2\/media\/2370"}],"wp:attachment":[{"href":"https:\/\/ybibrazil.com\/en\/wp-json\/wp\/v2\/media?parent=2099"}],"wp:term":[{"taxonomy":"product_brand","embeddable":true,"href":"https:\/\/ybibrazil.com\/en\/wp-json\/wp\/v2\/product_brand?post=2099"},{"taxonomy":"product_cat","embeddable":true,"href":"https:\/\/ybibrazil.com\/en\/wp-json\/wp\/v2\/product_cat?post=2099"},{"taxonomy":"product_tag","embeddable":true,"href":"https:\/\/ybibrazil.com\/en\/wp-json\/wp\/v2\/product_tag?post=2099"}],"curies":[{"name":"wp","href":"https:\/\/api.w.org\/{rel}","templated":true}]}}