{"id":2100,"date":"2025-08-10T11:39:04","date_gmt":"2025-08-10T14:39:04","guid":{"rendered":"https:\/\/ybibrazil.com\/?post_type=product&#038;p=2100"},"modified":"2026-04-18T23:26:20","modified_gmt":"2026-04-19T02:26:20","slug":"oleo-de-rosa-mosqueta","status":"publish","type":"product","link":"https:\/\/ybibrazil.com\/en\/product\/oleo-de-rosa-mosqueta\/","title":{"rendered":"OLEO DE ROSA MOSQUETA"},"content":{"rendered":"<p>O \u00f3leo de rosa mosqueta \u00e9 extra\u00eddo das sementes de Rosa rubiginosa, origin\u00e1ria da \u00c1sia, radicada na Europa e hoje cultivada em diversos pa\u00edses. Rico em \u00e1cidos graxos poli-insaturados, o \u00f3leo de rosa mosqueta \u00e9 tradicionalmente conhecido por sua grande capacidade cicatrizante e regeneradora de tecidos, por isso \u00e9 um dos \u00f3leos vegetais de escolha em tratamentos p\u00f3s cir\u00fargicos para preven\u00e7\u00e3o de quel\u00f3ide. \u00c9 excelente protetor labial contra ressecamentos em climas frios e secos, e atua como cicatrizante em formula\u00e7\u00f5es para frieiras, rachaduras dos p\u00e9s, preven\u00e7\u00e3o e tratamento de estrias.<\/p>\n<p class=\"s7\"><span class=\"s6\">Especifica\u00e7\u00e3o T\u00e9cnica<\/span><\/p>\n<p class=\"s7\"><span class=\"s6\">\u00d3LEO DE ROSA MOSQUETA<\/span><\/p>\n<p class=\"s7\"><span class=\"s6\">Rosa <\/span><span class=\"s6\">Rubiginosa<\/span><span class=\"s6\"> (<\/span><span class=\"s6\">Rosehip<\/span><span class=\"s6\">) <\/span><span class=\"s6\">fruit<\/span> <span class=\"s6\">Oil<\/span><span class=\"s6\">)<\/span><\/p>\n<p class=\"s8\"><span class=\"s4\">CAS: 84603-93-0 <\/span><\/p>\n<p class=\"s8\"><span class=\"s4\">Sin\u00f4nimo: Rosa <\/span><span class=\"s4\">Rubiginosa<\/span><\/p>\n<p class=\"s8\"><span class=\"s4\">INCI <\/span><span class=\"s4\">Name<\/span><span class=\"s4\">: Rosa <\/span><span class=\"s4\">Rubiginosa<\/span><span class=\"s4\"> (<\/span><span class=\"s4\">Rosehip<\/span><span class=\"s4\">) <\/span><span class=\"s4\">fruit<\/span> <span class=\"s4\">Oil<\/span><\/p>\n<p class=\"s7\"><span class=\"s6\">CARACTER\u00cdSTICAS F\u00cdSICO-QU\u00cdMICAS<\/span><\/p>\n<p class=\"s9\"><span class=\"s6\">ITEM<\/span>\u200b\u200b\u200b\u200b\u200b<span class=\"s6\">ESPECIFICA\u00c7\u00c3O<\/span><\/p>\n<p class=\"s8\"><span class=\"s4\">Apar\u00eancia: <\/span>\u200b\u200b\u200b\u200b<span class=\"s4\">L\u00edquido transparente de baixa viscosidade <\/span><\/p>\n<p class=\"s8\"><span class=\"s4\">Cor Gardner: <\/span>\u200b\u200b\u200b\u200b<span class=\"s4\">Amarelo alaranjado a Laranja <\/span><\/p>\n<p class=\"s8\"><span class=\"s4\">Odor: <\/span>\u200b\u200b\u200b\u200b\u200b<span class=\"s4\">Caracter\u00edstico <\/span><\/p>\n<p class=\"s8\"><span class=\"s4\">Densidade (20\u00baC) g\/ml: <\/span>\u200b\u200b<span class=\"s4\">0,910 a 0,930<\/span><\/p>\n<p class=\"s8\"><span class=\"s4\">\u00cdndice de per\u00f3xido: <\/span>\u200b\u200b\u200b<span class=\"s4\">M\u00e1ximo 10% (<\/span><span class=\"s4\">meq<\/span><span class=\"s4\">\/Kg)<\/span><\/p>\n<p class=\"s8\"><span class=\"s4\">\u00cdndice de acidez:<\/span>\u200b\u200b\u200b<span class=\"s4\">M\u00e1ximo 1,0% (<\/span><span class=\"s4\">mgHOH<\/span><span class=\"s4\">\/g) <\/span><\/p>\n<p class=\"s10\"><span class=\"s4\">Solubilidade<\/span><span class=\"s4\">: <\/span>\u200b<span class=\"s4\">Insol\u00favel em \u00e1gua. Sol\u00favel em solventes org\u00e2nicos e parcialmente sol\u00favel em \u00e1lcool 95\u00ba (100% ASTM D-960)<\/span><\/p>\n<p class=\"s8\"><span class=\"s4\">(*) Sujeito a varia\u00e7\u00f5es intr\u00ednsecas de constituintes e pelo processo de envelhecimento. Quaisquer altera\u00e7\u00f5es na(s) caracter\u00edstica(s) especificada(s) reservam-nos o direito de ajust\u00e1-la(s)<\/span><span class=\"s4\">.<\/span><\/p>\n<p class=\"s8\"><span class=\"s4\">(*) Nunca consuma insumos vegetais sem orienta\u00e7\u00e3o e acompanhamento de profissional qualificado. <\/span><\/p>\n<p class=\"s8\"><span class=\"s4\">(**) Produto para uso exclusivamente industrial e cosm\u00e9tico.<\/span><\/p>\n","protected":false},"excerpt":{"rendered":"<p>\u00d3leo extra\u00eddo das sementes da Rosa rubiginosa.<br \/>\nEstimula regenera\u00e7\u00e3o celular, cicatriza\u00e7\u00e3o e clareamento de manchas.<br \/>\nBase nutritiva em formula\u00e7\u00f5es sensoriais.<br \/>\nRegenerador e cicatrizante dermatol\u00f3gico.<\/p>\n","protected":false},"featured_media":2379,"comment_status":"open","ping_status":"closed","template":"","meta":{"_joinchat":[]},"product_brand":[],"product_cat":[55],"product_tag":[56],"class_list":{"0":"post-2100","1":"product","2":"type-product","3":"status-publish","4":"has-post-thumbnail","6":"product_cat-oleo-vegetal","7":"product_tag-vegetal","9":"first","10":"instock","11":"sold-individually","12":"taxable","13":"shipping-taxable","14":"purchasable","15":"product-type-variable"},"_links":{"self":[{"href":"https:\/\/ybibrazil.com\/en\/wp-json\/wp\/v2\/product\/2100","targetHints":{"allow":["GET"]}}],"collection":[{"href":"https:\/\/ybibrazil.com\/en\/wp-json\/wp\/v2\/product"}],"about":[{"href":"https:\/\/ybibrazil.com\/en\/wp-json\/wp\/v2\/types\/product"}],"replies":[{"embeddable":true,"href":"https:\/\/ybibrazil.com\/en\/wp-json\/wp\/v2\/comments?post=2100"}],"wp:featuredmedia":[{"embeddable":true,"href":"https:\/\/ybibrazil.com\/en\/wp-json\/wp\/v2\/media\/2379"}],"wp:attachment":[{"href":"https:\/\/ybibrazil.com\/en\/wp-json\/wp\/v2\/media?parent=2100"}],"wp:term":[{"taxonomy":"product_brand","embeddable":true,"href":"https:\/\/ybibrazil.com\/en\/wp-json\/wp\/v2\/product_brand?post=2100"},{"taxonomy":"product_cat","embeddable":true,"href":"https:\/\/ybibrazil.com\/en\/wp-json\/wp\/v2\/product_cat?post=2100"},{"taxonomy":"product_tag","embeddable":true,"href":"https:\/\/ybibrazil.com\/en\/wp-json\/wp\/v2\/product_tag?post=2100"}],"curies":[{"name":"wp","href":"https:\/\/api.w.org\/{rel}","templated":true}]}}