{"id":2104,"date":"2025-08-10T11:39:04","date_gmt":"2025-08-10T14:39:04","guid":{"rendered":"https:\/\/ybibrazil.com\/?post_type=product&#038;p=2104"},"modified":"2026-04-08T10:43:28","modified_gmt":"2026-04-08T13:43:28","slug":"oleo-de-girassol","status":"publish","type":"product","link":"https:\/\/ybibrazil.com\/en\/product\/oleo-de-girassol\/","title":{"rendered":"OLEO DE GIRASSOL"},"content":{"rendered":"<p>O \u00f3leo de girassol\u00a0possui propriedades anti-inflamat\u00f3rias, com ativos calmantes que reduzem a vermelhid\u00e3o e irrita\u00e7\u00e3o da pele. Al\u00e9m disso, com sua a\u00e7\u00e3o de regenera\u00e7\u00e3o cut\u00e2nea, ele atua na cicatriza\u00e7\u00e3o e reconstru\u00e7\u00e3o dos tecidos que formam as camadas de pele, podendo ser usado em feridas e queimaduras.<\/p>\n<p class=\"s6\"><span class=\"s5\">FICHA T\u00c9CNICA<\/span><\/p>\n<p class=\"s9\"><span class=\"s7\">Nome da Subst\u00e2ncia:<\/span><span class=\"s8\"> \u00d3leo de <\/span><span class=\"s8\">Girassol<\/span><\/p>\n<p class=\"s11\"><span class=\"s7\">Nome Ci<\/span><span class=\"s7\">e<\/span><span class=\"s7\">nt\u00edfico<\/span><span class=\"s7\">:<\/span> <span class=\"s10\">Helianthus annuus<\/span><span class=\"s8\"> L<\/span><\/p>\n<p class=\"s11\"><span class=\"s7\">Composi\u00e7\u00e3o<\/span><span class=\"s8\">: 100%<\/span><\/p>\n<p class=\"s9\"><span class=\"s7\">CAS<\/span><span class=\"s8\">:<\/span> <span class=\"s12\">8001-21-6<\/span><\/p>\n<p class=\"s9\"><span class=\"s7\">INCI<\/span><span class=\"s8\">:<\/span> <span class=\"s8\">HELIANTHUS ANNUUS SEED OIL<\/span><\/p>\n<p class=\"s9\"><span class=\"s13\">NCM:<\/span><span class=\"s12\"> \u00a0<\/span><span class=\"s12\">15159090<\/span><\/p>\n<p class=\"s11\"><span class=\"s5\">Caracter\u00edsticas:<\/span> O \u00d3leo de Girassol \u00e9 extra\u00eddo <span class=\"s8\">por <\/span>prensagem a frio das sementes de <span class=\"s10\">Helianthus annuus<\/span><span class=\"s8\"> L <\/span>e em seguida \u00e9 submetido ao processo de refino e desodoriza\u00e7\u00e3o. Fonte natural de \u00e1cidos graxos essenciais, o \u00d3leo de Girassol possui uma combina\u00e7\u00e3o de monoinsaturados e gorduras poli-insaturadas com baixos n\u00edveis de gordura saturadas. Rico em esteroides especialmente o betasitosterol; \u00e1cidos graxos: linoleico (35-62%), oleico (25 a 42%) e palm\u00edtico (4 a 7%), tamb\u00e9m \u00e9 fonte de vitaminas A, D e E. O alto conte\u00fado de vitamina E torna este \u00f3leo especialmente \u00fatil para a pele delicada e seca pois apresenta a\u00e7\u00e3o emoliente e re-epitelizante.<\/p>\n<p class=\"s15\"><span class=\"s5\">Aplica\u00e7\u00f5es: <\/span>emoliente em cremes, lo\u00e7\u00f5es e s\u00e9runs regeneradores, produtos para preven\u00e7\u00e3o do envelhecimento, prote\u00e7\u00e3o da pele, nutri\u00e7\u00e3o e hidrata\u00e7\u00e3o capilar, produtos para regenera\u00e7\u00e3o da epiderme, e preventivo de les\u00f5es cut\u00e2neas como escaras.<\/p>\n<p class=\"s17\"><span class=\"s5\">Concentra\u00e7\u00e3o de uso:<\/span> 1 a 100 %.<\/p>\n<p class=\"s18\"><span class=\"s5\">CARACTER\u00cdSTICAS <\/span><\/p>\n<table>\n<tbody>\n<tr>\n<td class=\"s19\">\n<div>\n<p class=\"s20\">Apar\u00eancia<\/p>\n<\/div>\n<\/td>\n<td class=\"s19\">\n<div>\n<p class=\"s20\">l\u00edquido oleoso l\u00edmpido<\/p>\n<\/div>\n<\/td>\n<\/tr>\n<tr>\n<td class=\"s19\">\n<div>\n<p class=\"s20\">Cor<\/p>\n<\/div>\n<\/td>\n<td class=\"s19\">\n<div>\n<p class=\"s20\">amarelo p\u00e1lido<\/p>\n<\/div>\n<\/td>\n<\/tr>\n<tr>\n<td class=\"s19\">\n<div>\n<p class=\"s20\">Acidez em mg KOH\/g<\/p>\n<\/div>\n<\/td>\n<td class=\"s19\">\n<div>\n<p class=\"s22\"><span class=\"s21\">&lt; 5,00<\/span><\/p>\n<\/div>\n<\/td>\n<\/tr>\n<tr>\n<td class=\"s19\">\n<div>\n<p class=\"s20\">Per\u00f3xidos (meq\/Kg)<\/p>\n<\/div>\n<\/td>\n<td class=\"s19\">\n<div>\n<p class=\"s20\"><span class=\"s8\">&lt; 10,00<\/span><\/p>\n<\/div>\n<\/td>\n<\/tr>\n<tr>\n<td class=\"s19\">\n<div>\n<p class=\"s20\">Umidade (%)<\/p>\n<\/div>\n<\/td>\n<td class=\"s19\">\n<div>\n<p class=\"s20\"><span class=\"s8\">Max 0,5% \u00a0<\/span><\/p>\n<\/div>\n<\/td>\n<\/tr>\n<\/tbody>\n<\/table>\n<p class=\"s25\"><span class=\"s24\">ARMAZENAMENTO:<\/span><span class=\"s21\"> \u00a0Armazenar em local fresco e arejado ao abrigo da luz, \u00e0 temperatura constante preferencialmente ambiente. <\/span><span class=\"s21\">Temperatura recomendada para armazenagem \u00e9 de 2<\/span><span class=\"s21\">2<\/span><span class=\"s21\">\u00b0C <\/span><span class=\"s21\">\u00b1<\/span><span class=\"s21\">2<\/span><span class=\"s21\">\u00b0C.<\/span><\/p>\n","protected":false},"excerpt":{"rendered":"<p>\u00d3leo vegetal extra\u00eddo das sementes de girassol.<br \/>\nHidratante leve, usado em lo\u00e7\u00f5es e cremes corporais.<br \/>\nBase neutra em aromaterapia.<\/p>\n","protected":false},"featured_media":2406,"comment_status":"open","ping_status":"closed","template":"","meta":{"_joinchat":[]},"product_brand":[],"product_cat":[55],"product_tag":[56],"class_list":{"0":"post-2104","1":"product","2":"type-product","3":"status-publish","4":"has-post-thumbnail","6":"product_cat-oleo-vegetal","7":"product_tag-vegetal","9":"first","10":"instock","11":"sold-individually","12":"taxable","13":"shipping-taxable","14":"purchasable","15":"product-type-variable"},"_links":{"self":[{"href":"https:\/\/ybibrazil.com\/en\/wp-json\/wp\/v2\/product\/2104","targetHints":{"allow":["GET"]}}],"collection":[{"href":"https:\/\/ybibrazil.com\/en\/wp-json\/wp\/v2\/product"}],"about":[{"href":"https:\/\/ybibrazil.com\/en\/wp-json\/wp\/v2\/types\/product"}],"replies":[{"embeddable":true,"href":"https:\/\/ybibrazil.com\/en\/wp-json\/wp\/v2\/comments?post=2104"}],"wp:featuredmedia":[{"embeddable":true,"href":"https:\/\/ybibrazil.com\/en\/wp-json\/wp\/v2\/media\/2406"}],"wp:attachment":[{"href":"https:\/\/ybibrazil.com\/en\/wp-json\/wp\/v2\/media?parent=2104"}],"wp:term":[{"taxonomy":"product_brand","embeddable":true,"href":"https:\/\/ybibrazil.com\/en\/wp-json\/wp\/v2\/product_brand?post=2104"},{"taxonomy":"product_cat","embeddable":true,"href":"https:\/\/ybibrazil.com\/en\/wp-json\/wp\/v2\/product_cat?post=2104"},{"taxonomy":"product_tag","embeddable":true,"href":"https:\/\/ybibrazil.com\/en\/wp-json\/wp\/v2\/product_tag?post=2104"}],"curies":[{"name":"wp","href":"https:\/\/api.w.org\/{rel}","templated":true}]}}