{"id":2106,"date":"2025-08-10T11:39:05","date_gmt":"2025-08-10T14:39:05","guid":{"rendered":"https:\/\/ybibrazil.com\/?post_type=product&#038;p=2106"},"modified":"2025-11-19T13:59:48","modified_gmt":"2025-11-19T16:59:48","slug":"oleo-de-pracaxi","status":"publish","type":"product","link":"https:\/\/ybibrazil.com\/en\/product\/oleo-de-pracaxi\/","title":{"rendered":"OLEO DE PRACAXI"},"content":{"rendered":"<p>\u00d3leo de Pracaxi \u00e9 extra\u00eddo das sementes da \u00e1rvore Pentaclethra macroloba (Wild. Kuntze), nativa da Amaz\u00f4nia. Este \u00f3leo possui uma das concentra\u00e7\u00f5es naturais mais altas de \u00e1cido be\u00eanico, que \u00e9 um \u00e1cido graxo que forma uma barreira protetora na pele e cabelos e age minimizando os danos causados pela polui\u00e7\u00e3o, vento e frio. Tamb\u00e9m \u00e9 rico em \u00e1cidos graxos poli-insaturados, como o oleico (\u00f4mega 9) e linoleico (\u00f4mega 6), que conferem emoli\u00eancia e contribuem para restaura\u00e7\u00e3o e fortalecimento da pele e cabelos.<\/p>\n<p class=\"s7\"><span class=\"s5\">FICHA T\u00c9CNICA<\/span><\/p>\n<p class=\"s10\"><span class=\"s9\">Nome da Subst\u00e2ncia:<\/span> \u00d3leo de Pracaxi<\/p>\n<p class=\"s10\"><span class=\"s9\">Composi\u00e7\u00e3o<\/span>: 100%<\/p>\n<p class=\"s10\"><span class=\"s9\">CAS<\/span>: <span class=\"s11\">866620-18-0<\/span><\/p>\n<p class=\"s10\"><span class=\"s9\">INCI<\/span>: <span class=\"s12\">Pentaclethra<\/span> <span class=\"s12\">macroloba<\/span> <span class=\"s12\">seed<\/span> <span class=\"s12\">oil<\/span><\/p>\n<p class=\"s15\"><span class=\"s9\">Caracter\u00edsticas: <\/span>\u00d3leo de Pracaxi \u00e9 extra\u00eddo das sementes da \u00e1rvore <span class=\"s14\">Pentaclethra<\/span><span class=\"s14\">macroloba<\/span> (Wild. Kuntze), nativa da Amaz\u00f4nia. Este \u00f3leo possui uma das concentra\u00e7\u00f5es naturais mais altas de \u00e1cido be\u00eanico, que \u00e9 um \u00e1cido graxo que forma uma barreira protetora na pele e cabelos e age minimizando os danos causados pela polui\u00e7\u00e3o, vento e frio. Tamb\u00e9m \u00e9 rico em \u00e1cidos graxos poli-insaturados, como o oleico (\u00f4mega 9) e linoleico (\u00f4mega 6), que conferem emoli\u00eancia e contribuem para restaura\u00e7\u00e3o e fortalecimento da pele e cabelos.<a name=\"_GoBack\"><\/a><\/p>\n<p class=\"s15\"><span class=\"s9\">Aplica\u00e7\u00f5es:<\/span><\/p>\n<p class=\"s16\">Formula\u00e7\u00f5es de cuidados da pele destinadas a combater os danos causados por polui\u00e7\u00e3o e fatores clim\u00e1ticos, formula\u00e7\u00f5es que previnem os sinais do envelhecimento da pele. Pode ser usado para tratar dist\u00farbios do couro cabeludo e \u00e9 especialmente indicado para cuidado e nutri\u00e7\u00e3o dos cabelos. Pode ser usado em lo\u00e7\u00f5es, cremes, m\u00e1scaras de tratamento, t\u00f4nicos, \u00f3leo de massagem. Pode ainda ser utilizado em produtos de cuidado da barba com a finalidade de conferir maciez e brilho.<\/p>\n<p class=\"s15\"><span class=\"s9\">Concentra\u00e7\u00e3o de uso:<\/span><span class=\"s9\"> \u00a0<\/span>1 a 10% em formula\u00e7\u00f5es cosm\u00e9ticas. Em aromaterapia pode ser usado sozinho ou em associa\u00e7\u00e3o com outros \u00f3leos vegetais ou sint\u00e9ticos.<\/p>\n<p class=\"s18\"><span class=\"s17\">CARACTER\u00cdSTICAS FISICO QU\u00cdMICAS<\/span><\/p>\n<table>\n<tbody>\n<tr>\n<td class=\"s19\">\n<div>\n<p class=\"s20\"><span class=\"s11\">Apar\u00eancia<\/span><\/p>\n<\/div>\n<\/td>\n<td class=\"s19\">\n<div>\n<p class=\"s20\"><span class=\"s11\">Liquido transparente<\/span><\/p>\n<\/div>\n<\/td>\n<\/tr>\n<tr>\n<td class=\"s19\">\n<div>\n<p class=\"s20\"><span class=\"s11\">Cor<\/span><\/p>\n<\/div>\n<\/td>\n<td class=\"s19\">\n<div>\n<p class=\"s20\"><span class=\"s11\">De amarelo a <\/span><span class=\"s11\">castanho dourado<\/span><\/p>\n<\/div>\n<\/td>\n<\/tr>\n<tr>\n<td class=\"s19\">\n<div>\n<p class=\"s20\"><span class=\"s11\">Odor<\/span><\/p>\n<\/div>\n<\/td>\n<td class=\"s19\">\n<div>\n<p class=\"s20\"><span class=\"s11\">Caracter\u00edstico<\/span><\/p>\n<\/div>\n<\/td>\n<\/tr>\n<tr>\n<td class=\"s19\">\n<div>\n<p class=\"s20\"><span class=\"s11\">Densidade a <\/span><span class=\"s11\">4<\/span><span class=\"s11\">0\u00b0C<\/span><\/p>\n<\/div>\n<\/td>\n<td class=\"s19\">\n<div>\n<p class=\"s20\"><span class=\"s11\">0<\/span><span class=\"s11\">,<\/span><span class=\"s11\">890 \u2013 0<\/span><span class=\"s11\">,<\/span><span class=\"s11\">920<\/span><\/p>\n<\/div>\n<\/td>\n<\/tr>\n<tr>\n<td class=\"s19\">\n<div>\n<p class=\"s20\"><span class=\"s11\">\u00cdndice de Iodo <\/span><span class=\"s11\">cgl<\/span><span class=\"s11\">\/g<\/span><\/p>\n<\/div>\n<\/td>\n<td class=\"s19\">\n<div>\n<p class=\"s20\"><span class=\"s11\">70<\/span><span class=\"s11\">,<\/span><span class=\"s11\">0 <\/span><span class=\"s11\">\u2013<\/span><span class=\"s11\"> 160<\/span><span class=\"s11\">,<\/span><span class=\"s11\">0<\/span><\/p>\n<\/div>\n<\/td>\n<\/tr>\n<tr>\n<td class=\"s19\">\n<div>\n<p class=\"s20\"><span class=\"s11\">\u00cdndice de Saponifica\u00e7\u00e3o (<\/span><span class=\"s11\">mgKOH<\/span><span class=\"s11\">\/g)<\/span><\/p>\n<\/div>\n<\/td>\n<td class=\"s19\">\n<div>\n<p class=\"s20\"><span class=\"s11\">150<\/span><span class=\"s11\">,<\/span><span class=\"s11\">0 \u2013 210<\/span><span class=\"s11\">,<\/span><span class=\"s11\">0<\/span><\/p>\n<\/div>\n<\/td>\n<\/tr>\n<tr>\n<td class=\"s19\">\n<div>\n<p class=\"s20\"><span class=\"s11\">\u00cdndice de Acidez (<\/span><span class=\"s11\">mgKOH<\/span><span class=\"s11\">\/g)<\/span><\/p>\n<\/div>\n<\/td>\n<td class=\"s19\">\n<div>\n<p class=\"s20\"><span class=\"s11\">&lt;<\/span> <span class=\"s11\">20<\/span><span class=\"s11\">,<\/span><span class=\"s11\">0<\/span><\/p>\n<\/div>\n<\/td>\n<\/tr>\n<tr>\n<td class=\"s19\">\n<div>\n<p class=\"s20\"><span class=\"s11\">\u00cdndice de Per\u00f3xido (<\/span><span class=\"s11\">meq<\/span><span class=\"s11\">\/Kg)<\/span><\/p>\n<\/div>\n<\/td>\n<td class=\"s19\">\n<div>\n<p class=\"s20\"><span class=\"s11\">&lt;<\/span> <span class=\"s11\">30<\/span><span class=\"s11\">,<\/span><span class=\"s11\">0<\/span><\/p>\n<\/div>\n<\/td>\n<\/tr>\n<tr>\n<td class=\"s19\">\n<div>\n<p class=\"s20\"><span class=\"s11\">\u00cdndice de<\/span><span class=\"s11\"> Refra\u00e7\u00e3o <\/span><span class=\"s11\">a <\/span><span class=\"s11\">2<\/span><span class=\"s11\">0\u00b0C<\/span><\/p>\n<\/div>\n<\/td>\n<td class=\"s19\">\n<div>\n<p class=\"s20\"><span class=\"s11\">1<\/span><span class=\"s11\">,<\/span><span class=\"s11\">4000<\/span><span class=\"s11\"> \u2013<\/span><span class=\"s11\"> 1<\/span><span class=\"s11\">,<\/span><span class=\"s11\">4700<\/span><\/p>\n<\/div>\n<\/td>\n<\/tr>\n<\/tbody>\n<\/table>\n<p class=\"s22\"><span class=\"s17\">Armazenamento<\/span><span class=\"s17\">:<\/span><span class=\"s11\"> \u00a0Armazenar em local fresco e arejado ao abrigo da luz, \u00e0 temperatura constante preferencialmente ambiente.<\/span><\/p>\n<p class=\"s23\"><span class=\"s24\">Referencias: <\/span><\/p>\n<p class=\"s28\"><span class=\"s26\">&#8211; <\/span><span class=\"s26\">XIMANGO, <\/span><span class=\"s26\">Patricia<\/span><span class=\"s26\"> Braz et al. <\/span><span class=\"s26\">Preparation and characterization of patau\u00e1 and <\/span><span class=\"s26\">pracaxi<\/span><span class=\"s26\">Brazilian vegetable oil emulsions.\u00a0<\/span><span class=\"s27\">Journal<\/span> <span class=\"s27\">of<\/span> <span class=\"s27\">Dispersion<\/span><span class=\"s27\"> Science <\/span><span class=\"s27\">and<\/span><span class=\"s27\"> Technology<\/span><span class=\"s26\">, p. 1-11, 2022.<\/span><\/p>\n<p class=\"s28\">&#8211; <span class=\"s26\">BEZERRA, Carolina Vieira et al. <\/span><span class=\"s26\">Technological properties of <\/span><span class=\"s26\">amazonian<\/span><span class=\"s26\"> oils and fats and their applications in the food industry.\u00a0<\/span><span class=\"s27\">Food<\/span> <span class=\"s27\">chemistry<\/span><span class=\"s26\">, v. 221, p. 1466-1473, 2017.<\/span><\/p>\n<p class=\"s16\">&#8211; BANOV, Daniel; BANOV, Fabiana; BASSANI, August S. Case series: the effectiveness of fatty acids from pracaxi oil in a topical silicone base for scar and wound therapy. Dermatology and therapy, v. 4, n. 2, p. 259-269, 2014.<\/p>\n<p class=\"s16\">&#8211; DOS SANTOS COSTA, Marina N\u00eddia Ferreira et al. Characterization of Pentaclethramacroloba oil. Journal of Thermal Analysis and Calorimetry, v. 115, n. 3, p. 2269-2275, 2014.<\/p>\n","protected":false},"excerpt":{"rendered":"<p>\u00d3leo extra\u00eddo das sementes do pracaxi.<br \/>\nPromove hidrata\u00e7\u00e3o e brilho capilar. Usado em cosm\u00e9ticos para cicatrizes.<br \/>\nBase nutritiva em massagens.<br \/>\nRegenerador e clareador de manchas.<\/p>\n","protected":false},"featured_media":2316,"comment_status":"open","ping_status":"closed","template":"","meta":{"_joinchat":[]},"product_brand":[],"product_cat":[55],"product_tag":[56],"class_list":{"0":"post-2106","1":"product","2":"type-product","3":"status-publish","4":"has-post-thumbnail","6":"product_cat-oleo-vegetal","7":"product_tag-vegetal","9":"first","10":"instock","11":"sold-individually","12":"taxable","13":"shipping-taxable","14":"purchasable","15":"product-type-variable"},"_links":{"self":[{"href":"https:\/\/ybibrazil.com\/en\/wp-json\/wp\/v2\/product\/2106","targetHints":{"allow":["GET"]}}],"collection":[{"href":"https:\/\/ybibrazil.com\/en\/wp-json\/wp\/v2\/product"}],"about":[{"href":"https:\/\/ybibrazil.com\/en\/wp-json\/wp\/v2\/types\/product"}],"replies":[{"embeddable":true,"href":"https:\/\/ybibrazil.com\/en\/wp-json\/wp\/v2\/comments?post=2106"}],"wp:featuredmedia":[{"embeddable":true,"href":"https:\/\/ybibrazil.com\/en\/wp-json\/wp\/v2\/media\/2316"}],"wp:attachment":[{"href":"https:\/\/ybibrazil.com\/en\/wp-json\/wp\/v2\/media?parent=2106"}],"wp:term":[{"taxonomy":"product_brand","embeddable":true,"href":"https:\/\/ybibrazil.com\/en\/wp-json\/wp\/v2\/product_brand?post=2106"},{"taxonomy":"product_cat","embeddable":true,"href":"https:\/\/ybibrazil.com\/en\/wp-json\/wp\/v2\/product_cat?post=2106"},{"taxonomy":"product_tag","embeddable":true,"href":"https:\/\/ybibrazil.com\/en\/wp-json\/wp\/v2\/product_tag?post=2106"}],"curies":[{"name":"wp","href":"https:\/\/api.w.org\/{rel}","templated":true}]}}