{"id":2108,"date":"2025-08-10T11:39:05","date_gmt":"2025-08-10T14:39:05","guid":{"rendered":"https:\/\/ybibrazil.com\/?post_type=product&#038;p=2108"},"modified":"2026-02-04T20:17:14","modified_gmt":"2026-02-04T23:17:14","slug":"oleo-de-coco-babacu","status":"publish","type":"product","link":"https:\/\/ybibrazil.com\/en\/product\/oleo-de-coco-babacu\/","title":{"rendered":"OLEO DE COCO BABA\u00c7U"},"content":{"rendered":"<p>Baba\u00e7u \u00e9 o nome gen\u00e9rico dado \u00e0s palmeiras oleaginosas pertencentes \u00e0 fam\u00edlia Palmaceae e integrantes dos g\u00eaneros Attalea e Orbignya. O segundo g\u00eanero inclui esp\u00e9cies predominantemente nativas da regi\u00e3o norte do Brasil (Maranh\u00e3o, Piau\u00ed, Par\u00e1 e Tocantins), tais como: Orbignya phalerata Martins, Orbignya oleifera, Orbignya teixeirana e Orbignya microcarpa Martins. Apesar de Orbignya phalerata ser a esp\u00e9cie de maior distribui\u00e7\u00e3o, a esp\u00e9cie Orbignya oleifera produz maior quantidade de frutos sendo, portanto, maior a extra\u00e7\u00e3o de \u00f3leo.<br \/>\nO \u00f3leo de baba\u00e7u \u00e9 rico em \u00e1cido l\u00e1urico, com concentra\u00e7\u00e3o acima de 40,0%. Os \u00f3leos vegetais que possuem alta concentra\u00e7\u00e3o de \u00e1cido l\u00e1urico s\u00e3o apreciados pela ind\u00fastria por serem resistentes \u00e0 oxida\u00e7\u00e3o n\u00e3o enzim\u00e1tica. No Brasil, o Baba\u00e7u \u00e9 uma das principais fontes de \u00e1cido l\u00e1urico, mas a import\u00e2ncia cosmetol\u00f3gica deste \u00f3leo tamb\u00e9m se deve \u00e0 presen\u00e7a de compostos, como os \u00e1cidos mir\u00edstico, palm\u00edtico e oleico, que garantem a\u00e7\u00e3o emoliente e pode ser utilizado em v\u00e1rias formula\u00e7\u00f5es para o cuidado da pele e cabelos.<\/p>\n<p class=\"s9\"><span class=\"s8\">Substance<\/span> <span class=\"s8\">Name<\/span><span class=\"s8\">: BABASSU OIL<\/span><\/p>\n<p class=\"s9\"><span class=\"s8\">Composition<\/span><span class=\"s8\">: 100%<\/span><\/p>\n<p class=\"s10\"><span class=\"s8\">CAS<\/span>: 91078-92-1<\/p>\n<p class=\"s10\"><span class=\"s11\">INCI Name: <\/span><span class=\"s12\">ORBIGNYA OLEIFERA SEED OIL<\/span><\/p>\n<p class=\"s14\"><span class=\"s13\">Characteristics<\/span><span class=\"s13\">: <\/span><span class=\"s13\">Babassu<\/span> <span class=\"s13\">coconut<\/span> <span class=\"s13\">oil<\/span><span class=\"s13\"> (<\/span><span class=\"s13\">Orbignya<\/span> <span class=\"s13\">oleifera<\/span><span class=\"s13\">) <\/span><span class=\"s13\">is<\/span><span class=\"s13\"> similar <\/span><span class=\"s13\">to<\/span> <span class=\"s13\">palm<\/span> <span class=\"s13\">oil<\/span> <span class=\"s13\">\u2013<\/span> <span class=\"s13\">both<\/span> <span class=\"s13\">with<\/span><span class=\"s13\"> a high <\/span><span class=\"s13\">lauric<\/span> <span class=\"s13\">oil<\/span> <span class=\"s13\">content<\/span><span class=\"s13\">. It <\/span><span class=\"s13\">is<\/span><span class=\"s13\"> a <\/span><span class=\"s13\">very<\/span> <span class=\"s13\">stable<\/span> <span class=\"s13\">oil<\/span> <span class=\"s13\">at<\/span><span class=\"s13\"> high <\/span><span class=\"s13\">temperatures<\/span> <span class=\"s13\">and<\/span> <span class=\"s13\">can<\/span> <span class=\"s13\">be<\/span> <span class=\"s13\">used<\/span><span class=\"s13\"> in <\/span><span class=\"s13\">cooking<\/span> <span class=\"s13\">and<\/span><span class=\"s13\">frying<\/span><span class=\"s13\">. <\/span><span class=\"s13\">Among<\/span> <span class=\"s13\">all<\/span> <span class=\"s13\">vegetable<\/span> <span class=\"s13\">oils<\/span><span class=\"s13\">, <\/span><span class=\"s13\">babassu<\/span> <span class=\"s13\">oil<\/span> <span class=\"s13\">has<\/span> <span class=\"s13\">the<\/span> <span class=\"s13\">highest<\/span> <span class=\"s13\">saponification<\/span><span class=\"s13\"> index, <\/span><span class=\"s13\">making<\/span><span class=\"s13\"> it <\/span><span class=\"s13\">very<\/span><span class=\"s13\">suitable<\/span><span class=\"s13\"> for <\/span><span class=\"s13\">making<\/span> <span class=\"s13\">soap<\/span><span class=\"s13\"> as a <\/span><span class=\"s13\">substitute<\/span><span class=\"s13\"> for animal <\/span><span class=\"s13\">fats<\/span> <span class=\"s13\">and<\/span><span class=\"s13\"> for <\/span><span class=\"s13\">preparing<\/span> <span class=\"s13\">creamy<\/span> <span class=\"s13\">ointments<\/span><span class=\"s13\">.<\/span><\/p>\n<p class=\"s15\"><span class=\"s13\">It <\/span><span class=\"s13\">is<\/span> <span class=\"s13\">important<\/span> <span class=\"s13\">to<\/span><span class=\"s13\"> note <\/span><span class=\"s13\">that<\/span> <span class=\"s13\">lauric<\/span> <span class=\"s13\">acid<\/span> <span class=\"s13\">is<\/span> <span class=\"s13\">attributed<\/span> <span class=\"s13\">an<\/span> <span class=\"s13\">antimicrobial<\/span> <span class=\"s13\">effect<\/span><span class=\"s13\">. The <\/span><span class=\"s13\">cosmetics<\/span><span class=\"s13\">industry<\/span><span class=\"s13\">, <\/span><span class=\"s13\">therefore<\/span><span class=\"s13\">, uses <\/span><span class=\"s13\">babassu<\/span> <span class=\"s13\">oil<\/span> <span class=\"s13\">not<\/span> <span class=\"s13\">only<\/span><span class=\"s13\"> for <\/span><span class=\"s13\">dry<\/span> <span class=\"s13\">and<\/span> <span class=\"s13\">rough<\/span> <span class=\"s13\">skin<\/span><span class=\"s13\">, <\/span><span class=\"s13\">but<\/span> <span class=\"s13\">also<\/span><span class=\"s13\"> for <\/span><span class=\"s13\">oily<\/span> <span class=\"s13\">and<\/span><span class=\"s13\">inflamed<\/span> <span class=\"s13\">skin<\/span><span class=\"s13\">, as <\/span><span class=\"s13\">well<\/span><span class=\"s13\"> as <\/span><span class=\"s13\">as<\/span><span class=\"s13\"> a <\/span><span class=\"s13\">cooling<\/span> <span class=\"s13\">component<\/span><span class=\"s13\"> for <\/span><span class=\"s13\">skin<\/span> <span class=\"s13\">with<\/span> <span class=\"s13\">atopic<\/span> <span class=\"s13\">dermatitis<\/span> <span class=\"s13\">and<\/span> <span class=\"s13\">itching<\/span><span class=\"s13\">. <\/span><span class=\"s13\">Highly<\/span> <span class=\"s13\">recommended<\/span><span class=\"s13\"> for <\/span><span class=\"s13\">massage<\/span> <span class=\"s13\">oils<\/span><span class=\"s13\">.<\/span><\/p>\n<table>\n<tbody>\n<tr>\n<td class=\"s16\">\n<div>\n<p class=\"s17\">Organoleptic<\/p>\n<p class=\"s17\">specifications<\/p>\n<\/div>\n<\/td>\n<td class=\"s18\">\n<div>\n<p class=\"s17\"><span class=\"s11\">A<\/span><span class=\"s11\">ppearance<\/span><span class=\"s11\">a<\/span><span class=\"s11\">:\u00a0<\/span><\/p>\n<\/div>\n<\/td>\n<td class=\"s18\">\n<div>\n<p class=\"s20\">Viscous liquid tending to pasty solid<span class=\"s12\">\u00a0<\/span><\/p>\n<\/div>\n<\/td>\n<\/tr>\n<tr>\n<td class=\"s21\">\n<div>\n<p class=\"s17\">\n<\/div>\n<\/td>\n<td class=\"s22\">\n<div>\n<p class=\"s23\"><span class=\"s11\">Co<\/span><span class=\"s11\">lor<\/span><span class=\"s11\">:\u00a0<\/span><\/p>\n<\/div>\n<\/td>\n<td class=\"s22\">\n<div>\n<p class=\"s17\">From slightly yellowish to pasty white<\/p>\n<\/div>\n<\/td>\n<\/tr>\n<tr>\n<td class=\"s24\">\n<div>\n<p class=\"s17\">\n<\/div>\n<\/td>\n<td class=\"s22\">\n<div>\n<p class=\"s19\"><span class=\"s11\">Odor:<\/span><\/p>\n<\/div>\n<\/td>\n<td class=\"s22\">\n<div>\n<p class=\"s19\"><span class=\"s12\">Characteristic<\/span><\/p>\n<\/div>\n<\/td>\n<\/tr>\n<\/tbody>\n<\/table>\n<table>\n<tbody>\n<tr>\n<td class=\"s26\">\n<div>\n<p class=\"s17\"><span class=\"s11\">Physical-Chemical<\/span><span class=\"s11\">Specifications<\/span><\/p>\n<\/div>\n<\/td>\n<td class=\"s27\">\n<div>\n<p class=\"s17\"><span class=\"s11\">Acidity<\/span><span class=\"s11\"> Index (<\/span><span class=\"s11\">mgKOH<\/span><span class=\"s11\">\/g) <\/span><span class=\"s11\">Reference<\/span><\/p>\n<\/div>\n<\/td>\n<td class=\"s27\">\n<div>\n<p class=\"s28\"><span class=\"s11\">reference<\/span><span class=\"s11\">:<\/span><\/p>\n<p class=\"s4\"><span class=\"s12\">&lt;<\/span><span class=\"s12\">1<\/span><span class=\"s12\">,0<\/span><\/p>\n<\/div>\n<\/td>\n<\/tr>\n<tr>\n<td class=\"s29\">\n<div>\n<p class=\"s23\">\n<\/div>\n<\/td>\n<td class=\"s30\">\n<div>\n<p class=\"s17\"><span class=\"s11\">Peroxide Index <\/span><span class=\"s11\">(<\/span><span class=\"s11\">meq<\/span><span class=\"s11\">\/Kg)<\/span><\/p>\n<\/div>\n<\/td>\n<td class=\"s30\">\n<div>\n<p class=\"s4\"><span class=\"s12\">&lt;<\/span><span class=\"s12\">15<\/span><span class=\"s12\">,0<\/span><\/p>\n<p class=\"s28\">\n<\/div>\n<\/td>\n<\/tr>\n<tr>\n<td class=\"s29\">\n<div>\n<p class=\"s23\">\n<\/div>\n<\/td>\n<td class=\"s30\">\n<div>\n<p class=\"s23\"><span class=\"s11\">Density<\/span><span class=\"s11\"> 20\u00ba<\/span><span class=\"s11\"> C <\/span><span class=\"s11\">(g\/cm<\/span><span class=\"s31\">3<\/span><span class=\"s11\">)<\/span><\/p>\n<\/div>\n<\/td>\n<td class=\"s30\">\n<div>\n<p class=\"s32\"><span class=\"s12\">0,90 &#8211; 0,91<\/span><\/p>\n<\/div>\n<\/td>\n<\/tr>\n<tr>\n<td class=\"s29\">\n<div>\n<p class=\"s23\">\n<\/div>\n<\/td>\n<td class=\"s30\">\n<div>\n<p class=\"s23\"><span class=\"s11\">Moisture<\/span><span class=\"s11\"> (%)<\/span><\/p>\n<\/div>\n<\/td>\n<td class=\"s30\">\n<div>\n<p class=\"s32\"><span class=\"s12\">Max. 0,1<\/span><\/p>\n<\/div>\n<\/td>\n<\/tr>\n<tr>\n<td class=\"s33\">\n<div>\n<p class=\"s23\">\n<\/div>\n<\/td>\n<td class=\"s30\">\n<div>\n<p class=\"s23\"><span class=\"s11\">Solubility<\/span><\/p>\n<\/div>\n<\/td>\n<td class=\"s30\">\n<div>\n<p class=\"s32\"><span class=\"s12\">Solubility<\/span> <span class=\"s12\">Insoluble<\/span><span class=\"s12\"> in <\/span><span class=\"s12\">water<\/span><span class=\"s12\">, <\/span><span class=\"s12\">partially<\/span> <span class=\"s12\">soluble<\/span><span class=\"s12\"> in <\/span><span class=\"s12\">alcohol<\/span><span class=\"s12\">, <\/span><span class=\"s12\">miscible<\/span><span class=\"s12\"> in <\/span><span class=\"s12\">petroleum<\/span> <span class=\"s12\">solvents<\/span><\/p>\n<\/div>\n<\/td>\n<\/tr>\n<\/tbody>\n<\/table>\n<p class=\"s36\"><span class=\"s34\">STORAGE:<\/span> <span class=\"s35\">Store<\/span><span class=\"s35\"> in a cool, <\/span><span class=\"s35\">airy<\/span> <span class=\"s35\">place<\/span> <span class=\"s35\">away<\/span> <span class=\"s35\">from<\/span><span class=\"s35\"> light, <\/span><span class=\"s35\">at<\/span><span class=\"s35\"> a <\/span><span class=\"s35\">constant<\/span> <span class=\"s35\">temperature<\/span><span class=\"s35\">, <\/span><span class=\"s35\">preferably<\/span><span class=\"s35\">room<\/span> <span class=\"s35\">temperature<\/span><span class=\"s35\">. <\/span><span class=\"s35\">Recommended<\/span> <span class=\"s35\">storage<\/span> <span class=\"s35\">t<\/span><a name=\"_GoBack\"><\/a><span class=\"s35\">emperature<\/span> <span class=\"s35\">is<\/span><span class=\"s35\"> 25\u00b0C <\/span><span class=\"s35\">to<\/span><span class=\"s35\"> 30\u00b0C.<\/span><\/p>\n","protected":false},"excerpt":{"rendered":"<p>\u00d3leo extra\u00eddo das sementes do baba\u00e7u.<br \/>\nUsado em sabonetes, lo\u00e7\u00f5es e produtos capilares.<br \/>\nemoliente suave<\/p>\n","protected":false},"featured_media":2334,"comment_status":"open","ping_status":"closed","template":"","meta":{"_joinchat":[]},"product_brand":[],"product_cat":[55],"product_tag":[56],"class_list":{"0":"post-2108","1":"product","2":"type-product","3":"status-publish","4":"has-post-thumbnail","6":"product_cat-oleo-vegetal","7":"product_tag-vegetal","9":"first","10":"instock","11":"sold-individually","12":"taxable","13":"shipping-taxable","14":"purchasable","15":"product-type-variable"},"_links":{"self":[{"href":"https:\/\/ybibrazil.com\/en\/wp-json\/wp\/v2\/product\/2108","targetHints":{"allow":["GET"]}}],"collection":[{"href":"https:\/\/ybibrazil.com\/en\/wp-json\/wp\/v2\/product"}],"about":[{"href":"https:\/\/ybibrazil.com\/en\/wp-json\/wp\/v2\/types\/product"}],"replies":[{"embeddable":true,"href":"https:\/\/ybibrazil.com\/en\/wp-json\/wp\/v2\/comments?post=2108"}],"wp:featuredmedia":[{"embeddable":true,"href":"https:\/\/ybibrazil.com\/en\/wp-json\/wp\/v2\/media\/2334"}],"wp:attachment":[{"href":"https:\/\/ybibrazil.com\/en\/wp-json\/wp\/v2\/media?parent=2108"}],"wp:term":[{"taxonomy":"product_brand","embeddable":true,"href":"https:\/\/ybibrazil.com\/en\/wp-json\/wp\/v2\/product_brand?post=2108"},{"taxonomy":"product_cat","embeddable":true,"href":"https:\/\/ybibrazil.com\/en\/wp-json\/wp\/v2\/product_cat?post=2108"},{"taxonomy":"product_tag","embeddable":true,"href":"https:\/\/ybibrazil.com\/en\/wp-json\/wp\/v2\/product_tag?post=2108"}],"curies":[{"name":"wp","href":"https:\/\/api.w.org\/{rel}","templated":true}]}}