{"id":2109,"date":"2025-08-10T11:39:05","date_gmt":"2025-08-10T14:39:05","guid":{"rendered":"https:\/\/ybibrazil.com\/?post_type=product&#038;p=2109"},"modified":"2025-11-19T14:02:46","modified_gmt":"2025-11-19T17:02:46","slug":"oleo-de-buriti","status":"publish","type":"product","link":"https:\/\/ybibrazil.com\/en\/product\/oleo-de-buriti\/","title":{"rendered":"OLEO DE BURITI"},"content":{"rendered":"<p>O \u00d3leo de Buriti \u00e9 um \u00f3leo avermelhado, extra\u00eddo da polpa do fruto da \u00e1rvore Mauritia Flexuosa. O nome Buriti vem do Tupi Guarani. Buriti na l\u00edngua ind\u00edgena significa \u201c\u00e1rvore que emite l\u00edquido\u201d ou \u201c\u00e1rvore da vida\u201d. como uma das mais ricas fontes de provitamina A, com alta concentra\u00e7\u00e3o de tocofer\u00f3is, excelente atividade antioxidante e alta estabilidade oxidativa, bloqueia a peroxida\u00e7\u00e3o da camada lip\u00eddica, evitando a produ\u00e7\u00e3o de radicais livres. Lubrifica a pele e regenera a barreira hidrolip\u00eddica frequentemente submetida a agress\u00f5es. Ajuda a aumentar a elasticidade e reduz o ressecamento da pele atuando na preven\u00e7\u00e3o e tratamento dos danos causados pela radia\u00e7\u00e3o solar.<\/p>\n<p class=\"s6\"><span class=\"s5\">FICHA T\u00c9CNICA<\/span><\/p>\n<p class=\"s9\"><span class=\"s8\">Nome da Subst\u00e2ncia:<\/span> \u00d3leo de Buriti<a name=\"_GoBack\"><\/a><\/p>\n<p class=\"s9\"><span class=\"s8\">Composi\u00e7\u00e3o<\/span>: 100%.<\/p>\n<p class=\"s9\"><span class=\"s8\">CAS<\/span>: 394239-67-9<\/p>\n<p class=\"s9\"><span class=\"s8\">INCI<\/span>: <span class=\"s10\">Mauritia<\/span><span class=\"s10\"> flexuosa<\/span> fruit oil<\/p>\n<p class=\"s12\"><span class=\"s8\">Caracter\u00edsticas: <\/span>O nome Buriti vem do Tupi Guarani. Buriti na l\u00edngua indiana significa &#8220;\u00e1rvore que emite l\u00edquido&#8221; ou &#8220;\u00e1rvore da vida&#8221;. Considerado sagrado pelos \u00edndios por providenciar tudo o que \u00e9 necess\u00e1rio para a sobreviv\u00eancia; abrigo, comida e objetos.<\/p>\n<p class=\"s12\">O \u00d3leo de Buriti \u00e9 um \u00f3leo avermelhado, extra\u00eddo da polpa do fruto da \u00e1rvore <span class=\"s10\">Mauritia<\/span><span class=\"s10\">Flexuosa<\/span>. O nome Buriti vem do Tupi Guarani. Buriti na l\u00edngua ind\u00edgena significa \u201c\u00e1rvore que emite l\u00edquido\u201d ou \u201c\u00e1rvore da vida\u201d. como uma das mais ricas fontes de provitamina A, com alta concentra\u00e7\u00e3o de tocofer\u00f3is, excelente atividade antioxidante e alta estabilidade oxidativa, bloqueia a peroxida\u00e7\u00e3o da camada lip\u00eddica, evitando a produ\u00e7\u00e3o de radicais livres. Lubrifica a pele e regenera a barreira hidrolip\u00eddicafrequentemente submetida a agress\u00f5es. Ajuda a aumentar a elasticidade e reduz o ressecamento da pele atuando na preven\u00e7\u00e3o e tratamento dos danos causados pela radia\u00e7\u00e3o solar.<\/p>\n<p class=\"s13\"><span class=\"s8\">Aplica\u00e7\u00f5es:<\/span><\/p>\n<p class=\"s12\">\u00c9 ideal para formula\u00e7\u00f5es cosm\u00e9ticas antienvelhecimento, lo\u00e7\u00f5es e emuls\u00f5es para a pele, produtos para cabelos tingidos e danificados, fotoprotetores e produtos p\u00f3s-sol, sabonetes l\u00edquidos ou em barra, \u00f3leos de banho e massagem corporal.<\/p>\n<p class=\"s15\"><span class=\"s8\">Concentra\u00e7\u00e3o de uso:<\/span><span class=\"s8\"> \u00a0<\/span><span class=\"s14\">1<\/span><span class=\"s14\"> a <\/span><span class=\"s14\">10%<\/span> em formula\u00e7\u00f5es cosm\u00e9ticas. Em aromaterapia pode ser usado sozinho ou em associa\u00e7\u00e3o com outros \u00f3leos vegetais ou sint\u00e9ticos.<\/p>\n<p class=\"s19\"><span class=\"s18\">CARACTER\u00cdSTICAS F<\/span><span class=\"s18\">\u00cd<\/span><span class=\"s18\">SICO QU\u00cdMICAS<\/span><\/p>\n<table>\n<tbody>\n<tr>\n<td class=\"s20\">\n<div>\n<p class=\"s21\"><span class=\"s14\">\u00cdndice de Acidez <\/span><span class=\"s14\">mgKOH<\/span><span class=\"s14\">\/g<\/span><\/p>\n<\/div>\n<\/td>\n<td class=\"s20\">\n<div>\n<p class=\"s22\"><span class=\"s14\">&lt;1<\/span><span class=\"s14\">0<\/span><span class=\"s14\">,0<\/span><\/p>\n<\/div>\n<\/td>\n<\/tr>\n<tr>\n<td class=\"s20\">\n<div>\n<p class=\"s21\"><span class=\"s14\">\u00cdndice de Per\u00f3xido <\/span><span class=\"s14\">meq<\/span><span class=\"s14\">\/kg<\/span><\/p>\n<\/div>\n<\/td>\n<td class=\"s20\">\n<div>\n<p class=\"s21\">0,0 a 10<\/p>\n<\/div>\n<\/td>\n<\/tr>\n<tr>\n<td class=\"s20\">\n<div>\n<p class=\"s21\"><span class=\"s14\">Cor<\/span><\/p>\n<\/div>\n<\/td>\n<td class=\"s20\">\n<div>\n<p class=\"s21\"><span class=\"s14\">Vermelho a vermelho alaranjado<\/span><\/p>\n<\/div>\n<\/td>\n<\/tr>\n<\/tbody>\n<\/table>\n<p class=\"s24\"><span class=\"s18\">ARMAZENAMENTO:<\/span><span class=\"s14\"> \u00a0<\/span>Conservar em lugar seco e arejado, n\u00e3o expor este produto ao CALOR e RAIOS SOLARES. Acondicionar sempre em frascos escuros.<\/p>\n<p class=\"s23\"><span class=\"s18\">REFER\u00caNCIAS:<\/span><\/p>\n<p class=\"s28\"><span class=\"s26\">IBIAPINA, Andr\u00e9ia et al. Essential and fixed oils from Amazonian fruits: proprieties and APLICA\u00c7\u00d5ES .\u00a0<\/span><span class=\"s27\">Critical Reviews in Food Science and Nutrition<\/span><span class=\"s26\">, p. 1-13, 2021. <\/span><\/p>\n<p class=\"s28\"><span class=\"s26\">ZANATTA, C. F. et al. Photoprotective potential of emulsions formulated with <\/span><span class=\"s26\">Buriti<\/span><span class=\"s26\"> oil (Mauritia <\/span><span class=\"s26\">flexuosa<\/span><span class=\"s26\">) against UV irradiation on keratinocytes and fibroblasts cell lines.\u00a0<\/span><span class=\"s27\">Food and chemical toxicology<\/span><span class=\"s26\">, v. 48, n. 1, p. 70-75, 2010. <\/span><\/p>\n<p class=\"s28\"><span class=\"s26\">PEREIRA FREIRE, <\/span><span class=\"s26\">Joilane<\/span><span class=\"s26\"> Alves et al. Phytochemistry profile, nutritional properties and pharmacological activities of Mauritia <\/span><span class=\"s26\">flexuosa<\/span><span class=\"s26\">.\u00a0<\/span><span class=\"s27\">Journal<\/span> <span class=\"s27\">of<\/span> <span class=\"s27\">Food<\/span><span class=\"s27\"> Science<\/span><span class=\"s26\">, v. 81, n. 11, p. R2611-R2622, 2016.<\/span><\/p>\n","protected":false},"excerpt":{"rendered":"<p>\u00d3leo extra\u00eddo da polpa do fruto do buriti.<br \/>\nAntioxidante potente para cosm\u00e9ticos anti-idade.<br \/>\nBase nutritiva em massagens relaxantes.<br \/>\nProtetor solar natural<\/p>\n","protected":false},"featured_media":2343,"comment_status":"open","ping_status":"closed","template":"","meta":{"_joinchat":[]},"product_brand":[],"product_cat":[55],"product_tag":[56],"class_list":{"0":"post-2109","1":"product","2":"type-product","3":"status-publish","4":"has-post-thumbnail","6":"product_cat-oleo-vegetal","7":"product_tag-vegetal","9":"first","10":"instock","11":"sold-individually","12":"taxable","13":"shipping-taxable","14":"purchasable","15":"product-type-variable"},"_links":{"self":[{"href":"https:\/\/ybibrazil.com\/en\/wp-json\/wp\/v2\/product\/2109","targetHints":{"allow":["GET"]}}],"collection":[{"href":"https:\/\/ybibrazil.com\/en\/wp-json\/wp\/v2\/product"}],"about":[{"href":"https:\/\/ybibrazil.com\/en\/wp-json\/wp\/v2\/types\/product"}],"replies":[{"embeddable":true,"href":"https:\/\/ybibrazil.com\/en\/wp-json\/wp\/v2\/comments?post=2109"}],"wp:featuredmedia":[{"embeddable":true,"href":"https:\/\/ybibrazil.com\/en\/wp-json\/wp\/v2\/media\/2343"}],"wp:attachment":[{"href":"https:\/\/ybibrazil.com\/en\/wp-json\/wp\/v2\/media?parent=2109"}],"wp:term":[{"taxonomy":"product_brand","embeddable":true,"href":"https:\/\/ybibrazil.com\/en\/wp-json\/wp\/v2\/product_brand?post=2109"},{"taxonomy":"product_cat","embeddable":true,"href":"https:\/\/ybibrazil.com\/en\/wp-json\/wp\/v2\/product_cat?post=2109"},{"taxonomy":"product_tag","embeddable":true,"href":"https:\/\/ybibrazil.com\/en\/wp-json\/wp\/v2\/product_tag?post=2109"}],"curies":[{"name":"wp","href":"https:\/\/api.w.org\/{rel}","templated":true}]}}