{"id":2110,"date":"2025-08-10T11:39:05","date_gmt":"2025-08-10T14:39:05","guid":{"rendered":"https:\/\/ybibrazil.com\/?post_type=product&#038;p=2110"},"modified":"2025-11-19T14:03:24","modified_gmt":"2025-11-19T17:03:24","slug":"oleo-de-castanha-do-brasil","status":"publish","type":"product","link":"https:\/\/ybibrazil.com\/en\/product\/oleo-de-castanha-do-brasil\/","title":{"rendered":"OLEO DE CASTANHA DO BRASIL"},"content":{"rendered":"<p>O \u00d3leo de Castanha do Brasil \u00e9 obtido por prensagem a frio das sementes de Bertholletia excelsa, seguida de filtra\u00e7\u00e3o em filtro tipo prensa. A textura leve e altamente emoliente do \u00f3leo de Castanha do Brasil proporciona maciez e suavidade para pele e cabelos. Considerado um \u00f3leo super nutritivo pelo seu alto teor de \u00e1cidos graxos essenciais e fitoester\u00f3is, sendo 30% de sua composi\u00e7\u00e3o \u00f4mega-6, o \u00f3leo de castanha ainda \u00e9 fonte natural de sel\u00eanio, oligoelemento com propriedades de prote\u00e7\u00e3o celular contra danos oxidativos do processo de envelhecimento precoce. Em emuls\u00f5es cosm\u00e9ticas proporciona emoli\u00eancia, favorece a hidrata\u00e7\u00e3o e restaura o manto hidrolip\u00eddico al\u00e9m de favorecer a espalhabilidade do produto sobre a pele e cabelos. \u00c9 bastante utilizado como \u00f3leo carreador em aromaterapia.<\/p>\n<p class=\"s8\"><span class=\"s4\">Nome da Subst\u00e2ncia: \u00d3leo de Castanha do Brasil <\/span><\/p>\n<p class=\"s8\"><span class=\"s4\">Composi\u00e7\u00e3o: 100% <\/span><\/p>\n<p class=\"s8\"><span class=\"s4\">CAS: 356065-50-4 <\/span><\/p>\n<p class=\"s8\"><span class=\"s4\">INCI: BERTHOLLETIA EXCELSA SEED OIL <\/span><\/p>\n<p class=\"s11\"><span class=\"s6\">Caracter\u00edsticas:<\/span><\/p>\n<p class=\"s11\"><span class=\"s4\">O \u00d3leo de Castanha do Brasil \u00e9 obtido por prensagem a frio das sementes de <\/span><\/p>\n<p class=\"s11\"><span class=\"s4\">Bertholletia<\/span><span class=\"s4\"> \u00a0excelsa<\/span><span class=\"s4\">, \u00a0seguida \u00a0de \u00a0filtra\u00e7\u00e3o \u00a0em \u00a0filtro \u00a0tipo \u00a0prensa. \u00a0<\/span><span class=\"s4\">A \u00a0textura<\/span><span class=\"s4\"> \u00a0leve \u00a0e \u00a0altamente <\/span><\/p>\n<p class=\"s11\"><span class=\"s4\">emoliente<\/span><span class=\"s4\"> do \u00f3leo de Castanha do Brasil proporciona maciez e suavidade para pele e cabelos. <\/span><\/p>\n<p class=\"s11\"><span class=\"s4\">Considerado um \u00f3leo <\/span><span class=\"s4\">super<\/span><span class=\"s4\"> nutritivo pelo seu alto teor de \u00e1cidos graxos essenciais e <\/span><span class=\"s4\">fitoester\u00f3is<\/span><span class=\"s4\">, <\/span><\/p>\n<p class=\"s11\"><span class=\"s4\">sendo<\/span><span class=\"s4\"> 30% de sua composi\u00e7\u00e3o \u00f4mega-6, o \u00f3leo de castanha ainda \u00e9 fonte natural de sel\u00eanio, <\/span><\/p>\n<p class=\"s11\"><span class=\"s4\">oligoelemento<\/span><span class=\"s4\"> com propriedades de prote\u00e7\u00e3o celular contra danos <\/span><span class=\"s4\">oxidativos<\/span><span class=\"s4\"> do processo de <\/span><\/p>\n<p class=\"s11\"><span class=\"s4\">envelhecimento \u00a0precoce<\/span><span class=\"s4\">. \u00a0<\/span><span class=\"s4\">Em \u00a0emuls\u00f5es<\/span><span class=\"s4\"> \u00a0cosm\u00e9ticas \u00a0proporciona \u00a0<\/span><span class=\"s4\">emoli\u00eancia<\/span><span class=\"s4\">, \u00a0favorece \u00a0a <\/span><\/p>\n<p class=\"s11\"><span class=\"s4\">hidrata\u00e7\u00e3o<\/span><span class=\"s4\"> e restaura o manto <\/span><span class=\"s4\">hidrolip\u00eddico<\/span><span class=\"s4\"> al\u00e9m de favorecer a <\/span><span class=\"s4\">espalhabilidade<\/span><span class=\"s4\"> do produto <\/span><\/p>\n<p class=\"s11\"><span class=\"s4\">sobre<\/span><span class=\"s4\"> a pele e cabelos. \u00a0 \u00c9 bastante utilizado como \u00f3leo carreador em <\/span><span class=\"s4\">aromaterapia<\/span><span class=\"s4\">. \u00a0<\/span><\/p>\n<p class=\"s10\"><span class=\"s6\">Aplica\u00e7\u00f5es: \u00a0<\/span><\/p>\n<p class=\"s11\"><span class=\"s4\">O \u00a0\u00d3leo<\/span><span class=\"s4\"> \u00a0de \u00a0Castanha \u00a0do \u00a0Brasil \u00a0\u00e9 \u00a0usado \u00a0em \u00a0produtos \u00a0para \u00a0cabelo \u00a0e \u00a0pele. \u00a0<\/span><span class=\"s4\">\u00c9 \u00a0adequado<\/span><span class=\"s4\"> \u00a0para <\/span><\/p>\n<p class=\"s11\"><span class=\"s4\">formula\u00e7\u00f5es<\/span><span class=\"s4\"> de cuidados faciais, l\u00e1bios, corpo, m\u00e3os e p\u00e9s. Recomendamos para uso em cremes, <\/span><\/p>\n<p class=\"s11\"><span class=\"s4\">lo\u00e7\u00f5es, \u00a0sabonetes<\/span><span class=\"s4\"> \u00a0l\u00edquido \u00a0e \u00a0em \u00a0barra, \u00a0condicionadores, \u00a0m\u00e1scaras \u00a0de \u00a0tratamento, \u00a0\u00f3leos <\/span><\/p>\n<p class=\"s11\"><span class=\"s4\">corporais<\/span><span class=\"s4\">, maquiagens, produtos para massagem e preven\u00e7\u00e3o de estrias. \u00a0<\/span><\/p>\n<p class=\"s11\"><span class=\"s6\">Concentra\u00e7\u00e3o de uso<\/span><span class=\"s4\">: \u00a02 a 10% em formula\u00e7\u00f5es cosm\u00e9ticas. Em <\/span><span class=\"s4\">aromaterapia<\/span><span class=\"s4\"> pode ser usado <\/span><\/p>\n<p class=\"s11\"><span class=\"s4\">sozinho<\/span><span class=\"s4\"> ou em associa\u00e7\u00e3o com outros \u00f3leos vegetais ou sint\u00e9ticos. \u00a0<\/span><\/p>\n<p class=\"s10\"><span class=\"s6\">CARACTER\u00cdSTICAS F\u00cdSICO-QU\u00cdMICAS <\/span><\/p>\n<p class=\"s11\"><span class=\"s4\">Apar\u00eancia \u00a0<\/span>\u200b\u200b\u200b\u200b\u200b<span class=\"s4\">L\u00edquido transparente \u00a0 <\/span><\/p>\n<p class=\"s11\"><span class=\"s4\">Cor \u00a0<\/span>\u200b\u200b\u200b\u200b\u200b\u200b<span class=\"s4\">Amarelo a amarelo escuro <\/span><\/p>\n<p class=\"s11\"><span class=\"s4\">Odor \u00a0<\/span>\u200b\u200b\u200b\u200b\u200b\u200b<span class=\"s4\">Caracter\u00edstico <\/span><\/p>\n<p class=\"s11\"><span class=\"s4\">\u00cdndice de Iodo (<\/span><span class=\"s4\">cgl<\/span><span class=\"s4\">\/<\/span><span class=\"s4\">g)<\/span>\u200b\u200b\u200b\u200b<span class=\"s4\">80 &#8211; 100 <\/span><\/p>\n<p class=\"s11\"><span class=\"s4\">\u00cdndice de Saponifica\u00e7\u00e3o (<\/span><span class=\"s4\">mgKOH<\/span><span class=\"s4\">\/<\/span><span class=\"s4\">g)<\/span>\u200b\u200b<span class=\"s4\">75 &#8211; 200 <\/span><\/p>\n<p class=\"s11\"><span class=\"s4\">\u00cdndice de Acidez (<\/span><span class=\"s4\">mgKOH<\/span><span class=\"s4\">\/<\/span><span class=\"s4\">g) \u00a0<\/span>\u200b\u200b<span class=\"s4\">\u226410 <\/span><\/p>\n<p class=\"s11\"><span class=\"s4\">\u00cdndice de Per\u00f3xido (<\/span><span class=\"s4\">meq<\/span><span class=\"s4\">\/<\/span><span class=\"s4\">Kg) \u00a0<\/span>\u200b\u200b<span class=\"s4\">\u226410<\/span><\/p>\n<p>&nbsp;<\/p>\n<p class=\"s11\"><a name=\"_GoBack\"><\/a><span class=\"s6\">Armazenamento<\/span><span class=\"s4\">: \u00a0Armazenar em local fresco e arejado ao abrigo da luz, \u00e0 temperatura <\/span><\/p>\n<p class=\"s11\"><span class=\"s4\">constante<\/span><span class=\"s4\"> preferencialmente ambiente. Temperatura recomendada para armazenagem \u00e9 <\/span><\/p>\n<p class=\"s11\"><span class=\"s4\">de<\/span><span class=\"s4\"> 22\u00b0C \u00b12\u00b0C. <\/span><\/p>\n<p class=\"s10\"><span class=\"s6\">Referencias: \u00a0<\/span><\/p>\n<p class=\"s11\"><span class=\"s4\">MONIKA, <\/span><span class=\"s4\">Michalak<\/span><span class=\"s4\">; ANNA, <\/span><span class=\"s4\">Kie\u0142tyka-Dadasiewicz<\/span><span class=\"s4\">. <\/span><span class=\"s4\">Nut<\/span> <span class=\"s4\">oils<\/span> <span class=\"s4\">and<\/span> <span class=\"s4\">their<\/span> <span class=\"s4\">dietetic<\/span> <span class=\"s4\">and<\/span> <span class=\"s4\">cosmetic<\/span><span class=\"s4\">significance<\/span><span class=\"s4\">: A <\/span><\/p>\n<p class=\"s11\"><span class=\"s4\">review<\/span><span class=\"s4\">. <\/span><span class=\"s4\">Journal<\/span> <span class=\"s4\">of<\/span> <span class=\"s4\">oleo<\/span> <span class=\"s4\">science<\/span><span class=\"s4\">, v. 68, n. 2, p. 111-120, 2019. \u00a0<\/span><\/p>\n<p class=\"s11\"><span class=\"s4\">FUNASAKI, <\/span><span class=\"s4\">Mariko<\/span><span class=\"s4\"> et al. <\/span><span class=\"s4\">Amazon<\/span> <span class=\"s4\">rainforest<\/span> <span class=\"s4\">cosmetics<\/span><span class=\"s4\">: <\/span><span class=\"s4\">chemical<\/span><span class=\"s4\"> approach for <\/span><span class=\"s4\">quality<\/span> <span class=\"s4\">control<\/span><span class=\"s4\">. Qu\u00edmica <\/span><\/p>\n<p class=\"s11\"><span class=\"s4\">Nova, v. 39, p. 194-209, 2016. \u00a0<\/span><\/p>\n<p class=\"s11\"><span class=\"s4\">BALBI, Maria Eugenia et al. BRAZIL NUT (<\/span><span class=\"s4\">Bertholletia<\/span><span class=\"s4\"> excelsa <\/span><span class=\"s4\">Bonpl<\/span><span class=\"s4\">.): CHEMICAL COMPOSITION AND ITS <\/span><\/p>\n<p class=\"s11\"><span class=\"s4\">HEALTH BENEFITS. Vis\u00e3o Acad\u00eamica, v. 15, n. 2, 2014. <\/span><\/p>\n<p class=\"s11\"><span class=\"s4\">LIM, T. K. <\/span><span class=\"s4\">Bertholletia<\/span><span class=\"s4\"> excelsa. In: <\/span><span class=\"s4\">Edible<\/span><span class=\"s4\"> Medicinal <\/span><span class=\"s4\">And<\/span><span class=\"s4\"> Non Medicinal <\/span><span class=\"s4\">Plants<\/span><span class=\"s4\">. Springer, Dordrecht, <\/span><\/p>\n<p class=\"s11\"><span class=\"s4\">2012. p. 124-132<\/span><\/p>\n","protected":false},"excerpt":{"rendered":"<p>\u00d3leo extra\u00eddo das sementes da castanheira.<br \/>\nHidratante e nutritivo para pele e cabelo.<br \/>\nBase rica em nutrientes em formula\u00e7\u00f5es arom\u00e1ticas.<br \/>\nAntioxidante e regenerador.<\/p>\n","protected":false},"featured_media":2352,"comment_status":"open","ping_status":"closed","template":"","meta":{"_joinchat":[]},"product_brand":[],"product_cat":[55],"product_tag":[56],"class_list":{"0":"post-2110","1":"product","2":"type-product","3":"status-publish","4":"has-post-thumbnail","6":"product_cat-oleo-vegetal","7":"product_tag-vegetal","9":"first","10":"instock","11":"sold-individually","12":"taxable","13":"shipping-taxable","14":"purchasable","15":"product-type-variable"},"_links":{"self":[{"href":"https:\/\/ybibrazil.com\/en\/wp-json\/wp\/v2\/product\/2110","targetHints":{"allow":["GET"]}}],"collection":[{"href":"https:\/\/ybibrazil.com\/en\/wp-json\/wp\/v2\/product"}],"about":[{"href":"https:\/\/ybibrazil.com\/en\/wp-json\/wp\/v2\/types\/product"}],"replies":[{"embeddable":true,"href":"https:\/\/ybibrazil.com\/en\/wp-json\/wp\/v2\/comments?post=2110"}],"wp:featuredmedia":[{"embeddable":true,"href":"https:\/\/ybibrazil.com\/en\/wp-json\/wp\/v2\/media\/2352"}],"wp:attachment":[{"href":"https:\/\/ybibrazil.com\/en\/wp-json\/wp\/v2\/media?parent=2110"}],"wp:term":[{"taxonomy":"product_brand","embeddable":true,"href":"https:\/\/ybibrazil.com\/en\/wp-json\/wp\/v2\/product_brand?post=2110"},{"taxonomy":"product_cat","embeddable":true,"href":"https:\/\/ybibrazil.com\/en\/wp-json\/wp\/v2\/product_cat?post=2110"},{"taxonomy":"product_tag","embeddable":true,"href":"https:\/\/ybibrazil.com\/en\/wp-json\/wp\/v2\/product_tag?post=2110"}],"curies":[{"name":"wp","href":"https:\/\/api.w.org\/{rel}","templated":true}]}}