{"id":2112,"date":"2025-08-10T11:39:06","date_gmt":"2025-08-10T14:39:06","guid":{"rendered":"https:\/\/ybibrazil.com\/?post_type=product&#038;p=2112"},"modified":"2026-05-13T09:03:17","modified_gmt":"2026-05-13T12:03:17","slug":"oleo-de-pequi","status":"publish","type":"product","link":"https:\/\/ybibrazil.com\/en\/product\/oleo-de-pequi\/","title":{"rendered":"OLEO DE PEQUI"},"content":{"rendered":"<p>O \u00d3leo de Pequi \u00e9 extra\u00eddo por prensagem a frio da polpa do fruto de pequi (Caryocar brasiliense). Neste \u00f3leo predomina o \u00e1cido oleico (\u00f4mega 9), que possui alta compatibilidade com a pele al\u00e9m de carotenoides que conferem colora\u00e7\u00e3o alaranjada ao \u00f3leo e s\u00e3o respons\u00e1veis por sua a\u00e7\u00e3o antioxidante. O \u00d3leo de Pequi apresenta excelentes propriedades oclusivas, previne a perda excessiva de umidade atrav\u00e9s da epiderme, possui propriedades protetoras, calmantes, hidratantes, nutritivas e purificantes.<\/p>\n<p class=\"s6\"><span class=\"s5\">FICHA T\u00c9CNICA<\/span><\/p>\n<p class=\"s8\"><span class=\"s7\">Nome da Subst\u00e2ncia:<\/span> \u00d3leo de Pequi<\/p>\n<p class=\"s10\"><span class=\"s7\">Nome Ci<\/span><span class=\"s7\">e<\/span><span class=\"s7\">nt\u00edfico<\/span><span class=\"s7\">:<\/span> <span class=\"s9\">Caryocar<\/span><span class=\"s9\"> brasiliense<\/span><\/p>\n<p class=\"s10\"><span class=\"s7\">Composi\u00e7\u00e3o<\/span>: 100%<\/p>\n<p class=\"s8\"><span class=\"s7\">CAS<\/span>: <span class=\"s11\">\u00a0<\/span><span class=\"s12\">394238-03-0<\/span><\/p>\n<p class=\"s8\"><span class=\"s7\">INCI<\/span>: CARYOCAR BRASILIENSE FRUIT OIL<\/p>\n<p class=\"s14\"><span class=\"s7\">Caracter\u00edsticas:<\/span> O \u00d3leo de Pequi \u00e9 extra\u00eddo por prensagem a frio da polpa do fruto de pequi (<span class=\"s9\">Caryocar<\/span><span class=\"s9\"> brasiliense<\/span>). Neste \u00f3leo predomina o \u00e1cido oleico (\u00f4mega 9), que possui alta compatibilidade com a pele al\u00e9m de carotenoides que conferem colora\u00e7\u00e3o alaranjada ao \u00f3leo e s\u00e3o respons\u00e1veis por sua a\u00e7\u00e3o antioxidante. O \u00d3leo de Pequiapresenta excelentes propriedades oclusivas, previne a perda excessiva de umidade atrav\u00e9s da epiderme, possui propriedades protetoras, calmantes, hidratantes, nutritivas e purificantes.<\/p>\n<p class=\"s15\"><span class=\"s7\">Aplica\u00e7\u00f5es: <\/span>O \u00f3leo de pequi \u00e9 usado em lo\u00e7\u00f5es corporais, b\u00e1lsamos, cremes, m\u00e1scaras nutritivas e condicionadores capilares. Pela sua a\u00e7\u00e3o film\u00f3gena e hidratante tamb\u00e9m \u00e9 indicado em cuidados p\u00f3s sol, produtos para preven\u00e7\u00e3o do envelhecimento, produtos para regenera\u00e7\u00e3o da epiderme e cicatrizantes.<\/p>\n<p class=\"s16\"><span class=\"s7\">Concentra\u00e7\u00e3o de uso:<\/span> 1 a 5 %.<\/p>\n<p class=\"s17\"><span class=\"s7\">CARACTER\u00cdSTICAS F\u00cdSICO-QU\u00cdMICAS<\/span><\/p>\n<table>\n<tbody>\n<tr>\n<td class=\"s18\">\n<div>\n<p class=\"s14\">Acidez em mg KOH\/g<\/p>\n<\/div>\n<\/td>\n<td class=\"s18\">\n<div>\n<p class=\"s14\"><span class=\"s19\">&lt; <\/span><span class=\"s19\">2<\/span><span class=\"s19\">0<\/span><span class=\"s19\">,<\/span><span class=\"s19\">00<\/span><\/p>\n<\/div>\n<\/td>\n<\/tr>\n<tr>\n<td class=\"s18\">\n<div>\n<p class=\"s14\">Per\u00f3xidos (meq\/Kg)<\/p>\n<\/div>\n<\/td>\n<td class=\"s18\">\n<div>\n<p class=\"s21\"><span class=\"s20\">&lt; 1<\/span><span class=\"s20\">50,<\/span><span class=\"s20\">00<\/span><\/p>\n<\/div>\n<\/td>\n<\/tr>\n<tr>\n<td class=\"s18\">\n<div>\n<p class=\"s14\">\u00cdndice de iodo <span class=\"s19\">(<\/span><span class=\"s19\">cgl<\/span><span class=\"s19\">\/g)<\/span><\/p>\n<\/div>\n<\/td>\n<td class=\"s18\">\n<div>\n<p class=\"s14\"><span class=\"s19\">40,<\/span><span class=\"s19\">00 \u2013 <\/span><span class=\"s19\">55,<\/span><span class=\"s19\"> 00<\/span><\/p>\n<\/div>\n<\/td>\n<\/tr>\n<tr>\n<td class=\"s18\">\n<div>\n<p class=\"s14\">Ponto de fus\u00e3o<\/p>\n<\/div>\n<\/td>\n<td class=\"s18\">\n<div>\n<p class=\"s14\"><span class=\"s19\">21\u00baC<\/span><span class=\"s19\"> \u00a0<\/span><\/p>\n<\/div>\n<\/td>\n<\/tr>\n<\/tbody>\n<\/table>\n<p class=\"s22\"><span class=\"s7\">COMPOSI\u00c7\u00c3O &#8211; <\/span><span class=\"s7\">\u00c1CIDOS GRAXOS (M\u00c9DIA)<\/span><\/p>\n<table>\n<tbody>\n<tr>\n<td class=\"s18\">\n<div>\n<p class=\"s14\">\u00c1cido \u00a0palm\u00edtico (16:0)<\/p>\n<\/div>\n<\/td>\n<td class=\"s18\">\n<div>\n<p class=\"s14\">36 &#8211; 41 %<\/p>\n<\/div>\n<\/td>\n<\/tr>\n<tr>\n<td class=\"s18\">\n<div>\n<p class=\"s14\">Palmitoleico (16:1)<\/p>\n<\/div>\n<\/td>\n<td class=\"s18\">\n<div>\n<p class=\"s14\">0,8 &#8211; 1,2 %<\/p>\n<\/div>\n<\/td>\n<\/tr>\n<tr>\n<td class=\"s18\">\n<div>\n<p class=\"s14\">\u00c1cido oleico (18:1 \u00f4mega 9)<\/p>\n<\/div>\n<\/td>\n<td class=\"s18\">\n<div>\n<p class=\"s21\"><span class=\"s23\">51 &#8211; 60 %<\/span><\/p>\n<\/div>\n<\/td>\n<\/tr>\n<tr>\n<td class=\"s18\">\n<div>\n<p class=\"s14\">\u00c1cido linoleico (18:2 \u00a0\u00f4mega 6)<\/p>\n<\/div>\n<\/td>\n<td class=\"s18\">\n<div>\n<p class=\"s14\">0,8 &#8211; 0,3 %<\/p>\n<\/div>\n<\/td>\n<\/tr>\n<tr>\n<td class=\"s18\">\n<div>\n<p class=\"s14\">\u00c1cido linolenico (18:3 \u00f4mega 3)<\/p>\n<\/div>\n<\/td>\n<td class=\"s18\">\n<div>\n<p class=\"s14\">0,2 \u00a0&#8211; \u00a00,4 %<\/p>\n<\/div>\n<\/td>\n<\/tr>\n<\/tbody>\n<\/table>\n<p class=\"s22\"><span class=\"s7\">CARACTER\u00cdSTICAS ORGANOL\u00c9PTICAS<\/span><\/p>\n<table>\n<tbody>\n<tr>\n<td class=\"s18\">\n<div>\n<p class=\"s14\">Cor<\/p>\n<\/div>\n<\/td>\n<td class=\"s18\">\n<div>\n<p class=\"s14\">Amarelo escuro, alaranjado<\/p>\n<\/div>\n<\/td>\n<\/tr>\n<tr>\n<td class=\"s18\">\n<div>\n<p class=\"s14\">Aspecto<\/p>\n<\/div>\n<\/td>\n<td class=\"s18\">\n<div>\n<p class=\"s21\"><span class=\"s23\">\u00d3leo <\/span><span class=\"s23\">com ou sem cristaliza\u00e7\u00f5es <\/span><\/p>\n<\/div>\n<\/td>\n<\/tr>\n<tr>\n<td class=\"s18\">\n<div>\n<p class=\"s14\">Odor<\/p>\n<\/div>\n<\/td>\n<td class=\"s18\">\n<div>\n<p class=\"s14\">Caracter\u00edstico<\/p>\n<\/div>\n<\/td>\n<\/tr>\n<\/tbody>\n<\/table>\n<p class=\"s26\"><span class=\"s25\">ARMAZENAMENTO:<\/span><span class=\"s20\"> \u00a0Armazenar em local fresco e arejado ao abrigo da luz, \u00e0 temperatura constante preferencialmente ambiente. <\/span><span class=\"s20\">Temperatura recomendada para armazenagem \u00e9 de 2<\/span><span class=\"s20\">2<\/span><span class=\"s20\">\u00b0C <\/span><span class=\"s20\">\u00b1<\/span><span class=\"s20\">2<\/span><span class=\"s20\">\u00b0C.<\/span><\/p>\n<p class=\"s28\"><span class=\"s7\">REFER\u00caNCIAS: <\/span><\/p>\n<p class=\"s13\">FARIA, Wanessa Costa Silva; DAMASCENO, Gabriel Azevedo de Brito; FERRARI, M\u00e1rcio. Moisturizing effect of a cosmetic formulation containing pequi oil (Caryocar brasiliense) from the Brazilian cerrado biome. Brazilian Journal of Pharmaceutical Sciences, v. 50, p. 131-136, 2014.<\/p>\n<p class=\"s28\">GUEDES, Andr\u00e9a Madalena Maciel; ANTONIASSI, Rosemar; DE FARIA-MACHADO, Adelia Ferreira. Pequi: a Brazilian fruit with potential uses for the fat industry. OCL, v. 24, n. 5, p. D507, 2017<\/p>\n","protected":false},"excerpt":{"rendered":"<p>\u00d3leo extra\u00eddo da polpa do fruto do pequi.<br \/>\nHidratante nutritivo usado em cosm\u00e9ticos capilares e cremes regeneradores.<br \/>\nBase arom\u00e1tica em massagens relaxantes.<br \/>\nPotencial antioxidante e protetor cut\u00e2neo.<\/p>\n","protected":false},"featured_media":2298,"comment_status":"open","ping_status":"closed","template":"","meta":{"_joinchat":[]},"product_brand":[],"product_cat":[55],"product_tag":[56],"class_list":{"0":"post-2112","1":"product","2":"type-product","3":"status-publish","4":"has-post-thumbnail","6":"product_cat-oleo-vegetal","7":"product_tag-vegetal","9":"first","10":"instock","11":"sold-individually","12":"taxable","13":"shipping-taxable","14":"purchasable","15":"product-type-variable"},"_links":{"self":[{"href":"https:\/\/ybibrazil.com\/en\/wp-json\/wp\/v2\/product\/2112","targetHints":{"allow":["GET"]}}],"collection":[{"href":"https:\/\/ybibrazil.com\/en\/wp-json\/wp\/v2\/product"}],"about":[{"href":"https:\/\/ybibrazil.com\/en\/wp-json\/wp\/v2\/types\/product"}],"replies":[{"embeddable":true,"href":"https:\/\/ybibrazil.com\/en\/wp-json\/wp\/v2\/comments?post=2112"}],"wp:featuredmedia":[{"embeddable":true,"href":"https:\/\/ybibrazil.com\/en\/wp-json\/wp\/v2\/media\/2298"}],"wp:attachment":[{"href":"https:\/\/ybibrazil.com\/en\/wp-json\/wp\/v2\/media?parent=2112"}],"wp:term":[{"taxonomy":"product_brand","embeddable":true,"href":"https:\/\/ybibrazil.com\/en\/wp-json\/wp\/v2\/product_brand?post=2112"},{"taxonomy":"product_cat","embeddable":true,"href":"https:\/\/ybibrazil.com\/en\/wp-json\/wp\/v2\/product_cat?post=2112"},{"taxonomy":"product_tag","embeddable":true,"href":"https:\/\/ybibrazil.com\/en\/wp-json\/wp\/v2\/product_tag?post=2112"}],"curies":[{"name":"wp","href":"https:\/\/api.w.org\/{rel}","templated":true}]}}