{"id":2181,"date":"2025-08-13T15:57:08","date_gmt":"2025-08-13T18:57:08","guid":{"rendered":"https:\/\/ybibrazil.com\/?post_type=product&#038;p=2181"},"modified":"2025-11-25T16:16:56","modified_gmt":"2025-11-25T19:16:56","slug":"manteiga-de-cupuacu","status":"publish","type":"product","link":"https:\/\/ybibrazil.com\/en\/product\/manteiga-de-cupuacu\/","title":{"rendered":"MANTEIGA DE CUPUA\u00c7U"},"content":{"rendered":"<p>O Cupua\u00e7u (Theobroma grandiflorum) \u00e9 uma planta nativa da Regi\u00e3o Norte do Brasil e de suas sementes extrai-se uma manteiga cremosa rica em \u00e1cido oleico, este\u00e1rico, palm\u00edtico e linoleico. A composi\u00e7\u00e3o equilibrada de \u00e1cidos graxos saturados e insaturados faz desta manteiga um excelente emoliente para a pele e cabelos. Quando adicionada em formula\u00e7\u00f5es cosm\u00e9ticas ela melhora a elasticidade, hidrata\u00e7\u00e3o e apar\u00eancia geral da pele e cabelos. Em formula\u00e7\u00f5es cosm\u00e9ticas a manteiga de cupua\u00e7u \u00e9 considerada o substituto vegetal da lanolina, pois possui grande capacidade de absor\u00e7\u00e3o de \u00e1gua que pode chegar a 240%, superior ao da lanolina. Esse alto poder de absor\u00e7\u00e3o de \u00e1gua pode ser atribu\u00eddo \u00e0s pontes de hidrog\u00eanio formadas entre as mol\u00e9culas de \u00e1gua e os fitoester\u00f3is. Esta propriedade torna a Manteiga de Cupua\u00e7u capaz de auxiliar na estabilidade de emuls\u00f5es. Por estas propriedades a manteiga de cupua\u00e7u \u00e9 considerada um emoliente, hidratante e umectante fant\u00e1stico, sendo especialmente indicada para o cuidado de peles e cabelos que necessitam de hidrata\u00e7\u00e3o e restaura\u00e7\u00e3o.<\/p>\n<p>FICHA T\u00c9CNICA<br \/>\nNome da Subst\u00e2ncia: Manteiga de Cupua\u00e7u<br \/>\nComposi\u00e7\u00e3o: 100%<br \/>\nCAS: 394236-97-6<br \/>\nINCI: Theobroma Grandliflorum (Cupuacu) Seed Butter<\/p>\n<p>Caracter\u00edsticas: O Cupua\u00e7u (Theobroma grandiflorum) \u00e9 uma planta nativa da Regi\u00e3o Norte do Brasil e de suas sementes extrai-se uma manteiga cremosa rica em \u00e1cido oleico, este\u00e1rico, palm\u00edtico e linoleico. A composi\u00e7\u00e3o equilibrada de \u00e1cidos graxos saturados e insaturados faz desta manteiga um excelente emoliente para a pele e cabelos. Quando adicionada em formula\u00e7\u00f5es cosm\u00e9ticas ela melhora a elasticidade, hidrata\u00e7\u00e3o e apar\u00eancia geral da pele e cabelos. Em formula\u00e7\u00f5es cosm\u00e9ticas a manteiga de cupua\u00e7u \u00e9 considerada o substituto vegetal da lanolina, pois possui grande capacidade de absor\u00e7\u00e3o de \u00e1gua que pode chegar a 240%, superior ao da lanolina. Esse alto poder de absor\u00e7\u00e3o de \u00e1gua pode ser atribu\u00eddo \u00e0s pontes de hidrog\u00eanio formadas entre as mol\u00e9culas de \u00e1gua e os fitoester\u00f3is. Esta propriedade torna a Manteiga de Cupua\u00e7u capaz de auxiliar na estabilidade de emuls\u00f5es. Por estas propriedades a manteiga de cupua\u00e7u \u00e9 considerada um emoliente, hidratante e umectante fant\u00e1stico, sendo especialmente indicada para o cuidado de peles e cabelos que necessitam de hidrata\u00e7\u00e3o e restaura\u00e7\u00e3o.<\/p>\n<p>Aplica\u00e7\u00f5es: Substituto \u00e0 Lanolina de origem animal a Manteiga de Cupua\u00e7u \u00e9 um bom estabilizador de cremes e lo\u00e7\u00f5es. \u00c9 muito eficiente em prepara\u00e7\u00f5es que cuidam do cabelo e da pele. \u00c9 indicada especialmente para pele seca, envelhecida, pode ser utilizada como pomada para prote\u00e7\u00e3o da pele contra rachaduras e fissuras, pode tamb\u00e9m ser usada em prepara\u00e7\u00f5es hidratantes auxiliares no tratamento de eczemas, psor\u00edase, dermatites. \u00c9 indicada em formula\u00e7\u00f5es de cremes, lo\u00e7\u00f5es, pomadas, batons, balsamos, ceras, manteigas.<\/p>\n<p>Concentra\u00e7\u00e3o de uso: 0,5 a 5% em cremes e lo\u00e7\u00f5es, sabonetes, condicionadores, ou at\u00e9 90% em pomadas, manteigas e formula\u00e7\u00f5es anidras.<\/p>\n<p>CARACTER\u00cdSTICAS FISICO QU\u00cdMICAS<\/p>\n<p>Apar\u00eancia<br \/>\nSolido pastoso<br \/>\nCor<br \/>\nAmarelada<br \/>\nOdor<br \/>\ncaracter\u00edstico<br \/>\n\u00cdndice de Iodo (cgl\/g)<br \/>\nM\u00e1x. 50<br \/>\n\u00cdndice de Saponifica\u00e7\u00e3o (mgKOH\/g)<br \/>\n174,6 \u2013 191,00<br \/>\n\u00cdndice de Acidez (mgKOH\/g)<br \/>\n&lt;10,0<br \/>\n\u00cdndice de Per\u00f3xido (meq\/Kg)<br \/>\n&lt;10,00<br \/>\nPonto de fus\u00e3o (\u25e6C)<br \/>\n30-42<br \/>\nUmidade (%)<br \/>\n&lt;0,5<\/p>\n<p>COMPOSI\u00c7\u00c3O GRAXA<\/p>\n<p>ACIDOS GRAXOS<\/p>\n<p>PORCENTAGEM (%)<\/p>\n<p>\u00c1cido palm\u00edtico (16:0)<\/p>\n<p>7,0 -12,0<\/p>\n<p>\u00c1cido este\u00e1rico (18:0)<\/p>\n<p>28,0 &#8211; 35,0<\/p>\n<p>\u00c1cido oleico (C 18:1 \u00f4mega 9)<\/p>\n<p>40,0 &#8211; 45,0<\/p>\n<p>\u00c1cido linoleico (C 18:2 \u2013 \u00f4mega 6)<\/p>\n<p>3,0 \u2013 7,0<\/p>\n<p>\u00c1cido araquidico (C 20:4)<\/p>\n<p>8,0 \u2013 13,0<\/p>\n<p>\u00c1cido be\u00eanico ( C22:0)<\/p>\n<p>1,0 \u2013 2,0<\/p>\n<p>Outros<\/p>\n<p>1,0 \u2013 5,0<\/p>\n<p>ARMAZENAMENTO: Armazenar em local fresco e arejado ao abrigo da luz, \u00e0 temperatura constante preferencialmente ambiente. Temperatura recomendada para armazenagem \u00e9 de 22\u00b0C \u00b12\u00b0C.<\/p>\n","protected":false},"excerpt":{"rendered":"<p>A manteiga de cupua\u00e7u \u00e9 uma gordura vegetal extra\u00edda das sementes do fruto do cupua\u00e7u, t\u00edpica da regi\u00e3o amaz\u00f4nica. Excelente emoliente com alto poder de hidrata\u00e7\u00e3o. Melhora a elasticidade da pele e atua na recupera\u00e7\u00e3o da barreira cut\u00e2nea.Usada em cremes hidratantes, protetores labiais, produtos para cabelos secos e danificados, e lo\u00e7\u00f5es corporais.<\/p>\n","protected":false},"featured_media":2283,"comment_status":"open","ping_status":"closed","template":"","meta":{"_joinchat":[]},"product_brand":[],"product_cat":[58],"product_tag":[],"class_list":{"0":"post-2181","1":"product","2":"type-product","3":"status-publish","4":"has-post-thumbnail","6":"product_cat-manteiga","8":"first","9":"instock","10":"sold-individually","11":"taxable","12":"shipping-taxable","13":"purchasable","14":"product-type-variable"},"_links":{"self":[{"href":"https:\/\/ybibrazil.com\/en\/wp-json\/wp\/v2\/product\/2181","targetHints":{"allow":["GET"]}}],"collection":[{"href":"https:\/\/ybibrazil.com\/en\/wp-json\/wp\/v2\/product"}],"about":[{"href":"https:\/\/ybibrazil.com\/en\/wp-json\/wp\/v2\/types\/product"}],"replies":[{"embeddable":true,"href":"https:\/\/ybibrazil.com\/en\/wp-json\/wp\/v2\/comments?post=2181"}],"wp:featuredmedia":[{"embeddable":true,"href":"https:\/\/ybibrazil.com\/en\/wp-json\/wp\/v2\/media\/2283"}],"wp:attachment":[{"href":"https:\/\/ybibrazil.com\/en\/wp-json\/wp\/v2\/media?parent=2181"}],"wp:term":[{"taxonomy":"product_brand","embeddable":true,"href":"https:\/\/ybibrazil.com\/en\/wp-json\/wp\/v2\/product_brand?post=2181"},{"taxonomy":"product_cat","embeddable":true,"href":"https:\/\/ybibrazil.com\/en\/wp-json\/wp\/v2\/product_cat?post=2181"},{"taxonomy":"product_tag","embeddable":true,"href":"https:\/\/ybibrazil.com\/en\/wp-json\/wp\/v2\/product_tag?post=2181"}],"curies":[{"name":"wp","href":"https:\/\/api.w.org\/{rel}","templated":true}]}}