{"id":2183,"date":"2025-08-13T15:57:09","date_gmt":"2025-08-13T18:57:09","guid":{"rendered":"https:\/\/ybibrazil.com\/?post_type=product&#038;p=2183"},"modified":"2025-11-24T18:26:45","modified_gmt":"2025-11-24T21:26:45","slug":"manteiga-de-tucuma","status":"publish","type":"product","link":"https:\/\/ybibrazil.com\/en\/product\/manteiga-de-tucuma\/","title":{"rendered":"MANTEIGA DE TUCUMA"},"content":{"rendered":"<p>A Manteiga de Tucum\u00e3 \u00e9 um excelente emoliente que possui alto poder de espalhamento e proporciona um sensorial diferenciado deixando a pele sedosa e macia. Rica em \u00e1cidos graxos \u00f4mega 3, 6 e 9, confere a\u00e7\u00e3o hidratante e emoliente. \u00c9 s\u00f3lido \u00e0 temperatura ambiente, mas derrete imediatamente em contato com a pele.<\/p>\n<p class=\"s6\"><span class=\"s5\">FICHA T\u00c9CNICA<\/span><\/p>\n<p class=\"s9\"><span class=\"s8\">Nome da Subst\u00e2ncia:<\/span> Manteiga de Tucum\u00e3<\/p>\n<p class=\"s9\"><span class=\"s8\">Composi\u00e7\u00e3o<\/span>: 100%<\/p>\n<p class=\"s13\"><span class=\"s10\">CAS<\/span><span class=\"s11\">:<\/span> <span class=\"s12\">942505-39-7<\/span><\/p>\n<p class=\"s9\"><span class=\"s8\">INCI<\/span>: Astrocaryum Tucuma Seed Butter<\/p>\n<p class=\"s15\"><span class=\"s8\">Caracter\u00edsticas: <\/span><\/p>\n<p class=\"s16\">A Manteiga de Tucum\u00e3 \u00e9 um excelente emoliente que possui alto poder de espalhamento e proporciona um sensorial diferenciado deixando a pele sedosa e macia. Rica em \u00e1cidos graxos \u00f4mega 3, 6 e 9, confere a\u00e7\u00e3o hidratante e emoliente. \u00c9 s\u00f3lido \u00e0 temperatura ambiente, mas <span class=\"s11\">derrete imediatamente em contato com a pele. <\/span><\/p>\n<p class=\"s17\"><span class=\"s10\">Alternativa natural para: <\/span><span class=\"s11\">Emolientes sint\u00e9ticos ou derivados de<\/span> <span class=\"s11\">animais como <\/span><span class=\"s11\">dimethicone<\/span><span class=\"s11\">, lanolin<\/span><span class=\"s11\">a<\/span><span class=\"s11\">, vaselin<\/span><span class=\"s11\">a<\/span><span class=\"s11\">.<\/span><\/p>\n<p class=\"s15\"><span class=\"s8\">Aplica\u00e7\u00f5es:<\/span><\/p>\n<p class=\"s18\">A Manteiga de Tucum\u00e3 \u00e9 ideal para produtos voltados a preven\u00e7\u00e3o e tratamento de peles secas e desidratadas e em produtos capilares para cabelos danificados. Pode ser adicionada em cremes, manteigas, lo\u00e7\u00f5es, balsamos, sabonete, shampoo e condicionador em barras, \u00a0maquiagens.<\/p>\n<p class=\"s15\"><span class=\"s8\">Concentra\u00e7\u00e3o de uso:<\/span><span class=\"s8\"> \u00a0<\/span><\/p>\n<p class=\"s18\">Cremes, emuls\u00f5es, condicionadores: 0,5 \u2013 5 %<\/p>\n<p class=\"s18\">Cosm\u00e9ticos anidros: 1 a 90 %<\/p>\n<p class=\"s20\"><span class=\"s10\">CARACTER\u00cdSTICAS F<\/span><span class=\"s10\">\u00cd<\/span><span class=\"s10\">SICO<\/span><span class=\"s10\">&#8211;<\/span><span class=\"s10\">QU\u00cdMICAS<\/span><\/p>\n<table>\n<tbody>\n<tr>\n<td class=\"s21\">\n<div>\n<p class=\"s4\"><span class=\"s11\">Apar\u00eancia<\/span><\/p>\n<\/div>\n<\/td>\n<td class=\"s21\">\n<div>\n<p class=\"s4\"><span class=\"s11\">Solido <\/span><\/p>\n<\/div>\n<\/td>\n<\/tr>\n<tr>\n<td class=\"s21\">\n<div>\n<p class=\"s4\"><span class=\"s11\">Cor<\/span><\/p>\n<\/div>\n<\/td>\n<td class=\"s21\">\n<div>\n<p class=\"s4\"><span class=\"s11\">Amarelo <\/span><\/p>\n<\/div>\n<\/td>\n<\/tr>\n<tr>\n<td class=\"s21\">\n<div>\n<p class=\"s4\"><span class=\"s11\">Odor<\/span><\/p>\n<\/div>\n<\/td>\n<td class=\"s21\">\n<div>\n<p class=\"s4\"><span class=\"s11\">Caracter\u00edstico<\/span><\/p>\n<\/div>\n<\/td>\n<\/tr>\n<tr>\n<td class=\"s21\">\n<div>\n<p class=\"s4\"><span class=\"s11\">\u00cdndice de Acidez (<\/span><span class=\"s11\">mgKOH<\/span><span class=\"s11\">\/g)<\/span><\/p>\n<\/div>\n<\/td>\n<td class=\"s21\">\n<div>\n<p class=\"s4\">0 &#8211; 10,0<\/p>\n<\/div>\n<\/td>\n<\/tr>\n<tr>\n<td class=\"s21\">\n<div>\n<p class=\"s22\"><span class=\"s11\">\u00cdndice de<\/span><span class=\"s11\"> Iodo <\/span><\/p>\n<\/div>\n<\/td>\n<td class=\"s21\">\n<div>\n<p class=\"s4\">8 -16 gI<span class=\"s23\">2<\/span>\/100g<\/p>\n<\/div>\n<\/td>\n<\/tr>\n<tr>\n<td class=\"s21\">\n<div>\n<p class=\"s4\"><span class=\"s11\">\u00cdndice de Per\u00f3xido (meq<\/span><span class=\"s11\">O<\/span><span class=\"s24\">2<\/span><span class=\"s11\">\/Kg)<\/span><\/p>\n<\/div>\n<\/td>\n<td class=\"s21\">\n<div>\n<p class=\"s4\">0 &#8211; \u00a010,00<\/p>\n<\/div>\n<\/td>\n<\/tr>\n<tr>\n<td class=\"s21\">\n<div>\n<p class=\"s22\"><span class=\"s11\">\u00cdndice de saponifica\u00e7\u00e3o \u00a0<\/span><\/p>\n<\/div>\n<\/td>\n<td class=\"s21\">\n<div>\n<p class=\"s4\">235 \u2013 255 mg KOH\/g<\/p>\n<\/div>\n<\/td>\n<\/tr>\n<tr>\n<td class=\"s21\">\n<div>\n<p class=\"s22\"><span class=\"s11\">Ponto de fus\u00e3o <\/span><\/p>\n<\/div>\n<\/td>\n<td class=\"s21\">\n<div>\n<p class=\"s4\">25 \u2013 35\u00baC<\/p>\n<\/div>\n<\/td>\n<\/tr>\n<tr>\n<td class=\"s21\">\n<div>\n<p class=\"s22\"><span class=\"s11\">Umidade <\/span><\/p>\n<\/div>\n<\/td>\n<td class=\"s21\">\n<div>\n<p class=\"s4\">0 \u2013 1 %<\/p>\n<\/div>\n<\/td>\n<\/tr>\n<\/tbody>\n<\/table>\n<p class=\"s28\"><span class=\"s26\">A<\/span><span class=\"s26\">RMAZENAMENTO:<\/span><span class=\"s27\"> \u00a0<\/span><span class=\"s27\">Armazenar em local fresco e arejado ao abrigo da luz, \u00e0 temperatura constante preferencialmente ambiente. <\/span><span class=\"s27\">Temperatura recomendada para armazenagem \u00e9 de 22\u00b0C \u00b12\u00b0C.<\/span><\/p>\n<p class=\"s29\"><span class=\"s10\">REFER\u00caNCIAS<\/span><span class=\"s11\">: BARUQUE-RAMOS, Julia. Chemical characterization of Amazonian non-polar vegetal extracts (<\/span><span class=\"s11\">buriti<\/span><span class=\"s11\">,<\/span> <span class=\"s11\">tucum\u00e3<\/span><span class=\"s11\">, Brazil nut, <\/span><span class=\"s11\">cupua\u00e7u<\/span><span class=\"s11\">, and cocoa) by infrared spectroscopy (FTIR) and gas chromatography (GC-FID).<\/span><\/p>\n<p class=\"s29\"><span class=\"s11\">FEITOSA, Jefferson Maia et al. Evaluation of the quality of Amazonian butters as sustainable raw materials for<\/span> <span class=\"s11\">applications in bioproducts. <\/span><span class=\"s11\">Revista de Ci\u00eancias Farmac\u00eauticas B\u00e1sica e Aplicada, v. 42, p. 1-11, 2021.<\/span><\/p>\n<p class=\"s29\"><span class=\"s11\">LEONARDI, Barbara et al. Chemical characterization of Amazonian non-polar vegetal extracts (<\/span><span class=\"s11\">buriti<\/span><span class=\"s11\">, <\/span><span class=\"s11\">tucum\u00e3<\/span><span class=\"s11\">, Brazil<\/span> <span class=\"s11\">nut, <\/span><span class=\"s11\">cupua\u00e7u<\/span><span class=\"s11\">, and cocoa) by infrared spectroscopy (FTIR) and gas chromatography (GC-FID). <\/span><span class=\"s11\">Infarma-Ci\u00eancias<\/span> <span class=\"s11\">Farmac\u00eauticas<\/span><span class=\"s11\">, v. 31, n. 3, p. 163-176, 2019.<\/span><\/p>\n","protected":false},"excerpt":{"rendered":"<p>Gordura vegetal extra\u00edda das sementes do tucum\u00e3, t\u00edpica da regi\u00e3o amaz\u00f4nica. Usada em hidratantes e produtos capilares por sua capacidade de nutri\u00e7\u00e3o profunda. Rica em carotenoides, ajuda a revitalizar peles e cabelos secos e danificados. Embora n\u00e3o seja tradicionalmente usada em aromaterapia, seu aroma suave e textura rica s\u00e3o apreciados em massagens e cosm\u00e9ticos sensoriais. Possui propriedades antioxidantes e potencial regenerador da pele. Pode ser usada em lo\u00e7\u00f5es e pomadas calmantes.<\/p>\n","protected":false},"featured_media":2256,"comment_status":"open","ping_status":"closed","template":"","meta":{"_joinchat":[]},"product_brand":[],"product_cat":[58],"product_tag":[],"class_list":{"0":"post-2183","1":"product","2":"type-product","3":"status-publish","4":"has-post-thumbnail","6":"product_cat-manteiga","8":"first","9":"instock","10":"sold-individually","11":"taxable","12":"shipping-taxable","13":"purchasable","14":"product-type-variable"},"_links":{"self":[{"href":"https:\/\/ybibrazil.com\/en\/wp-json\/wp\/v2\/product\/2183","targetHints":{"allow":["GET"]}}],"collection":[{"href":"https:\/\/ybibrazil.com\/en\/wp-json\/wp\/v2\/product"}],"about":[{"href":"https:\/\/ybibrazil.com\/en\/wp-json\/wp\/v2\/types\/product"}],"replies":[{"embeddable":true,"href":"https:\/\/ybibrazil.com\/en\/wp-json\/wp\/v2\/comments?post=2183"}],"wp:featuredmedia":[{"embeddable":true,"href":"https:\/\/ybibrazil.com\/en\/wp-json\/wp\/v2\/media\/2256"}],"wp:attachment":[{"href":"https:\/\/ybibrazil.com\/en\/wp-json\/wp\/v2\/media?parent=2183"}],"wp:term":[{"taxonomy":"product_brand","embeddable":true,"href":"https:\/\/ybibrazil.com\/en\/wp-json\/wp\/v2\/product_brand?post=2183"},{"taxonomy":"product_cat","embeddable":true,"href":"https:\/\/ybibrazil.com\/en\/wp-json\/wp\/v2\/product_cat?post=2183"},{"taxonomy":"product_tag","embeddable":true,"href":"https:\/\/ybibrazil.com\/en\/wp-json\/wp\/v2\/product_tag?post=2183"}],"curies":[{"name":"wp","href":"https:\/\/api.w.org\/{rel}","templated":true}]}}