{"id":2187,"date":"2025-08-13T15:57:10","date_gmt":"2025-08-13T18:57:10","guid":{"rendered":"https:\/\/ybibrazil.com\/?post_type=product&#038;p=2187"},"modified":"2025-11-24T16:46:19","modified_gmt":"2025-11-24T19:46:19","slug":"manteiga-de-bacuri","status":"publish","type":"product","link":"https:\/\/ybibrazil.com\/en\/product\/manteiga-de-bacuri\/","title":{"rendered":"MANTEIGA DE BACURI"},"content":{"rendered":"<p>A composi\u00e7\u00e3o graxa da manteiga do bacuri (Platonia insignis) corresponde a uma manteiga de alta absor\u00e7\u00e3o, devido ao seu elevado n\u00edvel de tripalmitina (50 a 55%), que age como um conduinte penetrando na pele rapidamente. O alto valor do \u00e1cido graxo palmitol\u00e9ico (5%), em compara\u00e7\u00e3o com outros \u00f3leos que n\u00e3o possuem mais que 0,5 a 1,5 %, qualifica o \u00f3leo do bacuri como um emoliente fant\u00e1stico podendo tamb\u00e9m ser utilizado como umectante.<\/p>\n<p class=\"s7\"><span class=\"s5\">FICHA T\u00c9CNICA<\/span><\/p>\n<p class=\"s10\"><span class=\"s9\">Nome da Subst\u00e2ncia:<\/span> Manteiga de Bacuri<\/p>\n<p class=\"s10\"><span class=\"s9\">Composi\u00e7\u00e3o<\/span>: 100%<\/p>\n<p class=\"s10\"><span class=\"s9\">CAS<\/span>:<\/p>\n<p class=\"s10\"><span class=\"s9\">INCI<\/span>: ORBIGNYA OLEIFERA SEED BUTTER<\/p>\n<p class=\"s12\"><span class=\"s9\">Caracter\u00edsticas: <\/span><\/p>\n<p class=\"s12\"><span class=\"s9\">Aplica\u00e7\u00f5es:<\/span><\/p>\n<p class=\"s13\">Cosm\u00e9tico: cremes, lo\u00e7\u00f5es, shampoos, condicionador, mascara hidratante, sabonetes, \u00f3leos de banho, produtos para massagem, produtos para preven\u00e7\u00e3o de estrias.<\/p>\n<p class=\"s12\"><span class=\"s9\">Concentra\u00e7\u00e3o de uso:<\/span><span class=\"s9\"> \u00a0<\/span>0,5 a 10% em formula\u00e7\u00f5es cosm\u00e9ticas.<\/p>\n<p class=\"s15\"><span class=\"s14\">CARACTER\u00cdSTICAS F<\/span><span class=\"s14\">\u00cd<\/span><span class=\"s14\">SICO QU\u00cdMICAS<\/span><\/p>\n<table>\n<tbody>\n<tr>\n<td class=\"s16\">\n<div>\n<p class=\"s18\"><span class=\"s17\">Apar\u00eancia<\/span><\/p>\n<\/div>\n<\/td>\n<td class=\"s16\">\n<div>\n<p class=\"s18\">S\u00f3lido Pastoso<\/p>\n<\/div>\n<\/td>\n<\/tr>\n<tr>\n<td class=\"s16\">\n<div>\n<p class=\"s18\"><span class=\"s17\">Cor<\/span><\/p>\n<\/div>\n<\/td>\n<td class=\"s16\">\n<div>\n<p class=\"s18\">Caracter\u00edstico<\/p>\n<\/div>\n<\/td>\n<\/tr>\n<tr>\n<td class=\"s16\">\n<div>\n<p class=\"s18\"><span class=\"s17\">Odor<\/span><\/p>\n<\/div>\n<\/td>\n<td class=\"s16\">\n<div>\n<p class=\"s18\">Amarelo claro<\/p>\n<\/div>\n<\/td>\n<\/tr>\n<tr>\n<td class=\"s16\">\n<div>\n<p class=\"s18\"><span class=\"s17\">Densidade a 20\u00b0C<\/span><span class=\"s17\"> (<\/span>g\/cm<span class=\"s19\">3<\/span>)<\/p>\n<\/div>\n<\/td>\n<td class=\"s16\">\n<div>\n<p class=\"s18\">de 0,89 a 0,93<\/p>\n<\/div>\n<\/td>\n<\/tr>\n<tr>\n<td class=\"s16\">\n<div>\n<p class=\"s18\"><span class=\"s17\">\u00cdndice de Iodo <\/span><span class=\"s17\">cgl<\/span><span class=\"s17\">\/g<\/span><\/p>\n<\/div>\n<\/td>\n<td class=\"s16\">\n<div>\n<p class=\"s18\">10 &#8211; 20<\/p>\n<\/div>\n<\/td>\n<\/tr>\n<tr>\n<td class=\"s16\">\n<div>\n<p class=\"s18\"><span class=\"s17\">\u00cdndice de Saponifica\u00e7\u00e3o (<\/span><span class=\"s17\">mgKOH<\/span><span class=\"s17\">\/g)<\/span><\/p>\n<\/div>\n<\/td>\n<td class=\"s16\">\n<div>\n<p class=\"s18\">240 &#8211; 260<\/p>\n<\/div>\n<\/td>\n<\/tr>\n<tr>\n<td class=\"s16\">\n<div>\n<p class=\"s18\"><span class=\"s17\">\u00cdndice de Acidez (<\/span><span class=\"s17\">mgKOH<\/span><span class=\"s17\">\/g)<\/span><\/p>\n<\/div>\n<\/td>\n<td class=\"s16\">\n<div>\n<p class=\"s18\">M\u00e1ximo 0,6<\/p>\n<\/div>\n<\/td>\n<\/tr>\n<tr>\n<td class=\"s16\">\n<div>\n<p class=\"s18\"><span class=\"s17\">\u00cdndice de Per\u00f3xido (<\/span><span class=\"s17\">meq<\/span><span class=\"s17\">\/Kg)<\/span><\/p>\n<\/div>\n<\/td>\n<td class=\"s16\">\n<div>\n<p class=\"s18\">M\u00e1ximo 1,0<\/p>\n<\/div>\n<\/td>\n<\/tr>\n<tr>\n<td class=\"s16\">\n<div>\n<p class=\"s18\"><span class=\"s17\">Umidade <\/span><\/p>\n<\/div>\n<\/td>\n<td class=\"s16\">\n<div>\n<p class=\"s18\">Isento<\/p>\n<\/div>\n<\/td>\n<\/tr>\n<tr>\n<td class=\"s16\">\n<div>\n<p class=\"s20\">Ponto de Fus\u00e3o (C\u00b0)<\/p>\n<\/div>\n<\/td>\n<td class=\"s16\">\n<div>\n<p class=\"s18\">27 \u2013 32<\/p>\n<\/div>\n<\/td>\n<\/tr>\n<\/tbody>\n<\/table>\n<p class=\"s22\"><span class=\"s14\">Armazenamento<\/span><span class=\"s14\">:<\/span><span class=\"s17\"> \u00a0Armazenar em local fresco e arejado ao abrigo da luz, \u00e0 temperatura constante preferencialmente ambiente.<\/span><\/p>\n<p class=\"s25\"><span class=\"s24\">Referencias: <\/span><\/p>\n<p class=\"s11\"><span class=\"s27\">&#8211; <\/span><span class=\"s27\">AMARAL, Fernando. T\u00e9cnicas de Aplica\u00e7\u00e3o de \u00d3leos Essenciais\u2013Terapias de Sa\u00fade e Beleza.\u00a0<\/span><span class=\"s28\">S\u00e3o Paulo: <\/span><span class=\"s28\">Cengage<\/span><span class=\"s28\"> Learning<\/span><\/p>\n","protected":false},"excerpt":{"rendered":"<p>Manteiga extra\u00edda das sementes do bacurizeiro, fruta t\u00edpica da regi\u00e3o amaz\u00f4nica. Altamente nutritiva e com colora\u00e7\u00e3o escura, usada para tratar manchas, cicatrizes e hiperpigmenta\u00e7\u00f5es. Comumente usada em lo\u00e7\u00f5es e pomadas. Pode ter uso reconfortante e restaurador em massagens sensoriais, especialmente em formula\u00e7\u00f5es terap\u00eauticas. Indicada para tratar dermatites, micoses e inflama\u00e7\u00f5es cut\u00e2neas. Propriedades analg\u00e9sicas e cicatrizantes.<\/p>\n","protected":false},"featured_media":2241,"comment_status":"open","ping_status":"closed","template":"","meta":{"_joinchat":[]},"product_brand":[],"product_cat":[58],"product_tag":[],"class_list":{"0":"post-2187","1":"product","2":"type-product","3":"status-publish","4":"has-post-thumbnail","6":"product_cat-manteiga","8":"first","9":"instock","10":"sold-individually","11":"taxable","12":"shipping-taxable","13":"purchasable","14":"product-type-variable"},"_links":{"self":[{"href":"https:\/\/ybibrazil.com\/en\/wp-json\/wp\/v2\/product\/2187","targetHints":{"allow":["GET"]}}],"collection":[{"href":"https:\/\/ybibrazil.com\/en\/wp-json\/wp\/v2\/product"}],"about":[{"href":"https:\/\/ybibrazil.com\/en\/wp-json\/wp\/v2\/types\/product"}],"replies":[{"embeddable":true,"href":"https:\/\/ybibrazil.com\/en\/wp-json\/wp\/v2\/comments?post=2187"}],"wp:featuredmedia":[{"embeddable":true,"href":"https:\/\/ybibrazil.com\/en\/wp-json\/wp\/v2\/media\/2241"}],"wp:attachment":[{"href":"https:\/\/ybibrazil.com\/en\/wp-json\/wp\/v2\/media?parent=2187"}],"wp:term":[{"taxonomy":"product_brand","embeddable":true,"href":"https:\/\/ybibrazil.com\/en\/wp-json\/wp\/v2\/product_brand?post=2187"},{"taxonomy":"product_cat","embeddable":true,"href":"https:\/\/ybibrazil.com\/en\/wp-json\/wp\/v2\/product_cat?post=2187"},{"taxonomy":"product_tag","embeddable":true,"href":"https:\/\/ybibrazil.com\/en\/wp-json\/wp\/v2\/product_tag?post=2187"}],"curies":[{"name":"wp","href":"https:\/\/api.w.org\/{rel}","templated":true}]}}