{"id":1911,"date":"2025-08-06T16:41:46","date_gmt":"2025-08-06T19:41:46","guid":{"rendered":"https:\/\/ybibrazil.com\/?post_type=product&#038;p=1911"},"modified":"2026-04-10T10:25:39","modified_gmt":"2026-04-10T13:25:39","slug":"oleo-essencial-de-melaleuca","status":"publish","type":"product","link":"https:\/\/ybibrazil.com\/zh-hans\/product\/oleo-essencial-de-melaleuca\/","title":{"rendered":"OLEO ESSENCIAL DE MELALEUCA"},"content":{"rendered":"<p>\u00d3leo de melaleuca apresenta in\u00fameras indica\u00e7\u00f5es terap\u00eauticas, sobretudo, devido ao seu principal constituinte ativo, o terpinen-4-ol, com comprovadas propriedades antimicrobiana e anti-inflamat\u00f3ria. \u00c9 indicado no tratamento de acne, candid\u00edase, p\u00e9 de atleta, micoses, picadas de insetos, inflama\u00e7\u00f5es da pele, higiene dent\u00e1ria, couro cabeludo.<\/p>\n<p class=\"s8\"><span class=\"s5\">FICHA T\u00c9CNICA<\/span>\u200b<\/p>\n<p class=\"s12\"><span class=\"s10\">Nome da Subst\u00e2ncia:<\/span> \u00d3leo Essencial de Melaleuca (<span class=\"s11\">Melaleuca <\/span><span class=\"s11\">alternif<\/span><span class=\"s11\">o<\/span><span class=\"s11\">lia<\/span>)<\/p>\n<p class=\"s12\"><span class=\"s10\">Composi\u00e7\u00e3o<\/span>: 100%<\/p>\n<p class=\"s16\"><span class=\"s13\">CAS<\/span><span class=\"s14\">:<\/span> <span class=\"s15\">85085-48-9 \/ 8022-72-8 \/ 68647-73-4<\/span><\/p>\n<p class=\"s16\"><span class=\"s17\">EINECS:<\/span> <span class=\"s15\">285-377-1<\/span><\/p>\n<p class=\"s16\"><span class=\"s17\">INCI: <\/span><span class=\"s15\">MELALEUCA ALTERNIFOLIA LEAF OIL<\/span><\/p>\n<p class=\"s19\"><span class=\"s10\">Caracter\u00edsticas: <\/span>O <a name=\"_Hlk107910009\"><\/a>\u00d3leo Essencial de Melaleuca, tamb\u00e9m conhecido popularmente como Tea tree, \u00e9 obtido pelo processo de destila\u00e7\u00e3o por \u00a0arraste a vapor das folhas <span class=\"s11\">in natura<\/span> de <span class=\"s11\">Melaleuca <\/span><span class=\"s11\">alternif\u00f3lia. <\/span>A Melaleuca \u00e9 uma esp\u00e9cie arb\u00f3rea originaria da Austr\u00e1lia. Seu \u00f3leo \u00e9 um produto natural muito complexo, contendo uma mistura de mais de 40 componentes, \u00a0hidrocarbonetos terp\u00eanicos, principalmente monoterpenos, sesquiterpenos e de seus \u00e1lcoois associados. Os principais componentes s\u00e3o: Terpinen-4-ol; gama-terpineno; alfa-terpineno; cineole; terpinoleno; cymene; pinene; terpineol; aromadendrene; candinene; limoneno; sabineno; globulol; viridiflorol. \u00d3leo Essencial de Melaleuca \u00e9 um produto vastamente empregado como ativo dermatol\u00f3gico por possuir comprovada a\u00e7\u00e3o antimicrobiana frente a diversos pat\u00f3genos.<\/p>\n<p class=\"s19\"><span class=\"s10\">Aplica\u00e7\u00f5es:<\/span> \u00d3leo de melaleuca apresenta in\u00fameras indica\u00e7\u00f5es terap\u00eauticas, sobretudo, devido ao seu principal constituinte ativo, o terpinen-4-ol, com comprovadas propriedades antimicrobiana e anti-inflamat\u00f3ria. Apresenta um amplo espectro de a\u00e7\u00e3o antibacteriana, que compreende tanto as esp\u00e9cies gram-positivas quanto as gram-negativas, al\u00e9m de atividade antif\u00fangica potente. \u00c9 indicado no tratamento de acne, candid\u00edase, p\u00e9 de atleta, micoses, picadas de insetos, inflama\u00e7\u00f5es da pele, higiene dent\u00e1ria, couro cabeludo. O \u00f3leo de melaleuca tamb\u00e9m \u00e9 popularmente utilizado para eliminar piolhos e l\u00eandeas. Pode ser incorporado em cremes, lo\u00e7\u00f5es, sabonetes e shampoos antiss\u00e9pticos, em produtos para pele oleosa, p\u00f3s-depilat\u00f3rios, desodorantes.<\/p>\n<p class=\"s21\"><span class=\"s10\">Concentra\u00e7\u00e3o de uso:<\/span><span class=\"s10\"> \u00a0<\/span><span class=\"s14\">0,<\/span><span class=\"s14\">1<\/span><span class=\"s14\"> \u2013 <\/span><span class=\"s14\">1,<\/span><span class=\"s14\">5%<\/span><\/p>\n<p class=\"s24\"><span class=\"s13\">CARACTER\u00cdSTICAS <\/span><span class=\"s22\">F\u00cdSICO<\/span><span class=\"s23\">&#8211;<\/span><span class=\"s22\">QU\u00cdMICAS<\/span><\/p>\n<table>\n<tbody>\n<tr>\n<td class=\"s25\">\n<div>\n<p class=\"s4\"><span class=\"s14\">Apar\u00eancia<\/span><\/p>\n<\/div>\n<\/td>\n<td class=\"s25\">\n<div>\n<p class=\"s4\">Liquido transl\u00facido, baixa viscosidade<\/p>\n<\/div>\n<\/td>\n<\/tr>\n<tr>\n<td class=\"s25\">\n<div>\n<p class=\"s4\"><span class=\"s14\">Cor<\/span><\/p>\n<\/div>\n<\/td>\n<td class=\"s25\">\n<div>\n<p class=\"s4\">Levemente amarelado<\/p>\n<\/div>\n<\/td>\n<\/tr>\n<tr>\n<td class=\"s25\">\n<div>\n<p class=\"s4\"><span class=\"s14\">Odor<\/span><\/p>\n<\/div>\n<\/td>\n<td class=\"s25\">\n<div>\n<p class=\"s4\">Caracter\u00edstico<\/p>\n<\/div>\n<\/td>\n<\/tr>\n<tr>\n<td class=\"s25\">\n<div>\n<p class=\"s4\">Solubilidade em \u00c1gua<\/p>\n<\/div>\n<\/td>\n<td class=\"s25\">\n<div>\n<p class=\"s4\">Insol\u00favel<\/p>\n<\/div>\n<\/td>\n<\/tr>\n<tr>\n<td class=\"s25\">\n<div>\n<p class=\"s4\">Solubilidade em \u00e1lcool 96<span class=\"s26\">o<\/span>GL<\/p>\n<\/div>\n<\/td>\n<td class=\"s25\">\n<div>\n<p class=\"s4\">Sol\u00favel<\/p>\n<\/div>\n<\/td>\n<\/tr>\n<tr>\n<td class=\"s25\">\n<div>\n<p class=\"s27\"><span class=\"s14\">Densidade (20\u00baC)<\/span><\/p>\n<\/div>\n<\/td>\n<td class=\"s25\">\n<div>\n<p class=\"s4\">0,850 &#8211; 0,950<\/p>\n<\/div>\n<\/td>\n<\/tr>\n<\/tbody>\n<\/table>\n<p class=\"s30\"><span class=\"s29\">PERFIL CROMATOGRAFICO (CROMATOGRAFIA GASOSA)<\/span><\/p>\n<p class=\"s32\"><span class=\"s29\">ARMAZENAMENTO:<\/span><span class=\"s31\"> \u00a0<\/span><span class=\"s31\">Armazenar em local fresco e arejado ao abrigo da luz, \u00e0 temperatura constante<\/span><span class=\"s31\">, <\/span><span class=\"s31\">preferencialmente <\/span><span class=\"s31\">de <\/span><span class=\"s31\">4<\/span><span class=\"s31\">\u00b0C <\/span><span class=\"s31\">a 27 <\/span><span class=\"s31\">\u00b0C<\/span><span class=\"s31\">. <\/span><\/p>\n<table>\n<tbody>\n<tr>\n<td>\n<div>\n<p class=\"s34\"><span class=\"s13\">DECLARA\u00c7\u00d5ES<\/span><\/p>\n<\/div>\n<\/td>\n<td>\n<div>\n<p class=\"s35\"><span class=\"s14\">Produto 100% puro, sem adicional de conservantes.<\/span><\/p>\n<p class=\"s35\"><span class=\"s14\">Livre de organismos geneticamente modificados (GMO).<\/span><\/p>\n<p class=\"s35\"><span class=\"s14\">N\u00e3o testado em animais.<\/span><\/p>\n<\/div>\n<\/td>\n<\/tr>\n<\/tbody>\n<\/table>\n<p class=\"s37\"><span class=\"s13\">REFERENCIAS:<\/span><\/p>\n<p class=\"s39\"><span class=\"s38\">ALONSO, Jorge. Tratado de fitof\u00e1rmacos y <\/span><span class=\"s38\">nutrac\u00e9uticos<\/span><span class=\"s38\">. 1. ed. Rosario: Corpus <\/span><span class=\"s38\">Libros<\/span><span class=\"s38\">, 2004. <\/span><\/p>\n<p class=\"s39\"><span class=\"s38\">BASTISTUZZO, J.A.O; ITAYA, M; ETO, Y. Formul\u00e1rio M\u00e9dico Farmac\u00eautico. <\/span><span class=\"s38\">S\u00e3o Paulo: <\/span><span class=\"s38\">Pharmabooks<\/span><span class=\"s38\">, 2011. 4 Ed. <\/span><span class=\"s38\">Halc\u00f3n<\/span><span class=\"s38\"> L, Mikus K. <\/span><span class=\"s38\">Staphylococcua<\/span><span class=\"s38\"> aureus and wounds: a review of tea tree oil as a promising antimicrobial. <\/span><span class=\"s38\">Am J <\/span><span class=\"s38\">Infect<\/span> <span class=\"s38\">Control<\/span><span class=\"s38\">. 2004 <\/span><\/p>\n<p class=\"s39\"><span class=\"s38\">GARCIA, C.C.; et al. Desenvolvimento e avalia\u00e7\u00e3o da estabilidade f\u00edsico-qu\u00edmica de formula\u00e7\u00f5es de sabonete l\u00edquido \u00edntimo acrescidas de \u00f3leo de melaleuca. Rev. Bras. Farm., v. 90, n.3, p.236-240, 2009. <\/span><\/p>\n<p class=\"s39\"><span class=\"s38\">OLIVEIRA, A.C.M.; et al. Emprego do \u00f3leo de Melaleuca <\/span><span class=\"s38\">alternifolia<\/span> <span class=\"s38\">Cheel<\/span><span class=\"s38\"> (<\/span><span class=\"s38\">Myrtaceae<\/span><span class=\"s38\">) na odontologia: perspectivas quanto \u00e0 utiliza\u00e7\u00e3o como antimicrobiano alternativo \u00e0s doen\u00e7as infecciosas de origem <\/span><span class=\"s38\">buccal<\/span><span class=\"s38\">. Rev. Bras. Pl. Med., v.13, n.4, p.492-499, 2011. <\/span><\/p>\n<p class=\"s39\"><span class=\"s38\">VIEIRA, Tatiana R. et al . Constituintes qu\u00edmicos de Melaleuca <\/span><span class=\"s38\">alternifolia<\/span><span class=\"s38\"> (<\/span><span class=\"s38\">Myrtaceae<\/span><span class=\"s38\">). Qu\u00edm. Nova, S\u00e3o Paulo , v. 27, n. 4, 2004.<\/span><\/p>\n","protected":false},"excerpt":{"rendered":"<p>O \u00d3leo Essencial de Melaleuca, tamb\u00e9m conhecido popularmente como Tea tree, \u00e9 obtido pelo processo de destila\u00e7\u00e3o por arraste a vapor das folhas in natura de Melaleuca<br \/>\nalternif\u00f3lia. \u00d3leo Essencial de Melaleuca \u00e9 um produto vastamente empregado como ativo dermatol\u00f3gico por possuir comprovada a\u00e7\u00e3o antimicrobiana frente a diversos pat\u00f3genos<\/p>\n","protected":false},"featured_media":2658,"comment_status":"open","ping_status":"closed","template":"","meta":{"_joinchat":[]},"product_brand":[],"product_cat":[48],"product_tag":[57,47],"class_list":{"0":"post-1911","1":"product","2":"type-product","3":"status-publish","4":"has-post-thumbnail","6":"product_cat-oleo-essencial","7":"product_tag-essencial","8":"product_tag-oleos","10":"first","11":"instock","12":"taxable","13":"shipping-taxable","14":"purchasable","15":"product-type-variable"},"_links":{"self":[{"href":"https:\/\/ybibrazil.com\/zh-hans\/wp-json\/wp\/v2\/product\/1911","targetHints":{"allow":["GET"]}}],"collection":[{"href":"https:\/\/ybibrazil.com\/zh-hans\/wp-json\/wp\/v2\/product"}],"about":[{"href":"https:\/\/ybibrazil.com\/zh-hans\/wp-json\/wp\/v2\/types\/product"}],"replies":[{"embeddable":true,"href":"https:\/\/ybibrazil.com\/zh-hans\/wp-json\/wp\/v2\/comments?post=1911"}],"wp:featuredmedia":[{"embeddable":true,"href":"https:\/\/ybibrazil.com\/zh-hans\/wp-json\/wp\/v2\/media\/2658"}],"wp:attachment":[{"href":"https:\/\/ybibrazil.com\/zh-hans\/wp-json\/wp\/v2\/media?parent=1911"}],"wp:term":[{"taxonomy":"product_brand","embeddable":true,"href":"https:\/\/ybibrazil.com\/zh-hans\/wp-json\/wp\/v2\/product_brand?post=1911"},{"taxonomy":"product_cat","embeddable":true,"href":"https:\/\/ybibrazil.com\/zh-hans\/wp-json\/wp\/v2\/product_cat?post=1911"},{"taxonomy":"product_tag","embeddable":true,"href":"https:\/\/ybibrazil.com\/zh-hans\/wp-json\/wp\/v2\/product_tag?post=1911"}],"curies":[{"name":"wp","href":"https:\/\/api.w.org\/{rel}","templated":true}]}}