{"id":1912,"date":"2025-08-06T16:41:46","date_gmt":"2025-08-06T19:41:46","guid":{"rendered":"https:\/\/ybibrazil.com\/?post_type=product&#038;p=1912"},"modified":"2026-04-13T15:47:40","modified_gmt":"2026-04-13T18:47:40","slug":"oleo-essencial-de-geranio-africa","status":"publish","type":"product","link":"https:\/\/ybibrazil.com\/zh-hans\/product\/oleo-essencial-de-geranio-africa\/","title":{"rendered":"OLEO ESSENCIAL DE GERANIO AFRICA"},"content":{"rendered":"<p>\u00d3leo essencial de ger\u00e2nio africano pode ser usado em cosm\u00e9ticos devido \u00e0s suas\u00a0propriedades ben\u00e9ficas para a pele: Equilibra a pele: \u00fatil para peles oleosas ou mistas. Suas propriedades antioxidantes podem ajudar a reduzir a apar\u00eancia de rugas e linhas finas.Pode auxiliar na recupera\u00e7\u00e3o de pequenas les\u00f5es cut\u00e2neas. Adiciona um aroma agrad\u00e1vel aos produtos cosm\u00e9ticos.<\/p>\n<p class=\"s7\"><span class=\"s6\">ESPECIFICA\u00c7\u00c3O TECNICA<\/span><\/p>\n<p class=\"s7\"><span class=\"s6\">OLEO ESSENCIAL DE GERANIO AFRICA<\/span><\/p>\n<p class=\"s8\"><a name=\"_GoBack\"><\/a><span class=\"s4\">Produto identificado: \u00d3leo Essencial Ger\u00e2nio<\/span><\/p>\n<p class=\"s8\"><span class=\"s4\">Pelargonium<\/span> <span class=\"s4\">graveolens<\/span> <span class=\"s4\">africa<\/span><\/p>\n<p class=\"s8\"><span class=\"s4\">Tipo: \u00d3leo Essencial 100% Puro<\/span><\/p>\n<p>&nbsp;<\/p>\n<p class=\"s9\"><span class=\"s6\">Propriedades <\/span>\u200b\u200b\u200b\u200b<span class=\"s6\">Resultados <\/span><\/p>\n<p class=\"s8\"><span class=\"s4\">ASPECTO <\/span>\u200b\u200b\u200b\u200b\u200b<span class=\"s4\">L\u00cdQUIDO <\/span><\/p>\n<p class=\"s8\"><span class=\"s4\">COR <\/span>\u200b\u200b\u200b\u200b\u200b\u200b<span class=\"s4\">AMARELO \u00c1 VERDE CLARO <\/span><\/p>\n<p class=\"s8\"><span class=\"s4\">ODOR <\/span>\u200b\u200b\u200b\u200b\u200b<span class=\"s4\">CARACTER\u00cdSTICO ROSAS E GERANIOL <\/span><\/p>\n<p class=\"s8\"><span class=\"s4\">DENSIDADE 25\u00b0 <\/span>\u200b\u200b\u200b\u200b<span class=\"s4\">0.9056 <\/span><\/p>\n<p class=\"s8\"><span class=\"s4\">\u00cdNDICE REFRA\u00c7\u00c3O <\/span>\u200b\u200b\u200b<span class=\"s4\">1.468 <\/span><\/p>\n<p class=\"s8\"><span class=\"s4\">ROTA\u00c7\u00c3O OPTICA <\/span>\u200b\u200b\u200b<span class=\"s4\">-5\u00b0<\/span><\/p>\n","protected":false},"excerpt":{"rendered":"<p>O \u00f3leo essencial de ger\u00e2nio africano \u00e9 conhecido por suas propriedades calmantes, anti-inflamat\u00f3rias e antioxidantes!<br \/>\n\u00c9 comumente usado em aromaterapia para promover relaxamento, reduzir o estresse e melhorar o humor . Al\u00e9m disso, pode ser utilizado em produtos de cuidado pessoal para equilibrar a pele e reduzir a apar\u00eancia de rugas<\/p>\n","protected":false},"featured_media":2646,"comment_status":"open","ping_status":"closed","template":"","meta":{"_joinchat":[]},"product_brand":[],"product_cat":[48],"product_tag":[57,47],"class_list":{"0":"post-1912","1":"product","2":"type-product","3":"status-publish","4":"has-post-thumbnail","6":"product_cat-oleo-essencial","7":"product_tag-essencial","8":"product_tag-oleos","10":"first","11":"instock","12":"taxable","13":"shipping-taxable","14":"purchasable","15":"product-type-variable"},"_links":{"self":[{"href":"https:\/\/ybibrazil.com\/zh-hans\/wp-json\/wp\/v2\/product\/1912","targetHints":{"allow":["GET"]}}],"collection":[{"href":"https:\/\/ybibrazil.com\/zh-hans\/wp-json\/wp\/v2\/product"}],"about":[{"href":"https:\/\/ybibrazil.com\/zh-hans\/wp-json\/wp\/v2\/types\/product"}],"replies":[{"embeddable":true,"href":"https:\/\/ybibrazil.com\/zh-hans\/wp-json\/wp\/v2\/comments?post=1912"}],"wp:featuredmedia":[{"embeddable":true,"href":"https:\/\/ybibrazil.com\/zh-hans\/wp-json\/wp\/v2\/media\/2646"}],"wp:attachment":[{"href":"https:\/\/ybibrazil.com\/zh-hans\/wp-json\/wp\/v2\/media?parent=1912"}],"wp:term":[{"taxonomy":"product_brand","embeddable":true,"href":"https:\/\/ybibrazil.com\/zh-hans\/wp-json\/wp\/v2\/product_brand?post=1912"},{"taxonomy":"product_cat","embeddable":true,"href":"https:\/\/ybibrazil.com\/zh-hans\/wp-json\/wp\/v2\/product_cat?post=1912"},{"taxonomy":"product_tag","embeddable":true,"href":"https:\/\/ybibrazil.com\/zh-hans\/wp-json\/wp\/v2\/product_tag?post=1912"}],"curies":[{"name":"wp","href":"https:\/\/api.w.org\/{rel}","templated":true}]}}