{"id":1914,"date":"2025-08-06T16:41:47","date_gmt":"2025-08-06T19:41:47","guid":{"rendered":"https:\/\/ybibrazil.com\/?post_type=product&#038;p=1914"},"modified":"2026-04-30T10:16:40","modified_gmt":"2026-04-30T13:16:40","slug":"oleo-essencial-de-palmarosa","status":"publish","type":"product","link":"https:\/\/ybibrazil.com\/zh-hans\/product\/oleo-essencial-de-palmarosa\/","title":{"rendered":"OLEO ESSENCIAL DE PALMAROSA"},"content":{"rendered":"<p>O \u00f3leo essencial de Palmarosa \u00e9 uma planta herb\u00e1cea usada para produ\u00e7\u00e3o de \u00f3leo\u00a0essencial extra\u00eddo de suas folhas.Seu \u00f3leo essencial tem aroma muito parecido com o da rosa e \u00e9 composto de mirceno, linalol,\u00a0geraniol, acetato de geranila, limoneno. Descri\u00e7\u00e3o olfativa: fresco, floral, doce, um pouco similar\u00a0ao aroma de ger\u00e2nio. Tem a\u00e7\u00e3o estimulante, seu uso t\u00f3pico confere propriedades antiss\u00e9pticas,\u00a0regenerador de tecidos, sendo bastante indicado para peles secas, dermatite, pele madura, pele.<\/p>\n<p class=\"s7\"><span class=\"s5\">FICHA T\u00c9CNICA<\/span><\/p>\n<p class=\"s10\"><span class=\"s9\">Nome da Subst\u00e2ncia:<\/span> Cymbopogon Martini Leaf Oil<\/p>\n<p class=\"s10\"><span class=\"s9\">Composi\u00e7\u00e3o<\/span>: 100%<\/p>\n<p class=\"s10\"><span class=\"s9\">CAS<\/span>: <span class=\"s11\">84649-81-0<\/span><\/p>\n<p class=\"s10\"><span class=\"s9\">INCI<\/span>: Cymbopogon Martini Leaf Oil<\/p>\n<p class=\"s14\"><span class=\"s9\">Caracter\u00edsticas: <\/span>Originaria da \u00c1sia especialmente \u00cdndia e Nepal a Palmarosa(<span class=\"s13\">Cymbopogon<\/span> <span class=\"s13\">martini<\/span>) \u00e9 uma planta herb\u00e1cea usada para produ\u00e7\u00e3o de \u00f3leo essencial extra\u00eddo de suas folhas. Seu \u00f3leo essencial tem aroma muito parecido com o da rosa e \u00e9 composto de mirceno, linalol, geraniol, \u00a0acetato de geranila, limoneno. Descri\u00e7\u00e3o olfativa: fresco, floral, doce, um pouco similar ao aroma de ger\u00e2nio. Tem a\u00e7\u00e3o estimulante, seu uso t\u00f3pico confere propriedades antiss\u00e9pticas, regenerador de tecidos, sendo bastante indicado para peles secas, dermatite, pele madura, pele oleosa, acne, cicatrizes.<\/p>\n<p class=\"s12\"><span class=\"s9\">Aplica\u00e7\u00f5es:<\/span> Formula\u00e7\u00f5es de cremes, lo\u00e7\u00f5es e s\u00e9runs faciais, contorno dos olhos, limpeza facial, sabonete l\u00edquido, desodorantes, perfumes, produtos para cuidados dos l\u00e1bios. Shampoo, condicionadores e m\u00e1scaras de tratamento, t\u00f4nicos, \u00f3leos de banho e massagem.<\/p>\n<p class=\"s12\"><span class=\"s9\">Concentra\u00e7\u00e3o de uso:<\/span><span class=\"s9\"> \u00a0<\/span><span class=\"s15\">0,1 \u2013 1,0 %<\/span><\/p>\n<p class=\"s14\"><a name=\"_GoBack\"><\/a><\/p>\n<p class=\"s18\"><span class=\"s17\">CARACTER\u00cdSTICAS F<\/span><span class=\"s17\">\u00cd<\/span><span class=\"s17\">SICO<\/span><span class=\"s17\">&#8211;<\/span><span class=\"s17\">QU\u00cdMICAS<\/span><\/p>\n<table>\n<tbody>\n<tr>\n<td class=\"s19\">\n<div>\n<p class=\"s21\"><span class=\"s20\">Apar\u00eancia<\/span><\/p>\n<\/div>\n<\/td>\n<td class=\"s19\">\n<div>\n<p class=\"s21\">L\u00edquido l\u00edmpido<\/p>\n<\/div>\n<\/td>\n<\/tr>\n<tr>\n<td class=\"s19\">\n<div>\n<p class=\"s21\"><span class=\"s20\">Cor<\/span><\/p>\n<\/div>\n<\/td>\n<td class=\"s19\">\n<div>\n<p class=\"s21\">Levemente amarelado<\/p>\n<\/div>\n<\/td>\n<\/tr>\n<tr>\n<td class=\"s19\">\n<div>\n<p class=\"s21\"><span class=\"s20\">Odor<\/span><\/p>\n<\/div>\n<\/td>\n<td class=\"s19\">\n<div>\n<p class=\"s21\"><span class=\"s20\">Caracter\u00edstico<\/span><\/p>\n<\/div>\n<\/td>\n<\/tr>\n<tr>\n<td class=\"s19\">\n<div>\n<p class=\"s21\">Densidade (20\u00b0C)<\/p>\n<\/div>\n<\/td>\n<td class=\"s19\">\n<div>\n<p class=\"s21\">0,860 &#8211; 0,900<\/p>\n<\/div>\n<\/td>\n<\/tr>\n<tr>\n<td class=\"s19\">\n<div>\n<p class=\"s21\">\u00cdndice de Refra\u00e7\u00e3o (20\u00b0C)<\/p>\n<\/div>\n<\/td>\n<td class=\"s19\">\n<div>\n<p class=\"s21\">1,463 a 1,552<\/p>\n<\/div>\n<\/td>\n<\/tr>\n<tr>\n<td class=\"s19\">\n<div>\n<p class=\"s21\">Geranila (%GC)<\/p>\n<\/div>\n<\/td>\n<td class=\"s19\">\n<div>\n<p class=\"s21\">Min\/Max 5 &#8211; 12 %<\/p>\n<\/div>\n<\/td>\n<\/tr>\n<tr>\n<td class=\"s19\">\n<div>\n<p class=\"s21\">Geraniol (%GC)<\/p>\n<\/div>\n<\/td>\n<td class=\"s19\">\n<div>\n<p class=\"s21\">Min\/Max 65 &#8211; 90 %<\/p>\n<\/div>\n<\/td>\n<\/tr>\n<\/tbody>\n<\/table>\n<p class=\"s12\">Esse produto n\u00e3o contem OGM e n\u00e3o foi utilizado para testes em animais.<\/p>\n<p class=\"s26\"><span class=\"s23\">ARMAZENAMENTO:<\/span><span class=\"s24\"> \u00a0<\/span><span class=\"s24\">Armazenar em local fresco e arejado ao abrigo da luz, \u00e0 temperatura constante preferencialmente ambiente.<\/span> <a name=\"_Hlk109982778\"><\/a><span class=\"s24\">Temperatura recomendada para armazenagem \u00e9 de 2<\/span><span class=\"s24\">2<\/span><span class=\"s24\">\u00b0C <\/span><span class=\"s24\">\u00b12<\/span><span class=\"s24\">\u00b0C<\/span><span class=\"s24\">.<\/span><\/p>\n","protected":false},"excerpt":{"rendered":"<p>O \u00f3leo essencial de palmarosa\u00a0\u00e9 conhecido por suas propriedades revitalizantes e equilibrantes, especialmente para a pele.\u00a0Ele pode ajudar com hidrata\u00e7\u00e3o, regenera\u00e7\u00e3o celular e na redu\u00e7\u00e3o de flacidez e rugas.\u00a0Al\u00e9m disso, possui a\u00e7\u00e3o antimicrobiana, antioxidante e pode auxiliar no clareamento de manchas escuras<\/p>\n","protected":false},"featured_media":2574,"comment_status":"open","ping_status":"closed","template":"","meta":{"_joinchat":[]},"product_brand":[],"product_cat":[48],"product_tag":[57,47],"class_list":{"0":"post-1914","1":"product","2":"type-product","3":"status-publish","4":"has-post-thumbnail","6":"product_cat-oleo-essencial","7":"product_tag-essencial","8":"product_tag-oleos","10":"first","11":"instock","12":"taxable","13":"shipping-taxable","14":"purchasable","15":"product-type-variable"},"_links":{"self":[{"href":"https:\/\/ybibrazil.com\/zh-hans\/wp-json\/wp\/v2\/product\/1914","targetHints":{"allow":["GET"]}}],"collection":[{"href":"https:\/\/ybibrazil.com\/zh-hans\/wp-json\/wp\/v2\/product"}],"about":[{"href":"https:\/\/ybibrazil.com\/zh-hans\/wp-json\/wp\/v2\/types\/product"}],"replies":[{"embeddable":true,"href":"https:\/\/ybibrazil.com\/zh-hans\/wp-json\/wp\/v2\/comments?post=1914"}],"wp:featuredmedia":[{"embeddable":true,"href":"https:\/\/ybibrazil.com\/zh-hans\/wp-json\/wp\/v2\/media\/2574"}],"wp:attachment":[{"href":"https:\/\/ybibrazil.com\/zh-hans\/wp-json\/wp\/v2\/media?parent=1914"}],"wp:term":[{"taxonomy":"product_brand","embeddable":true,"href":"https:\/\/ybibrazil.com\/zh-hans\/wp-json\/wp\/v2\/product_brand?post=1914"},{"taxonomy":"product_cat","embeddable":true,"href":"https:\/\/ybibrazil.com\/zh-hans\/wp-json\/wp\/v2\/product_cat?post=1914"},{"taxonomy":"product_tag","embeddable":true,"href":"https:\/\/ybibrazil.com\/zh-hans\/wp-json\/wp\/v2\/product_tag?post=1914"}],"curies":[{"name":"wp","href":"https:\/\/api.w.org\/{rel}","templated":true}]}}