{"id":1915,"date":"2025-08-06T16:41:47","date_gmt":"2025-08-06T19:41:47","guid":{"rendered":"https:\/\/ybibrazil.com\/?post_type=product&#038;p=1915"},"modified":"2025-11-26T13:44:34","modified_gmt":"2025-11-26T16:44:34","slug":"oleo-essencial-de-salvia-sclarea","status":"publish","type":"product","link":"https:\/\/ybibrazil.com\/zh-hans\/product\/oleo-essencial-de-salvia-sclarea\/","title":{"rendered":"OLEO ESSENCIAL DE SALVIA SCLAREA"},"content":{"rendered":"<p>\u00d3leo essencial de Salvia Sclarea \u00e9 extra\u00eddo das flores e folhas, utilizado na aromaterapia\u00a0para diversos fins, possui propriedades calmantes, equilibrantes e pode ajudar em casos\u00a0de ansiedade, estresse, tens\u00e3o e depress\u00e3o.Para a pele \u00e9 adstringente, cicatrizante, anti-inflamat\u00f3rio, auxilia no tratamento de acne, fur\u00fanculos, dermatites e eczemas. Pode ser usado para aliviar c\u00f3licas menstruais,\u00a0dores de cabe\u00e7a, dores musculares e auxiliar no equil\u00edbrio hormonal feminino.<\/p>\n<p class=\"s6\"><span class=\"s5\">ESPECIFICA\u00c7\u00c3O TECNICA<\/span><\/p>\n<table>\n<tbody>\n<tr>\n<td class=\"s7\">\n<div>\n<p class=\"s9\"><span class=\"s8\">Nome da Subst\u00e2ncia:\u00a0<\/span><\/p>\n<\/div>\n<\/td>\n<td class=\"s7\">\n<div>\n<p class=\"s11\"><span class=\"s10\">\u00d3leo Essencial <\/span><span class=\"s10\">Salvia Sclarea Russa<\/span><\/p>\n<\/div>\n<\/td>\n<td class=\"s7\">\n<div>\n<p class=\"s9\">CAS: <span class=\"s12\">8016-63-5<\/span><\/p>\n<\/div>\n<\/td>\n<\/tr>\n<tr>\n<td class=\"s13\" colspan=\"4\">\n<div>\n<p class=\"s14\"><span class=\"s8\">INCI Name: <\/span><span class=\"s8\">Salvia Sclarea Flower Oil<\/span><\/p>\n<\/div>\n<\/td>\n<\/tr>\n<\/tbody>\n<\/table>\n<table>\n<tbody>\n<tr>\n<td class=\"s16\">\n<div>\n<p class=\"s9\"><span class=\"s8\">Especifica\u00e7\u00f5es Organol\u00e9pticas:\u00a0<\/span><\/p>\n<p class=\"s9\">\n<\/div>\n<\/td>\n<td class=\"s17\">\n<div>\n<p class=\"s9\"><span class=\"s8\">Apar\u00eancia:\u00a0<\/span><\/p>\n<p class=\"s9\">\n<\/div>\n<\/td>\n<td class=\"s17\">\n<div>\n<p class=\"s19\"><span class=\"s8\">Refer\u00eancia:<\/span><\/p>\n<p class=\"s4\">L\u00edquido l\u00edmpido<\/p>\n<\/div>\n<\/td>\n<\/tr>\n<tr>\n<td class=\"s20\">\n<div>\n<p class=\"s9\">\n<\/div>\n<\/td>\n<td class=\"s13\">\n<div>\n<p class=\"s21\"><span class=\"s8\">Cor:\u00a0<\/span><\/p>\n<\/div>\n<\/td>\n<td class=\"s13\">\n<div>\n<p class=\"s19\">Incolor &#8211; Amarelo<\/p>\n<\/div>\n<\/td>\n<\/tr>\n<tr>\n<td class=\"s22\">\n<div>\n<p class=\"s9\">\n<\/div>\n<\/td>\n<td class=\"s13\">\n<div>\n<p class=\"s21\"><span class=\"s8\">Odor:<\/span><\/p>\n<\/div>\n<\/td>\n<td class=\"s13\">\n<div>\n<p class=\"s4\"><span class=\"s23\">Caracter\u00edstico<\/span><\/p>\n<\/div>\n<\/td>\n<\/tr>\n<\/tbody>\n<\/table>\n<table>\n<tbody>\n<tr>\n<td class=\"s24\">\n<div>\n<p class=\"s9\"><span class=\"s8\">Especifica\u00e7\u00f5es F\u00edsico-Qu\u00edmicas:<\/span><\/p>\n<\/div>\n<\/td>\n<td class=\"s24\">\n<div>\n<p class=\"s27\"><span class=\"s26\">Solubilidade em \u00e1gua<\/span><\/p>\n<\/div>\n<\/td>\n<td class=\"s24\">\n<div>\n<p class=\"s29\"><span class=\"s28\">Refer\u00eancia:<\/span><\/p>\n<p class=\"s31\"><span class=\"s30\">Insol\u00favel<\/span><\/p>\n<\/div>\n<\/td>\n<\/tr>\n<tr>\n<td class=\"s32\">\n<div>\n<p class=\"s21\">\n<\/div>\n<\/td>\n<td class=\"s32\">\n<div>\n<p class=\"s34\"><span class=\"s30\">Densidade (20<\/span><span class=\"s33\">o<\/span><span class=\"s30\">C) <\/span><\/p>\n<\/div>\n<\/td>\n<td class=\"s32\">\n<div>\n<p class=\"s29\">0,887-0,907<\/p>\n<\/div>\n<\/td>\n<\/tr>\n<tr>\n<td class=\"s32\">\n<div>\n<p class=\"s21\">\n<\/div>\n<\/td>\n<td class=\"s32\">\n<div>\n<p class=\"s27\"><span class=\"s30\">Indice de Refra\u00e7\u00e3o <\/span><span class=\"s30\">(20<\/span><span class=\"s33\">o<\/span><span class=\"s30\">C)<\/span><\/p>\n<\/div>\n<\/td>\n<td class=\"s32\">\n<div>\n<p class=\"s4\">1,450-1,470<a name=\"_GoBack\"><\/a><\/p>\n<\/div>\n<\/td>\n<\/tr>\n<\/tbody>\n<\/table>\n<table>\n<tbody>\n<tr>\n<td class=\"s35\">\n<div>\n<p class=\"s9\"><span class=\"s8\">Conserva\u00e7\u00e3o<\/span><span class=\"s23\">:\u00a0<\/span><\/p>\n<\/div>\n<\/td>\n<td class=\"s35\">\n<div>\n<p class=\"s9\"><span class=\"s23\">Manter o recipiente fechado, ao abrigo da luz e em local seco.<\/span><\/p>\n<p class=\"s9\"><span class=\"s23\">Temperatura recomendada para armazenagem \u00e9 de 2<\/span><span class=\"s23\">5<\/span><span class=\"s23\">\u00b0C a <\/span><span class=\"s23\">30<\/span><span class=\"s23\">\u00b0C.<\/span><\/p>\n<\/div>\n<\/td>\n<\/tr>\n<\/tbody>\n<\/table>\n<table>\n<tbody>\n<tr>\n<td class=\"s36\">\n<div>\n<p class=\"s9\"><span class=\"s8\">Embalagem:\u00a0<\/span><\/p>\n<\/div>\n<\/td>\n<td class=\"s36\">\n<div>\n<p class=\"s9\"><span class=\"s23\">Bombonas de Polietileno de Alta Densidade<\/span><\/p>\n<\/div>\n<\/td>\n<\/tr>\n<\/tbody>\n<\/table>\n<table>\n<tbody>\n<tr>\n<td class=\"s36\">\n<div>\n<p class=\"s9\"><span class=\"s8\">Prazo de Validade:\u00a0<\/span><\/p>\n<\/div>\n<\/td>\n<td class=\"s36\">\n<div>\n<p class=\"s9\"><span class=\"s8\">\u00a0 <\/span><span class=\"s8\">18<\/span><span class=\"s23\">meses<\/span><\/p>\n<\/div>\n<\/td>\n<\/tr>\n<\/tbody>\n<\/table>\n","protected":false},"excerpt":{"rendered":"<p>O \u00f3leo essencial de S\u00e1lvia Sclarea! Conhecido por suas propriedades calmantes, antiespasm\u00f3dicas e hormonais.<br \/>\nO \u00f3leo essencial de salvia traz Al\u00edvio do estresse e ansiedade: Sua a\u00e7\u00e3o calmante pode ajudar a reduzir a tens\u00e3o nervosa.<\/p>\n","protected":false},"featured_media":2586,"comment_status":"open","ping_status":"closed","template":"","meta":{"_joinchat":[]},"product_brand":[],"product_cat":[48],"product_tag":[57,47],"class_list":{"0":"post-1915","1":"product","2":"type-product","3":"status-publish","4":"has-post-thumbnail","6":"product_cat-oleo-essencial","7":"product_tag-essencial","8":"product_tag-oleos","10":"first","11":"instock","12":"taxable","13":"shipping-taxable","14":"purchasable","15":"product-type-variable"},"_links":{"self":[{"href":"https:\/\/ybibrazil.com\/zh-hans\/wp-json\/wp\/v2\/product\/1915","targetHints":{"allow":["GET"]}}],"collection":[{"href":"https:\/\/ybibrazil.com\/zh-hans\/wp-json\/wp\/v2\/product"}],"about":[{"href":"https:\/\/ybibrazil.com\/zh-hans\/wp-json\/wp\/v2\/types\/product"}],"replies":[{"embeddable":true,"href":"https:\/\/ybibrazil.com\/zh-hans\/wp-json\/wp\/v2\/comments?post=1915"}],"wp:featuredmedia":[{"embeddable":true,"href":"https:\/\/ybibrazil.com\/zh-hans\/wp-json\/wp\/v2\/media\/2586"}],"wp:attachment":[{"href":"https:\/\/ybibrazil.com\/zh-hans\/wp-json\/wp\/v2\/media?parent=1915"}],"wp:term":[{"taxonomy":"product_brand","embeddable":true,"href":"https:\/\/ybibrazil.com\/zh-hans\/wp-json\/wp\/v2\/product_brand?post=1915"},{"taxonomy":"product_cat","embeddable":true,"href":"https:\/\/ybibrazil.com\/zh-hans\/wp-json\/wp\/v2\/product_cat?post=1915"},{"taxonomy":"product_tag","embeddable":true,"href":"https:\/\/ybibrazil.com\/zh-hans\/wp-json\/wp\/v2\/product_tag?post=1915"}],"curies":[{"name":"wp","href":"https:\/\/api.w.org\/{rel}","templated":true}]}}