{"id":1920,"date":"2025-08-06T16:41:48","date_gmt":"2025-08-06T19:41:48","guid":{"rendered":"https:\/\/ybibrazil.com\/?post_type=product&#038;p=1920"},"modified":"2026-04-30T07:36:52","modified_gmt":"2026-04-30T10:36:52","slug":"oleo-essencial-de-cedro-virginia","status":"publish","type":"product","link":"https:\/\/ybibrazil.com\/zh-hans\/product\/oleo-essencial-de-cedro-virginia\/","title":{"rendered":"OLEO ESSENCIAL DE CEDRO VIRGINIA"},"content":{"rendered":"<p>O Cedro Virginia (Juniperus virginiana) \u00e9 uma \u00e1rvore nativa da regi\u00e3o leste daAm\u00e9rica do Norte. De sua madeira extrai-se um \u00f3leo essencial com propriedades adstringente, antiss\u00e9ptica, antif\u00fangica, antimicroniana. Em t\u00f4nicos capilares este \u00f3leo essencial tem a fun\u00e7\u00e3o de engrossar e dar maior resist\u00eancia aos fios. Tamb\u00e9m \u00e9 bastante usado em procedimentos est\u00e9ticos de drenagem e desintoxica\u00e7\u00e3o.<\/p>\n","protected":false},"excerpt":{"rendered":"<p>O \u00f3leo essencial de Cedro Virg\u00ednia, possui propriedades antiss\u00e9pticas e adstringentes, auxiliando no tratamento de acne, eczema e outras condi\u00e7\u00f5es da pele\u00a0para os cabelos \u00e9 um \u00f3timo t\u00f4nico capilar, ajudando a engrossar os fios e aumentar sua resist\u00eancia, al\u00e9m de nutrir o couro cabeludo<\/p>\n","protected":false},"featured_media":2466,"comment_status":"open","ping_status":"closed","template":"","meta":{"_joinchat":[]},"product_brand":[],"product_cat":[48],"product_tag":[57,47],"class_list":{"0":"post-1920","1":"product","2":"type-product","3":"status-publish","4":"has-post-thumbnail","6":"product_cat-oleo-essencial","7":"product_tag-essencial","8":"product_tag-oleos","10":"first","11":"instock","12":"taxable","13":"shipping-taxable","14":"purchasable","15":"product-type-variable"},"_links":{"self":[{"href":"https:\/\/ybibrazil.com\/zh-hans\/wp-json\/wp\/v2\/product\/1920","targetHints":{"allow":["GET"]}}],"collection":[{"href":"https:\/\/ybibrazil.com\/zh-hans\/wp-json\/wp\/v2\/product"}],"about":[{"href":"https:\/\/ybibrazil.com\/zh-hans\/wp-json\/wp\/v2\/types\/product"}],"replies":[{"embeddable":true,"href":"https:\/\/ybibrazil.com\/zh-hans\/wp-json\/wp\/v2\/comments?post=1920"}],"wp:featuredmedia":[{"embeddable":true,"href":"https:\/\/ybibrazil.com\/zh-hans\/wp-json\/wp\/v2\/media\/2466"}],"wp:attachment":[{"href":"https:\/\/ybibrazil.com\/zh-hans\/wp-json\/wp\/v2\/media?parent=1920"}],"wp:term":[{"taxonomy":"product_brand","embeddable":true,"href":"https:\/\/ybibrazil.com\/zh-hans\/wp-json\/wp\/v2\/product_brand?post=1920"},{"taxonomy":"product_cat","embeddable":true,"href":"https:\/\/ybibrazil.com\/zh-hans\/wp-json\/wp\/v2\/product_cat?post=1920"},{"taxonomy":"product_tag","embeddable":true,"href":"https:\/\/ybibrazil.com\/zh-hans\/wp-json\/wp\/v2\/product_tag?post=1920"}],"curies":[{"name":"wp","href":"https:\/\/api.w.org\/{rel}","templated":true}]}}