{"id":1922,"date":"2025-08-06T16:41:48","date_gmt":"2025-08-06T19:41:48","guid":{"rendered":"https:\/\/ybibrazil.com\/?post_type=product&#038;p=1922"},"modified":"2026-04-07T12:57:28","modified_gmt":"2026-04-07T15:57:28","slug":"oleo-essencial-de-cravo-folhas","status":"publish","type":"product","link":"https:\/\/ybibrazil.com\/zh-hans\/product\/oleo-essencial-de-cravo-folhas\/","title":{"rendered":"OLEO ESSENCIAL DE CRAVO FOLHAS"},"content":{"rendered":"<p>O \u00f3leo essencial de cravofolhas, extra\u00eddo das folhas da \u00e1rvore Syzygium aromaticum,\u00a0\u00e9 conhecido por suas propriedades terap\u00eauticas e aroma marcante.\u00a0Ele\u00a0possui a\u00e7\u00e3o analg\u00e9sica, antiss\u00e9ptica, estimulante e pode ser utilizado para diversos fins, incluindo cuidados com\u00a0a sa\u00fade bucal, al\u00edvio de dores musculares e articulares, e para promover bem-estar emocional.<\/p>\n<table>\n<tbody>\n<tr>\n<td class=\"s7\">\n<div>\n<p class=\"s9\"><span class=\"s8\">Nome da Subst\u00e2ncia:\u00a0<\/span><\/p>\n<\/div>\n<\/td>\n<td class=\"s7\">\n<div>\n<p class=\"s11\"><span class=\"s10\">\u00d3leo Essencial <\/span><span class=\"s10\">de Cravo Folha<\/span><\/p>\n<\/div>\n<\/td>\n<td class=\"s7\">\n<div>\n<p class=\"s9\">CAS: 8000-34-8 \/ 84961-50-2<\/p>\n<\/div>\n<\/td>\n<\/tr>\n<tr>\n<td class=\"s12\" colspan=\"3\">\n<div>\n<p class=\"s13\"><span class=\"s8\">INCI <\/span><span class=\"s8\">Name<\/span><span class=\"s8\">: <\/span><span class=\"s8\">Eugenia <\/span><span class=\"s8\">Caryophyllus<\/span> <span class=\"s8\">Leaf<\/span> <span class=\"s8\">Oil<\/span><\/p>\n<\/div>\n<\/td>\n<\/tr>\n<\/tbody>\n<\/table>\n<table>\n<tbody>\n<tr>\n<td class=\"s15\">\n<div>\n<p class=\"s9\"><span class=\"s8\">Especifica\u00e7\u00f5es Organol\u00e9pticas:\u00a0<\/span><\/p>\n<p class=\"s9\">\n<\/div>\n<\/td>\n<td class=\"s16\">\n<div>\n<p class=\"s9\"><span class=\"s8\">Apar\u00eancia:\u00a0<\/span><\/p>\n<p class=\"s9\">\n<\/div>\n<\/td>\n<td class=\"s16\">\n<div>\n<p class=\"s18\"><span class=\"s8\">Refer\u00eancia:<\/span><\/p>\n<p class=\"s4\">L\u00edquido l\u00edmpido<\/p>\n<\/div>\n<\/td>\n<\/tr>\n<tr>\n<td class=\"s19\">\n<div>\n<p class=\"s9\">\n<\/div>\n<\/td>\n<td class=\"s12\">\n<div>\n<p class=\"s20\"><span class=\"s8\">Cor:\u00a0<\/span><\/p>\n<\/div>\n<\/td>\n<td class=\"s12\">\n<div>\n<p class=\"s18\">Incolor \u2013 Amarelo<\/p>\n<\/div>\n<\/td>\n<\/tr>\n<tr>\n<td class=\"s21\">\n<div>\n<p class=\"s9\">\n<\/div>\n<\/td>\n<td class=\"s12\">\n<div>\n<p class=\"s20\"><span class=\"s8\">Odor:<\/span><\/p>\n<\/div>\n<\/td>\n<td class=\"s12\">\n<div>\n<p class=\"s4\"><span class=\"s22\">Caracter\u00edstico<\/span><\/p>\n<\/div>\n<\/td>\n<\/tr>\n<\/tbody>\n<\/table>\n<table>\n<tbody>\n<tr>\n<td class=\"s23\">\n<div>\n<p class=\"s9\"><span class=\"s8\">Especifica\u00e7\u00f5es F\u00edsico-Qu\u00edmicas:<\/span><\/p>\n<\/div>\n<\/td>\n<td class=\"s23\">\n<div>\n<p class=\"s26\"><span class=\"s25\">Solubilidade em \u00e1gua<\/span><\/p>\n<\/div>\n<\/td>\n<td class=\"s23\">\n<div>\n<p class=\"s28\"><span class=\"s27\">Refer\u00eancia:<\/span><\/p>\n<p class=\"s28\"><span class=\"s29\">Insol\u00favel<\/span><\/p>\n<\/div>\n<\/td>\n<\/tr>\n<tr>\n<td class=\"s30\">\n<div>\n<p class=\"s20\">\n<\/div>\n<\/td>\n<td class=\"s30\">\n<div>\n<p class=\"s24\"><span class=\"s29\">Densidade (20<\/span><span class=\"s31\">o<\/span><span class=\"s29\">C) <\/span><\/p>\n<\/div>\n<\/td>\n<td class=\"s30\">\n<div>\n<p class=\"s33\"><span class=\"s32\">1,040 \u2013 1,050 <\/span><\/p>\n<\/div>\n<\/td>\n<\/tr>\n<tr>\n<td class=\"s30\">\n<div>\n<p class=\"s20\">\n<\/div>\n<\/td>\n<td class=\"s30\">\n<div>\n<p class=\"s34\"><span class=\"s32\">I<\/span><span class=\"s32\">ndice<\/span><span class=\"s32\"> de Refra\u00e7\u00e3o (20\u00b0C): <\/span><\/p>\n<\/div>\n<\/td>\n<td class=\"s30\">\n<div>\n<p class=\"s35\"><span class=\"s32\">1,525 \u2013 1,545 <\/span><\/p>\n<\/div>\n<\/td>\n<\/tr>\n<tr>\n<td class=\"s30\">\n<div>\n<p class=\"s20\">\n<\/div>\n<\/td>\n<td class=\"s30\">\n<div>\n<p class=\"s34\"><span class=\"s32\">Ponto de Fulgor (vaso fechado): <\/span><\/p>\n<\/div>\n<\/td>\n<td class=\"s30\">\n<div>\n<p class=\"s35\"><span class=\"s32\">101\u00b0C <\/span><\/p>\n<\/div>\n<\/td>\n<\/tr>\n<\/tbody>\n<\/table>\n<table>\n<tbody>\n<tr>\n<td class=\"s36\">\n<div>\n<p class=\"s9\"><span class=\"s8\">Conserva\u00e7\u00e3o<\/span><span class=\"s22\">:\u00a0<\/span><\/p>\n<\/div>\n<\/td>\n<td class=\"s36\">\n<div>\n<p class=\"s9\"><span class=\"s22\">Manter o recipiente fechado, ao abrigo da luz e em local seco.<\/span><\/p>\n<p class=\"s9\"><span class=\"s22\">Temperatura recomendada para armazenagem \u00e9 de 2<\/span><span class=\"s22\">5<\/span><span class=\"s22\">\u00b0C a <\/span><span class=\"s22\">30<\/span><span class=\"s22\">\u00b0C.<\/span><\/p>\n<\/div>\n<\/td>\n<\/tr>\n<\/tbody>\n<\/table>\n<table>\n<tbody>\n<tr>\n<td class=\"s37\">\n<div>\n<p class=\"s9\"><span class=\"s8\">Embalagem:\u00a0<\/span><\/p>\n<\/div>\n<\/td>\n<td class=\"s37\">\n<div>\n<p class=\"s9\"><span class=\"s22\">Bombonas<\/span><span class=\"s22\"> de Polietileno de Alta Densidade<\/span><\/p>\n<\/div>\n<\/td>\n<\/tr>\n<\/tbody>\n<\/table>\n<p class=\"s9\"><a name=\"_GoBack\"><\/a><\/p>\n<table>\n<tbody>\n<tr>\n<td class=\"s37\">\n<div>\n<p class=\"s9\"><span class=\"s8\">Prazo de Validade:\u00a0<\/span><\/p>\n<\/div>\n<\/td>\n<td class=\"s37\">\n<div>\n<p class=\"s9\"><span class=\"s8\">\u00a0 <\/span><span class=\"s8\">18<\/span><span class=\"s22\">meses<\/span><\/p>\n<\/div>\n<\/td>\n<\/tr>\n<\/tbody>\n<\/table>\n","protected":false},"excerpt":{"rendered":"<p>O \u00f3leo essencial de cravo folhas \u00e9 usado como conservante e agente antiss\u00e9ptico em cremes dentais e pomadas.<br \/>\nEstimula energia e vitalidade.<br \/>\nAnalg\u00e9sico e antimicrobiano.<\/p>\n","protected":false},"featured_media":2490,"comment_status":"open","ping_status":"closed","template":"","meta":{"_joinchat":[]},"product_brand":[],"product_cat":[48],"product_tag":[57,47],"class_list":{"0":"post-1922","1":"product","2":"type-product","3":"status-publish","4":"has-post-thumbnail","6":"product_cat-oleo-essencial","7":"product_tag-essencial","8":"product_tag-oleos","10":"first","11":"instock","12":"taxable","13":"shipping-taxable","14":"purchasable","15":"product-type-variable"},"_links":{"self":[{"href":"https:\/\/ybibrazil.com\/zh-hans\/wp-json\/wp\/v2\/product\/1922","targetHints":{"allow":["GET"]}}],"collection":[{"href":"https:\/\/ybibrazil.com\/zh-hans\/wp-json\/wp\/v2\/product"}],"about":[{"href":"https:\/\/ybibrazil.com\/zh-hans\/wp-json\/wp\/v2\/types\/product"}],"replies":[{"embeddable":true,"href":"https:\/\/ybibrazil.com\/zh-hans\/wp-json\/wp\/v2\/comments?post=1922"}],"wp:featuredmedia":[{"embeddable":true,"href":"https:\/\/ybibrazil.com\/zh-hans\/wp-json\/wp\/v2\/media\/2490"}],"wp:attachment":[{"href":"https:\/\/ybibrazil.com\/zh-hans\/wp-json\/wp\/v2\/media?parent=1922"}],"wp:term":[{"taxonomy":"product_brand","embeddable":true,"href":"https:\/\/ybibrazil.com\/zh-hans\/wp-json\/wp\/v2\/product_brand?post=1922"},{"taxonomy":"product_cat","embeddable":true,"href":"https:\/\/ybibrazil.com\/zh-hans\/wp-json\/wp\/v2\/product_cat?post=1922"},{"taxonomy":"product_tag","embeddable":true,"href":"https:\/\/ybibrazil.com\/zh-hans\/wp-json\/wp\/v2\/product_tag?post=1922"}],"curies":[{"name":"wp","href":"https:\/\/api.w.org\/{rel}","templated":true}]}}