{"id":1926,"date":"2025-08-06T16:41:48","date_gmt":"2025-08-06T19:41:48","guid":{"rendered":"https:\/\/ybibrazil.com\/?post_type=product&#038;p=1926"},"modified":"2025-11-26T13:35:40","modified_gmt":"2025-11-26T16:35:40","slug":"oleo-essencial-de-olibano-india","status":"publish","type":"product","link":"https:\/\/ybibrazil.com\/zh-hans\/product\/oleo-essencial-de-olibano-india\/","title":{"rendered":"OLEO ESSENCIAL DE OLIBANO INDIA"},"content":{"rendered":"<p>O \u00f3leo essencial de ol\u00edbano-da-\u00edndia pode ser usado como\u00a0aromatizante natural\u00a0de perfil quente, levemente resinoso e amadeirado, conferindo um toque sofisticado\u00a0e ex\u00f3tico a prepara\u00e7\u00f5es como infus\u00f5es, caldas, geleias e sobremesas de inspira\u00e7\u00e3o oriental<\/p>\n<p class=\"s6\"><span class=\"s5\">OLEO ESSENCIAL DE OLIBANO<\/span><\/p>\n<p class=\"s8\"><span class=\"s7\">Produto identificado: \u00d3leo Essencial <\/span><span class=\"s7\">de <\/span><span class=\"s7\">Ol\u00edbano<\/span><span class=\"s7\"><br \/>\n<\/span><span class=\"s7\">Boswellia<\/span> <span class=\"s7\">carterii<\/span><\/p>\n<p class=\"s8\"><span class=\"s7\">Tipo: <\/span><span class=\"s7\">\u00d3leo Essencial 100% Puro<\/span><\/p>\n<p class=\"s8\"><span class=\"s7\">Pa\u00eds de Origem: \u00cdndia<\/span><\/p>\n<table>\n<tbody>\n<tr>\n<td class=\"s10\">\n<div>\n<p class=\"s11\"><span class=\"s5\">ITENS CONTROLADOS<\/span><\/p>\n<\/div>\n<\/td>\n<td class=\"s10\">\n<div>\n<p class=\"s12\"><span class=\"s5\">RESULTADOS <\/span><\/p>\n<\/div>\n<\/td>\n<\/tr>\n<\/tbody>\n<\/table>\n<p class=\"s8\"><span class=\"s7\">INSPE\u00c7\u00c3O F\u00cdSICA <\/span>\u200b\u200b\u200b\u200b\u200b<span class=\"s7\">Conforme<\/span><\/p>\n<p class=\"s8\"><span class=\"s7\">ODOR <\/span>\u200b\u200b\u200b\u200b\u200b\u200b<span class=\"s7\">Caracter\u00edstico <\/span><\/p>\n<p class=\"s8\"><span class=\"s7\">DENSIDADE 25\u00b0 <\/span>\u200b\u200b\u200b\u200b\u200b<span class=\"s7\">0,84,50<\/span><\/p>\n<p class=\"s8\"><span class=\"s7\">\u00cdNDICE DE REFRA\u00c7\u00c3O 20\u00b0C<\/span>\u200b\u200b\u200b<span class=\"s7\"> 1.<\/span><span class=\"s7\">4590<\/span><\/p>\n<p class=\"s14\"><span class=\"s7\">ROTA\u00c7\u00c3O OPTICA <\/span>\u200b\u200b\u200b\u200b<span class=\"s13\">+28.67<\/span><a name=\"_GoBack\"><\/a><\/p>\n<table>\n<tbody>\n<tr>\n<td class=\"s15\">\n<div>\n<p class=\"s18\"><span class=\"s16\">Conserva\u00e7\u00e3o<\/span><span class=\"s17\">:\u00a0<\/span><\/p>\n<\/div>\n<\/td>\n<td class=\"s15\">\n<div>\n<p class=\"s18\"><span class=\"s17\">Manter o recipiente fechado, ao abrigo da luz e em local seco.<\/span><\/p>\n<p class=\"s18\"><span class=\"s17\">Temperatura recomendada para armazenagem \u00e9 de 2<\/span><span class=\"s17\">5<\/span><span class=\"s17\">\u00b0C a <\/span><span class=\"s17\">30<\/span><span class=\"s17\">\u00b0C.<\/span><\/p>\n<\/div>\n<\/td>\n<\/tr>\n<\/tbody>\n<\/table>\n<table>\n<tbody>\n<tr>\n<td class=\"s19\">\n<div>\n<p class=\"s18\"><span class=\"s16\">Embalagem:\u00a0<\/span><\/p>\n<\/div>\n<\/td>\n<td class=\"s19\">\n<div>\n<p class=\"s18\"><span class=\"s17\">Bombonas de Polietileno de Alta Densidade<\/span><\/p>\n<\/div>\n<\/td>\n<\/tr>\n<\/tbody>\n<\/table>\n<table>\n<tbody>\n<tr>\n<td class=\"s19\">\n<div>\n<p class=\"s18\"><span class=\"s16\">Prazo de Validade:\u00a0<\/span><\/p>\n<\/div>\n<\/td>\n<td class=\"s19\">\n<div>\n<p class=\"s18\"><span class=\"s16\">\u00a0 <\/span><span class=\"s16\">18<\/span><span class=\"s17\">meses<\/span><\/p>\n<\/div>\n<\/td>\n<\/tr>\n<\/tbody>\n<\/table>\n","protected":false},"excerpt":{"rendered":"<p>\u00d3leo essencial olibano de Olibanopextra\u00eddo da resina da Boswellia carterii.<br \/>\nUsado em cosm\u00e9ticos anti-idade e regeneradores.<br \/>\nCalmante e meditativo, promove introspec\u00e7\u00e3o.<\/p>\n","protected":false},"featured_media":2526,"comment_status":"open","ping_status":"closed","template":"","meta":{"_joinchat":[]},"product_brand":[],"product_cat":[48],"product_tag":[57,47],"class_list":{"0":"post-1926","1":"product","2":"type-product","3":"status-publish","4":"has-post-thumbnail","6":"product_cat-oleo-essencial","7":"product_tag-essencial","8":"product_tag-oleos","10":"first","11":"instock","12":"taxable","13":"shipping-taxable","14":"purchasable","15":"product-type-variable"},"_links":{"self":[{"href":"https:\/\/ybibrazil.com\/zh-hans\/wp-json\/wp\/v2\/product\/1926","targetHints":{"allow":["GET"]}}],"collection":[{"href":"https:\/\/ybibrazil.com\/zh-hans\/wp-json\/wp\/v2\/product"}],"about":[{"href":"https:\/\/ybibrazil.com\/zh-hans\/wp-json\/wp\/v2\/types\/product"}],"replies":[{"embeddable":true,"href":"https:\/\/ybibrazil.com\/zh-hans\/wp-json\/wp\/v2\/comments?post=1926"}],"wp:featuredmedia":[{"embeddable":true,"href":"https:\/\/ybibrazil.com\/zh-hans\/wp-json\/wp\/v2\/media\/2526"}],"wp:attachment":[{"href":"https:\/\/ybibrazil.com\/zh-hans\/wp-json\/wp\/v2\/media?parent=1926"}],"wp:term":[{"taxonomy":"product_brand","embeddable":true,"href":"https:\/\/ybibrazil.com\/zh-hans\/wp-json\/wp\/v2\/product_brand?post=1926"},{"taxonomy":"product_cat","embeddable":true,"href":"https:\/\/ybibrazil.com\/zh-hans\/wp-json\/wp\/v2\/product_cat?post=1926"},{"taxonomy":"product_tag","embeddable":true,"href":"https:\/\/ybibrazil.com\/zh-hans\/wp-json\/wp\/v2\/product_tag?post=1926"}],"curies":[{"name":"wp","href":"https:\/\/api.w.org\/{rel}","templated":true}]}}