{"id":1927,"date":"2025-08-06T16:41:48","date_gmt":"2025-08-06T19:41:48","guid":{"rendered":"https:\/\/ybibrazil.com\/?post_type=product&#038;p=1927"},"modified":"2025-11-26T12:15:23","modified_gmt":"2025-11-26T15:15:23","slug":"oleo-essencial-de-canela-folhas","status":"publish","type":"product","link":"https:\/\/ybibrazil.com\/zh-hans\/product\/oleo-essencial-de-canela-folhas\/","title":{"rendered":"OLEO ESSENCIAL DE CANELA FOLHAS"},"content":{"rendered":"<p>O \u00f3leo essencial de canela possui diversas aplica\u00e7\u00f5es devido \u00e0s suas propriedades antiss\u00e9pticas, anti-inflamat\u00f3rias, analg\u00e9sicas, estimulantes e afrodis\u00edacas.\u00a0Ele pode ser usado para\u00a0aliviar \u00a0dores musculares, problemas respirat\u00f3rios, melhorar a circula\u00e7\u00e3o e at\u00e9 mesmo\u00a0como um afrodis\u00edaco natural.\u00a0Al\u00e9m disso, o aroma da canela \u00e9 conhecido por suas propriedades\u00a0relaxantes e pode ajudar a combater o des\u00e2nimo e a fadiga mental.<\/p>\n<p class=\"s7\"><strong><span class=\"s5\">Produto identificado: \u00d3leo Essencial Canela Folhas<\/span><\/strong><\/p>\n<p class=\"s7\"><span class=\"s5\"><strong>Nome cient\u00edfico:<\/strong> <\/span><span class=\"s5\">Cinnamomum<\/span> <span class=\"s5\">Zeylanicum<\/span><\/p>\n<p class=\"s7\"><span class=\"s5\">Tipo: \u00d3leo Essencial 100% Puro<\/span><\/p>\n<p class=\"s7\"><span class=\"s5\">Parte da planta: Folhagem<\/span><\/p>\n<p class=\"s7\"><span class=\"s5\">M\u00e9todo Extra\u00e7\u00e3o: Arraste <\/span><span class=\"s5\">\u00e1<\/span><span class=\"s5\"> vapor<\/span><\/p>\n<p class=\"s10\"><strong><span class=\"s9\">PROPRIEDADES <\/span>\u200b\u200b<\/strong><span class=\"s9\"><strong>ESPECIFICA\u00c7\u00d5ES<\/strong> <\/span><\/p>\n<p class=\"s12\"><span class=\"s11\">ASPECTO <\/span>\u200b\u200b\u200b<span class=\"s11\">L\u00edquido<\/span><\/p>\n<p class=\"s12\"><span class=\"s11\">COR <\/span>\u200b\u200b\u200b\u200b<span class=\"s11\">De Amarelo ao amarronzado<\/span><\/p>\n<p class=\"s12\"><span class=\"s11\">ODOR<\/span>\u200b\u200b\u200b\u200b<span class=\"s11\">picante<\/span><a name=\"_GoBack\"><\/a><span class=\"s11\">, quente<\/span><\/p>\n<p class=\"s12\"><span class=\"s11\">DENSIDADE A 20\u00b0C <\/span>\u200b\u200b\u200b<span class=\"s11\">1.038 \u2013 1.066 g\/cm3 <\/span><\/p>\n<p class=\"s12\"><span class=\"s11\">\u00cdNDICE DE REFRA\u00c7\u00c3O A<\/span> <span class=\"s11\">20\u00b0C<\/span>\u200b\u200b<span class=\"s11\">1<\/span><span class=\"s11\">.527 \u2013 1.540 <\/span><\/p>\n<p class=\"s12\"><span class=\"s11\">ROTA\u00c7\u00c3O \u00d3PTICA A<\/span> <span class=\"s11\">20\u00b0C<\/span>\u200b\u200b<span class=\"s11\">-2.0 \u2013 4.0\u00b0<\/span><\/p>\n","protected":false},"excerpt":{"rendered":"<p>\u00d3leo essencial de Canela Folha \u00e9 extra\u00eddo das folhas do Cinnamomum zeylanicum.<br \/>\nUsado em produtos estimulantes e aquecedores para massagens. Tem a\u00e7\u00e3o antimicrobiana.<br \/>\nEstimulante emocional e afrodis\u00edaco, promove sensa\u00e7\u00e3o de calor e conforto.<br \/>\nPropriedades antif\u00fangicas e antibacterianas.<\/p>\n","protected":false},"featured_media":2556,"comment_status":"open","ping_status":"closed","template":"","meta":{"_joinchat":[]},"product_brand":[],"product_cat":[48],"product_tag":[57,47],"class_list":{"0":"post-1927","1":"product","2":"type-product","3":"status-publish","4":"has-post-thumbnail","6":"product_cat-oleo-essencial","7":"product_tag-essencial","8":"product_tag-oleos","10":"first","11":"instock","12":"shipping-taxable","13":"purchasable","14":"product-type-variable"},"_links":{"self":[{"href":"https:\/\/ybibrazil.com\/zh-hans\/wp-json\/wp\/v2\/product\/1927","targetHints":{"allow":["GET"]}}],"collection":[{"href":"https:\/\/ybibrazil.com\/zh-hans\/wp-json\/wp\/v2\/product"}],"about":[{"href":"https:\/\/ybibrazil.com\/zh-hans\/wp-json\/wp\/v2\/types\/product"}],"replies":[{"embeddable":true,"href":"https:\/\/ybibrazil.com\/zh-hans\/wp-json\/wp\/v2\/comments?post=1927"}],"wp:featuredmedia":[{"embeddable":true,"href":"https:\/\/ybibrazil.com\/zh-hans\/wp-json\/wp\/v2\/media\/2556"}],"wp:attachment":[{"href":"https:\/\/ybibrazil.com\/zh-hans\/wp-json\/wp\/v2\/media?parent=1927"}],"wp:term":[{"taxonomy":"product_brand","embeddable":true,"href":"https:\/\/ybibrazil.com\/zh-hans\/wp-json\/wp\/v2\/product_brand?post=1927"},{"taxonomy":"product_cat","embeddable":true,"href":"https:\/\/ybibrazil.com\/zh-hans\/wp-json\/wp\/v2\/product_cat?post=1927"},{"taxonomy":"product_tag","embeddable":true,"href":"https:\/\/ybibrazil.com\/zh-hans\/wp-json\/wp\/v2\/product_tag?post=1927"}],"curies":[{"name":"wp","href":"https:\/\/api.w.org\/{rel}","templated":true}]}}