{"id":2093,"date":"2025-08-10T11:39:02","date_gmt":"2025-08-10T14:39:02","guid":{"rendered":"https:\/\/ybibrazil.com\/?post_type=product&#038;p=2093"},"modified":"2026-04-13T15:47:40","modified_gmt":"2026-04-13T18:47:40","slug":"oleo-de-semente-de-uva","status":"publish","type":"product","link":"https:\/\/ybibrazil.com\/zh-hans\/product\/oleo-de-semente-de-uva\/","title":{"rendered":"OLEO DE SEMENTE DE UVA"},"content":{"rendered":"<p>\u00d3leo de Semente de Uva \u00e9 extra\u00eddo das sementes de Vitis vin\u00edfera e \u00e9 um \u00f3leo com alto teor de vitamina E, cerca de 1g\/kg de \u00f3leo. Composto de altos teores de \u00e1cidos poliinsaturatos (\u00e1cido linoleico) monoinsaturados (oleico) e \u00e1cido palm\u00edtico. Altamente emoliente o \u00f3leo de semente de uvas \u00e9 um dos \u00f3leos mais utilizados na composi\u00e7\u00e3o de cremes e lo\u00e7\u00f5es corporais. Tamb\u00e9m \u00e9 considerado uma base universal para aplica\u00e7\u00e3o de \u00f3leos essenciais, promove deslizamento e aumenta a flexibilidade da pele. \u00c9 um dos \u00f3leos indicados para preven\u00e7\u00e3o de estrias e pode ser utilizado em protocolos corporais de est\u00e9tica juntamente com aparelhos de ultrassom, alta frequ\u00eancia e endermoterapia.<\/p>\n<p class=\"s7\"><span class=\"s5\">FICHA T\u00c9CNICA<\/span><\/p>\n<p class=\"s10\"><span class=\"s9\">Nome da Subst\u00e2ncia:<\/span> \u00d3leo de Semente de Uva<\/p>\n<p class=\"s10\"><span class=\"s9\">Composi\u00e7\u00e3o<\/span>: 100%<\/p>\n<p class=\"s10\"><span class=\"s9\">CAS<\/span>: 8024-22-4<\/p>\n<p class=\"s10\"><span class=\"s9\">INCI<\/span>: VITIS VINIFERA SEED OIL.<\/p>\n<p class=\"s13\"><span class=\"s9\">Caracter\u00edsticas: <\/span>\u00d3leo de Semente de Uva \u00e9 extra\u00eddo das sementes de <span class=\"s12\">Vitis<\/span><span class=\"s12\"> vin\u00edfera<\/span> e \u00e9 um \u00f3leo com alto teor de vitamina E, cerca de 1g\/kg de \u00f3leo. Composto de altos teores de \u00e1cidos poliinsaturatos (\u00e1cido linoleico) monoinsaturados (oleico) e \u00e1cido palm\u00edtico. \u00a0Altamente emoliente o \u00f3leo de semente de uvas \u00e9 um dos \u00f3leos mais utilizados na composi\u00e7\u00e3o de cremes e lo\u00e7\u00f5es corporais. Tamb\u00e9m \u00e9 considerado uma base universal para aplica\u00e7\u00e3o de \u00f3leos essenciais, promove deslizamento e aumenta a flexibilidade da pele. \u00c9 um dos \u00f3leos indicados para preven\u00e7\u00e3o de estrias e pode ser utilizado em protocolos corporais de est\u00e9tica juntamente com aparelhos de ultrassom, alta frequ\u00eancia e endermoterapia.<\/p>\n<p class=\"s14\"><span class=\"s9\">Aplica\u00e7\u00f5es:<\/span><\/p>\n<p class=\"s15\">Cosm\u00e9tico: cremes e lo\u00e7\u00f5es corporais, produtos para nutri\u00e7\u00e3o e hidrata\u00e7\u00e3o da pele e cabelos, \u00f3leos e cremes de massagem, \u00f3leos de banho, produtos para estrias,tratamentos faciais, produtos anti-rugas, produtos infantis.<\/p>\n<p class=\"s14\"><span class=\"s9\">Concentra\u00e7\u00e3o de uso:<\/span><span class=\"s9\"> \u00a0<\/span>2 a 10% em formula\u00e7\u00f5es cosm\u00e9ticas. Em aromaterapia pode ser usado sozinho ou em associa\u00e7\u00e3o com outros \u00f3leos vegetais ou sint\u00e9ticos.<\/p>\n<p class=\"s17\"><span class=\"s16\">CARACTER\u00cdSTICAS FISICO QU\u00cdMICAS<\/span><\/p>\n<table>\n<tbody>\n<tr>\n<td class=\"s18\">\n<div>\n<p class=\"s4\"><span class=\"s19\">Apar\u00eancia<\/span><\/p>\n<\/div>\n<\/td>\n<td class=\"s18\">\n<div>\n<p class=\"s4\">L\u00edquido<\/p>\n<\/div>\n<\/td>\n<\/tr>\n<tr>\n<td class=\"s18\">\n<div>\n<p class=\"s4\"><a name=\"_Hlk93390238\"><\/a><span class=\"s19\">Cor<\/span><\/p>\n<\/div>\n<\/td>\n<td class=\"s18\">\n<div>\n<p class=\"s4\">Amarelo a amarelo esverdeado<\/p>\n<\/div>\n<\/td>\n<\/tr>\n<tr>\n<td class=\"s18\">\n<div>\n<p class=\"s4\"><span class=\"s19\">Odor<\/span><\/p>\n<\/div>\n<\/td>\n<td class=\"s18\">\n<div>\n<p class=\"s4\">Caracter\u00edstico<\/p>\n<\/div>\n<\/td>\n<\/tr>\n<tr>\n<td class=\"s18\">\n<div>\n<p class=\"s4\"><span class=\"s19\">\u00cdndice de Acidez (<\/span><span class=\"s19\">mgKOH<\/span><span class=\"s19\">\/g)<\/span><\/p>\n<\/div>\n<\/td>\n<td class=\"s18\">\n<div>\n<p class=\"s4\">&lt;2<\/p>\n<\/div>\n<\/td>\n<\/tr>\n<tr>\n<td class=\"s18\">\n<div>\n<p class=\"s4\"><span class=\"s19\">\u00cdndice de Per\u00f3xido (<\/span><span class=\"s19\">meq<\/span><span class=\"s19\">\/Kg)<\/span><\/p>\n<\/div>\n<\/td>\n<td class=\"s18\">\n<div>\n<p class=\"s4\">&lt;10,0<\/p>\n<\/div>\n<\/td>\n<\/tr>\n<tr>\n<td class=\"s18\">\n<div>\n<p class=\"s20\"><span class=\"s19\">Densidade (20<\/span><span class=\"s19\">\u00b0C<\/span><span class=\"s19\">)<\/span><\/p>\n<\/div>\n<\/td>\n<td class=\"s18\">\n<div>\n<p class=\"s4\">0,908 &#8211; 0926<\/p>\n<\/div>\n<\/td>\n<\/tr>\n<\/tbody>\n<\/table>\n<p class=\"s24\"><span class=\"s22\">ARMAZENAMENTO:<\/span><span class=\"s23\"> \u00a0Armazenar em local fresco e arejado ao abrigo da luz, \u00e0 temperatura constante preferencialmente ambiente.<\/span> <span class=\"s23\">Temperatura recomendada para armazenagem \u00e9 de 25\u00b0C a 30\u00b0C.<\/span><\/p>\n<p class=\"s11\">REFER\u00caNCIAS:<\/p>\n<p class=\"s11\">&#8211; AMARAL, Fernando. T\u00e9cnicas de aplica\u00e7\u00e3o de \u00f3leos essenciais. S\u00e3o Paulo: CengageLearning, 2015.<\/p>\n<p class=\"s11\"><a name=\"_Hlk93389965\"><\/a>&#8211; <span class=\"s26\">PARDO, Jose Emilio et al. <\/span><span class=\"s26\">Characterization of grape seed oil from different grape varieties (Vitis vinifera).\u00a0<\/span><span class=\"s26\">European journal of lipid science and technology<\/span><span class=\"s26\">, v. 111, n. 2, p. 188-193, 2009.<\/span><\/p>\n","protected":false},"excerpt":{"rendered":"<p>\u00d3leo vegetal extra\u00eddo das sementes da uva.<br \/>\nAntioxidante potente, leve e de r\u00e1pida absor\u00e7\u00e3o. Usado em produtos anti-idade e capilares.<br \/>\nBase em massagens relaxantes e aromaterapia.<br \/>\nAtividade anti-inflamat\u00f3ria suave.<\/p>\n","protected":false},"featured_media":2460,"comment_status":"open","ping_status":"closed","template":"","meta":{"_joinchat":[]},"product_brand":[],"product_cat":[55],"product_tag":[56],"class_list":{"0":"post-2093","1":"product","2":"type-product","3":"status-publish","4":"has-post-thumbnail","6":"product_cat-oleo-vegetal","7":"product_tag-vegetal","9":"first","10":"instock","11":"sold-individually","12":"taxable","13":"shipping-taxable","14":"purchasable","15":"product-type-variable"},"_links":{"self":[{"href":"https:\/\/ybibrazil.com\/zh-hans\/wp-json\/wp\/v2\/product\/2093","targetHints":{"allow":["GET"]}}],"collection":[{"href":"https:\/\/ybibrazil.com\/zh-hans\/wp-json\/wp\/v2\/product"}],"about":[{"href":"https:\/\/ybibrazil.com\/zh-hans\/wp-json\/wp\/v2\/types\/product"}],"replies":[{"embeddable":true,"href":"https:\/\/ybibrazil.com\/zh-hans\/wp-json\/wp\/v2\/comments?post=2093"}],"wp:featuredmedia":[{"embeddable":true,"href":"https:\/\/ybibrazil.com\/zh-hans\/wp-json\/wp\/v2\/media\/2460"}],"wp:attachment":[{"href":"https:\/\/ybibrazil.com\/zh-hans\/wp-json\/wp\/v2\/media?parent=2093"}],"wp:term":[{"taxonomy":"product_brand","embeddable":true,"href":"https:\/\/ybibrazil.com\/zh-hans\/wp-json\/wp\/v2\/product_brand?post=2093"},{"taxonomy":"product_cat","embeddable":true,"href":"https:\/\/ybibrazil.com\/zh-hans\/wp-json\/wp\/v2\/product_cat?post=2093"},{"taxonomy":"product_tag","embeddable":true,"href":"https:\/\/ybibrazil.com\/zh-hans\/wp-json\/wp\/v2\/product_tag?post=2093"}],"curies":[{"name":"wp","href":"https:\/\/api.w.org\/{rel}","templated":true}]}}