{"id":2096,"date":"2025-08-10T11:39:03","date_gmt":"2025-08-10T14:39:03","guid":{"rendered":"https:\/\/ybibrazil.com\/?post_type=product&#038;p=2096"},"modified":"2026-04-18T23:26:20","modified_gmt":"2026-04-19T02:26:20","slug":"oleo-de-abacate","status":"publish","type":"product","link":"https:\/\/ybibrazil.com\/zh-hans\/product\/oleo-de-abacate\/","title":{"rendered":"OLEO DE ABACATE"},"content":{"rendered":"<p>\u00d3leo de Abacate \u00e9 obtido por prensagem a frio da polpa do fruto do abacate (Persea gratissima). Trata-se de um \u00f3leo de textura leve e altamente compat\u00edvel com a ele e cabelos. Em massagens corporais este \u00f3leo tem a caracter\u00edstica de penetra\u00e7\u00e3o r\u00e1pida e f\u00e1cil deslizamento. Nos cabelos confere brilho e maciez. Na pele promove maciez, emoliencia e toque aveludado. \u00c9 um dos \u00f3leos vegetais mais indicados para drenagem linf\u00e1tica, agindo como um facilitador das manobras. Possui alta concentra\u00e7\u00e3o de \u00e1cido oleico, palm\u00edtico e linoleico. \u00c9 bastante utilizado como \u00f3leo carreador em aromaterapia.<\/p>\n<p class=\"s6\"><span class=\"s5\">FICHA T\u00c9CNICA<\/span><\/p>\n<p class=\"s9\"><span class=\"s8\">Nome da Subst\u00e2ncia:<\/span> \u00d3leo de Abacate<\/p>\n<p class=\"s9\"><span class=\"s8\">Composi\u00e7\u00e3o<\/span>: 100%<\/p>\n<p class=\"s9\"><span class=\"s8\">CAS<\/span>: 8024-32-6<\/p>\n<p class=\"s9\"><span class=\"s8\">INCI<\/span>: PERSEA GRATISSIMA OIL<\/p>\n<p class=\"s12\"><span class=\"s8\">Caracter\u00edsticas: <\/span>\u00d3leo de Abacate \u00e9 obtido por prensagem a frio da polpa do fruto do abacate (<span class=\"s11\">Persea<\/span> <span class=\"s11\">gratissima<\/span>). Trata-se de um \u00f3leo de textura leve e altamente compat\u00edvel com a ele e cabelos. Em massagens corporais este \u00f3leo tem a caracter\u00edstica de penetra\u00e7\u00e3o r\u00e1pida e f\u00e1cil deslizamento. Nos cabelos confere brilho e maciez. Na pele promove maciez, emoliencia e toque aveludado. \u00c9 um dos \u00f3leos vegetais mais indicados para drenagem linf\u00e1tica, agindo como um facilitador das manobras. Possui alta concentra\u00e7\u00e3o de \u00e1cido oleico, palm\u00edtico e linoleico. \u00c9 bastante utilizado como \u00f3leo carreador em aromaterapia.<\/p>\n<p class=\"s12\"><span class=\"s8\">Aplica\u00e7\u00f5es:<\/span><\/p>\n<p class=\"s13\">Cosm\u00e9tico: cremes e lo\u00e7\u00f5es corporais, produtos para nutri\u00e7\u00e3o e hidrata\u00e7\u00e3o capilar, \u00f3leos e cremes de massagem, \u00f3leos de banho, produtos para estrias.<\/p>\n<p class=\"s12\"><span class=\"s8\">Concentra\u00e7\u00e3o de uso:<\/span><span class=\"s8\"> \u00a0<\/span>2 a 10% em formula\u00e7\u00f5es cosm\u00e9ticas. Em aromaterapia pode ser usado sozinho ou em associa\u00e7\u00e3o com outros \u00f3leos vegetais ou sint\u00e9ticos.<\/p>\n<p class=\"s15\"><span class=\"s14\">CARACTER\u00cdSTICAS FISICO QU\u00cdMICAS<\/span><\/p>\n<table>\n<tbody>\n<tr>\n<td class=\"s16\">\n<div>\n<p class=\"s4\"><span class=\"s17\">Apar\u00eancia<\/span><\/p>\n<\/div>\n<\/td>\n<td class=\"s16\">\n<div>\n<p class=\"s4\"><span class=\"s17\">L<\/span><span class=\"s17\">\u00ed<\/span><span class=\"s17\">quido <\/span><\/p>\n<\/div>\n<\/td>\n<\/tr>\n<tr>\n<td class=\"s16\">\n<div>\n<p class=\"s4\"><span class=\"s17\">Cor<\/span><\/p>\n<\/div>\n<\/td>\n<td class=\"s16\">\n<div>\n<p class=\"s4\"><span class=\"s17\">Verde escuro<\/span><\/p>\n<\/div>\n<\/td>\n<\/tr>\n<tr>\n<td class=\"s16\">\n<div>\n<p class=\"s4\"><span class=\"s17\">Odor<\/span><\/p>\n<\/div>\n<\/td>\n<td class=\"s16\">\n<div>\n<p class=\"s4\"><span class=\"s17\">Caracter\u00edstico<\/span><\/p>\n<\/div>\n<\/td>\n<\/tr>\n<tr>\n<td class=\"s16\">\n<div>\n<p class=\"s4\"><span class=\"s17\">\u00cdndice de Iodo <\/span><span class=\"s17\">(<\/span><span class=\"s17\">cgl<\/span><span class=\"s17\">\/g<\/span><span class=\"s17\">)<\/span><\/p>\n<\/div>\n<\/td>\n<td class=\"s16\">\n<div>\n<p class=\"s4\">68 a 96<\/p>\n<\/div>\n<\/td>\n<\/tr>\n<tr>\n<td class=\"s16\">\n<div>\n<p class=\"s4\"><span class=\"s17\">\u00cdndice de Saponifica\u00e7\u00e3o (<\/span><span class=\"s17\">mgKOH<\/span><span class=\"s17\">\/g)<\/span><\/p>\n<\/div>\n<\/td>\n<td class=\"s16\">\n<div>\n<p class=\"s4\"><span class=\"s17\">160,00- 220,00<\/span><\/p>\n<\/div>\n<\/td>\n<\/tr>\n<tr>\n<td class=\"s16\">\n<div>\n<p class=\"s4\"><span class=\"s17\">\u00cdndice de Acidez (<\/span><span class=\"s17\">mgKOH<\/span><span class=\"s17\">\/g)<\/span><\/p>\n<\/div>\n<\/td>\n<td class=\"s16\">\n<div>\n<p class=\"s4\"><span class=\"s17\">\u226410<\/span><\/p>\n<\/div>\n<\/td>\n<\/tr>\n<tr>\n<td class=\"s16\">\n<div>\n<p class=\"s4\"><span class=\"s17\">\u00cdndice de Per\u00f3xido (<\/span><span class=\"s17\">meq<\/span><span class=\"s17\">\/Kg)<\/span><\/p>\n<\/div>\n<\/td>\n<td class=\"s16\">\n<div>\n<p class=\"s4\"><span class=\"s17\">0,00 &#8211; 10,00<\/span><\/p>\n<\/div>\n<\/td>\n<\/tr>\n<\/tbody>\n<\/table>\n<p class=\"s20\"><span class=\"s19\">COMPOSI\u00c7\u00c3O GRAXA<\/span><\/p>\n<table>\n<tbody>\n<tr>\n<td>\n<div>\n<p class=\"s22\"><span class=\"s8\">ACIDOS GRAXOS<\/span><\/p>\n<\/div>\n<\/td>\n<td>\n<div>\n<p class=\"s22\"><span class=\"s8\">P<\/span><span class=\"s8\">O<\/span><span class=\"s8\">RCENTAGEM (%)<\/span><\/p>\n<\/div>\n<\/td>\n<\/tr>\n<tr>\n<td>\n<div>\n<p class=\"s7\">\u00c1cido \u00a0palm\u00edtico (16:0)<\/p>\n<\/div>\n<\/td>\n<td>\n<div>\n<p class=\"s7\">9,0 -18,0<\/p>\n<\/div>\n<\/td>\n<\/tr>\n<tr>\n<td>\n<div>\n<p class=\"s7\">\u00c1cido Palmitoleico (16:1)<\/p>\n<\/div>\n<\/td>\n<td>\n<div>\n<p class=\"s7\">2,7 \u2013 9,0<\/p>\n<\/div>\n<\/td>\n<\/tr>\n<tr>\n<td>\n<div>\n<p class=\"s7\">\u00c1cido este\u00e1rico (18:0)<\/p>\n<\/div>\n<\/td>\n<td>\n<div>\n<p class=\"s7\">0,4 \u2013 1,0<\/p>\n<\/div>\n<\/td>\n<\/tr>\n<tr>\n<td>\n<div>\n<p class=\"s7\">\u00c1cido oleico (18:1 \u00f4mega 9)<\/p>\n<\/div>\n<\/td>\n<td>\n<div>\n<p class=\"s7\">56,0 &#8211; 74,0<\/p>\n<\/div>\n<\/td>\n<\/tr>\n<tr>\n<td>\n<div>\n<p class=\"s7\">\u00c1cido linoleico (18:2 \u00a0\u00f4mega 6)<\/p>\n<\/div>\n<\/td>\n<td>\n<div>\n<p class=\"s7\">6,0 &#8211; 17,0<\/p>\n<\/div>\n<\/td>\n<\/tr>\n<tr>\n<td>\n<div>\n<p class=\"s7\">\u00c1cido Linol\u00eanico (18:3 \u00f4mega 3)<\/p>\n<\/div>\n<\/td>\n<td>\n<div>\n<p class=\"s7\">&lt; 2,0<\/p>\n<\/div>\n<\/td>\n<\/tr>\n<\/tbody>\n<\/table>\n<p class=\"s26\"><span class=\"s19\">Armazenamento:<\/span><span class=\"s24\"> \u00a0<\/span><span class=\"s24\">Armazenar em local fresco e arejado ao abrigo da luz, \u00e0 temperatura constante preferencialmente ambiente.<\/span> <span class=\"s24\">Temperatura recomendada para armazenagem \u00e9 de 2<\/span><span class=\"s24\">2<\/span><span class=\"s24\">\u00b0C <\/span><span class=\"s24\">\u00b12<\/span><span class=\"s24\">\u00b0C<\/span><span class=\"s24\">.<\/span><\/p>\n<p class=\"s30\"><span class=\"s28\">Referencias:<\/span><\/p>\n<p class=\"s27\"><span class=\"s31\">AMARAL, Fernando. T\u00e9cnicas de Aplica\u00e7\u00e3o de \u00d3leos Essenciais<\/span><span class=\"s31\">\u2013<\/span><span class=\"s31\">Terapias de Sa\u00fade e Beleza.\u00a0<\/span><span class=\"s32\">S\u00e3o Paulo: <\/span><span class=\"s32\">Cengage<\/span><span class=\"s32\"> Learning<\/span><span class=\"s31\">, 2015.<\/span><\/p>\n","protected":false},"excerpt":{"rendered":"<p>\u00d3leo vegetal extra\u00eddo da polpa do abacate.<br \/>\nNutre peles secas e maduras, promove hidrata\u00e7\u00e3o profunda. Usado em cremes, lo\u00e7\u00f5es e produtos capilares.<br \/>\nBase carregadora em aromaterapia, tem efeito nutritivo e suavizante.<br \/>\nEmoliente e regenerador. Usado em formula\u00e7\u00f5es cicatrizantes.<\/p>\n","protected":false},"featured_media":2433,"comment_status":"open","ping_status":"closed","template":"","meta":{"_joinchat":[]},"product_brand":[],"product_cat":[55],"product_tag":[56],"class_list":{"0":"post-2096","1":"product","2":"type-product","3":"status-publish","4":"has-post-thumbnail","6":"product_cat-oleo-vegetal","7":"product_tag-vegetal","9":"first","10":"instock","11":"sold-individually","12":"taxable","13":"shipping-taxable","14":"purchasable","15":"product-type-variable"},"_links":{"self":[{"href":"https:\/\/ybibrazil.com\/zh-hans\/wp-json\/wp\/v2\/product\/2096","targetHints":{"allow":["GET"]}}],"collection":[{"href":"https:\/\/ybibrazil.com\/zh-hans\/wp-json\/wp\/v2\/product"}],"about":[{"href":"https:\/\/ybibrazil.com\/zh-hans\/wp-json\/wp\/v2\/types\/product"}],"replies":[{"embeddable":true,"href":"https:\/\/ybibrazil.com\/zh-hans\/wp-json\/wp\/v2\/comments?post=2096"}],"wp:featuredmedia":[{"embeddable":true,"href":"https:\/\/ybibrazil.com\/zh-hans\/wp-json\/wp\/v2\/media\/2433"}],"wp:attachment":[{"href":"https:\/\/ybibrazil.com\/zh-hans\/wp-json\/wp\/v2\/media?parent=2096"}],"wp:term":[{"taxonomy":"product_brand","embeddable":true,"href":"https:\/\/ybibrazil.com\/zh-hans\/wp-json\/wp\/v2\/product_brand?post=2096"},{"taxonomy":"product_cat","embeddable":true,"href":"https:\/\/ybibrazil.com\/zh-hans\/wp-json\/wp\/v2\/product_cat?post=2096"},{"taxonomy":"product_tag","embeddable":true,"href":"https:\/\/ybibrazil.com\/zh-hans\/wp-json\/wp\/v2\/product_tag?post=2096"}],"curies":[{"name":"wp","href":"https:\/\/api.w.org\/{rel}","templated":true}]}}