{"id":2098,"date":"2025-08-10T11:39:03","date_gmt":"2025-08-10T14:39:03","guid":{"rendered":"https:\/\/ybibrazil.com\/?post_type=product&#038;p=2098"},"modified":"2026-04-28T17:01:15","modified_gmt":"2026-04-28T20:01:15","slug":"oleo-de-andiroba","status":"publish","type":"product","link":"https:\/\/ybibrazil.com\/zh-hans\/product\/oleo-de-andiroba\/","title":{"rendered":"OLEO DE ANDIROBA"},"content":{"rendered":"<p>O \u00f3leo obtido da am\u00eandoa da Andiroba (Carapa guaianensis) \u00e9 amarelo p\u00e1lido e quando submetido a temperaturas abaixo de 25 graus, solidifica obtendo uma consist\u00eancia semelhante \u00e0 vaselina. Possui propriedades antiss\u00e9pticas, anti-inflamat\u00f3rias e repelente de insetos. Popularmente o \u00f3leo \u00e9 usado para contus\u00f5es, incha\u00e7os, reumatismo, cicatrizes, queda de cabelos, com aplica\u00e7\u00e3o t\u00f3pica esfregando-o sobre a \u00e1rea lesionada. \u00c9 rico em \u00e1cidos graxos essenciais, incluindo \u00f4mega-3, bem como limon\u00f3ides e vitaminas. Possui propriedades emoliente, hidratante, anti-inflamat\u00f3ria, antial\u00e9rgica e regeneradora da pele e cabelos.<\/p>\n<p class=\"s6\"><span class=\"s5\">FICHA T\u00c9CNICA<\/span><\/p>\n<p class=\"s9\"><span class=\"s8\">Nome da Subst\u00e2ncia:<\/span> \u00d3leo de Andiroba<\/p>\n<p class=\"s9\"><span class=\"s8\">Composi\u00e7\u00e3o<\/span>: 100%<\/p>\n<p class=\"s9\"><span class=\"s8\">CAS<\/span>: 223748-14-9<\/p>\n<p class=\"s9\"><span class=\"s8\">INCI<\/span><span class=\"s10\">:<\/span> CARAPA GUAIANENSIS OIL<\/p>\n<p class=\"s12\"><span class=\"s8\">Caracter\u00edsticas:<\/span><\/p>\n<p class=\"s12\">O \u00f3leo obtido da am\u00eandoa da Andiroba (<span class=\"s10\">Carapa guaianensis<\/span>) \u00e9 amarelo p\u00e1lido e quando submetido a temperaturas abaixo de 25 graus, solidifica obtendo uma consist\u00eancia semelhante \u00e0 vaselina. Possui propriedades antiss\u00e9pticas, anti-inflamat\u00f3rias e repelente de insetos. Popularmente o \u00f3leo \u00e9 usado para contus\u00f5es, incha\u00e7os, reumatismo, cicatrizes, queda de cabelos, com aplica\u00e7\u00e3o t\u00f3pica esfregando-o sobre a \u00e1rea lesionada. \u00c9 rico em \u00e1cidos graxos essenciais, incluindo \u00f4mega-3, bem como limon\u00f3ides e vitaminas. Possui propriedades emoliente, hidratante, anti-inflamat\u00f3ria, antial\u00e9rgica e regeneradora da pele e cabelos.<\/p>\n<p class=\"s12\"><span class=\"s8\">Aplica\u00e7\u00f5es:<\/span> Usado para a produ\u00e7\u00e3o de cosm\u00e9ticos para cuidados da pele e cabelos, com a\u00e7\u00e3o regeneradora, emoliente e hidratante. Pode ser utilizado em formula\u00e7\u00f5es de produtos repelentes de insetos, produtos para alivio de picadas de insetos, antiss\u00e9pticos e cicatrizantes.<\/p>\n<p class=\"s13\"><span class=\"s8\">Concentra\u00e7\u00e3o de uso:<\/span><span class=\"s8\"> \u00a0<\/span>1 a 10 %<\/p>\n<p class=\"s15\"><span class=\"s14\">CARACTER\u00cdSTICAS F<\/span><span class=\"s14\">\u00cd<\/span><span class=\"s14\">SICO<\/span><span class=\"s14\">&#8211;<\/span><span class=\"s14\">QU\u00cdMICAS<\/span><\/p>\n<table>\n<tbody>\n<tr>\n<td class=\"s16\">\n<div>\n<p class=\"s4\"><span class=\"s17\">Apar\u00eancia<\/span><\/p>\n<\/div>\n<\/td>\n<td class=\"s16\">\n<div>\n<p class=\"s4\">L\u00edquido<\/p>\n<\/div>\n<\/td>\n<\/tr>\n<tr>\n<td class=\"s16\">\n<div>\n<p class=\"s4\"><span class=\"s17\">Cor<\/span><\/p>\n<\/div>\n<\/td>\n<td class=\"s16\">\n<div>\n<p class=\"s4\">Amarelo a amarelo cristalizado<\/p>\n<\/div>\n<\/td>\n<\/tr>\n<tr>\n<td class=\"s16\">\n<div>\n<p class=\"s4\"><span class=\"s17\">Odor<\/span><\/p>\n<\/div>\n<\/td>\n<td class=\"s16\">\n<div>\n<p class=\"s4\">Caracter\u00edstico<\/p>\n<\/div>\n<\/td>\n<\/tr>\n<tr>\n<td class=\"s16\">\n<div>\n<p class=\"s4\"><span class=\"s17\">\u00cdndice de Acidez (mgKOH\/g)<\/span><\/p>\n<\/div>\n<\/td>\n<td class=\"s16\">\n<div>\n<p class=\"s4\"><span class=\"s17\">&lt;40,0<\/span><\/p>\n<\/div>\n<\/td>\n<\/tr>\n<tr>\n<td class=\"s16\">\n<div>\n<p class=\"s4\"><span class=\"s17\">\u00cdndice de Per\u00f3xido (meq\/Kg)<\/span><\/p>\n<\/div>\n<\/td>\n<td class=\"s16\">\n<div>\n<p class=\"s4\"><span class=\"s17\">&lt;10,0<\/span><\/p>\n<p class=\"s4\">\n<\/div>\n<\/td>\n<\/tr>\n<tr>\n<td class=\"s16\">\n<div>\n<p class=\"s4\"><span class=\"s17\">Densidade 20\u00baC (g\/cm<\/span><span class=\"s19\">3<\/span><span class=\"s17\">)<\/span><\/p>\n<\/div>\n<\/td>\n<td class=\"s16\">\n<div>\n<p class=\"s4\"><span class=\"s17\">0,87 &#8211; 0,89<\/span><\/p>\n<\/div>\n<\/td>\n<\/tr>\n<tr>\n<td class=\"s16\">\n<div>\n<p class=\"s4\"><span class=\"s17\">Umidade (%)<\/span><\/p>\n<\/div>\n<\/td>\n<td class=\"s16\">\n<div>\n<p class=\"s4\"><span class=\"s17\">Max. 1,0<\/span><\/p>\n<\/div>\n<\/td>\n<\/tr>\n<tr>\n<td class=\"s16\">\n<div>\n<p class=\"s4\"><span class=\"s17\">Solubilidade<\/span><\/p>\n<\/div>\n<\/td>\n<td class=\"s16\">\n<div>\n<p class=\"s4\"><span class=\"s17\">Insol\u00favel em \u00e1gua e \u00e1lcool, parcialmente, misc\u00edvel em solventes de petr\u00f3leo<\/span><\/p>\n<\/div>\n<\/td>\n<\/tr>\n<\/tbody>\n<\/table>\n<p class=\"s24\"><span class=\"s21\">ARMAZENAMENTO:<\/span><span class=\"s22\"> \u00a0<\/span><span class=\"s22\">Armazenar em local fresco e arejado ao abrigo da luz, \u00e0 temperatura constante preferencialmente ambiente.<\/span> <span class=\"s22\">Temperatura recomendada para armazenagem \u00e9 de 2<\/span><span class=\"s22\">2<\/span><span class=\"s22\">\u00b0C <\/span><span class=\"s22\">\u00b12<\/span><span class=\"s22\">\u00b0C<\/span><span class=\"s22\">.<\/span><\/p>\n<p class=\"s26\"><span class=\"s14\">REFERENCIAS:<\/span><\/p>\n<p class=\"s28\"><span class=\"s27\">FUNASAKI, Mariko et al. Amazon rainforest cosmetics: chemical approach for quality control. Qu\u00edmica Nova, v. 39, p. 194-209, 2016. <\/span><\/p>\n<p class=\"s28\"><span class=\"s27\">BURLANDO, Bruno; CORNARA, Laura. Revisiting Amazonian plants for skin care and disease. Cosmetics, v. 4, n. 3, p. 25, 2017. <\/span><\/p>\n<p class=\"s28\"><span class=\"s27\">MILHOMEM-PAIX\u00c3O, Susana Suely Rodrigues et al. <\/span><span class=\"s27\">The lipidome, genotoxicity, hematotoxicity and antioxidant properties of andiroba oil from the Brazilian Amazon. <\/span><span class=\"s27\">Genetics and molecular biology, v. 39, p. 248-256, 2016.<\/span><\/p>\n","protected":false},"excerpt":{"rendered":"<p>\u00d3leo extra\u00eddo das sementes da andirobeira.<br \/>\nAnti-inflamat\u00f3rio e regenerador, usado em cosm\u00e9ticos corporais e capilares.<br \/>\nCalmante suave em massagens<br \/>\nPropriedades cicatrizantes e anti-inflamat\u00f3rias.<\/p>\n","protected":false},"featured_media":2415,"comment_status":"open","ping_status":"closed","template":"","meta":{"_joinchat":[]},"product_brand":[],"product_cat":[55],"product_tag":[56],"class_list":{"0":"post-2098","1":"product","2":"type-product","3":"status-publish","4":"has-post-thumbnail","6":"product_cat-oleo-vegetal","7":"product_tag-vegetal","9":"first","10":"outofstock","11":"sold-individually","12":"taxable","13":"shipping-taxable","14":"purchasable","15":"product-type-variable"},"_links":{"self":[{"href":"https:\/\/ybibrazil.com\/zh-hans\/wp-json\/wp\/v2\/product\/2098","targetHints":{"allow":["GET"]}}],"collection":[{"href":"https:\/\/ybibrazil.com\/zh-hans\/wp-json\/wp\/v2\/product"}],"about":[{"href":"https:\/\/ybibrazil.com\/zh-hans\/wp-json\/wp\/v2\/types\/product"}],"replies":[{"embeddable":true,"href":"https:\/\/ybibrazil.com\/zh-hans\/wp-json\/wp\/v2\/comments?post=2098"}],"wp:featuredmedia":[{"embeddable":true,"href":"https:\/\/ybibrazil.com\/zh-hans\/wp-json\/wp\/v2\/media\/2415"}],"wp:attachment":[{"href":"https:\/\/ybibrazil.com\/zh-hans\/wp-json\/wp\/v2\/media?parent=2098"}],"wp:term":[{"taxonomy":"product_brand","embeddable":true,"href":"https:\/\/ybibrazil.com\/zh-hans\/wp-json\/wp\/v2\/product_brand?post=2098"},{"taxonomy":"product_cat","embeddable":true,"href":"https:\/\/ybibrazil.com\/zh-hans\/wp-json\/wp\/v2\/product_cat?post=2098"},{"taxonomy":"product_tag","embeddable":true,"href":"https:\/\/ybibrazil.com\/zh-hans\/wp-json\/wp\/v2\/product_tag?post=2098"}],"curies":[{"name":"wp","href":"https:\/\/api.w.org\/{rel}","templated":true}]}}