{"id":2101,"date":"2025-08-10T11:39:04","date_gmt":"2025-08-10T14:39:04","guid":{"rendered":"https:\/\/ybibrazil.com\/?post_type=product&#038;p=2101"},"modified":"2025-11-19T14:06:37","modified_gmt":"2025-11-19T17:06:37","slug":"oleo-de-oliva","status":"publish","type":"product","link":"https:\/\/ybibrazil.com\/zh-hans\/product\/oleo-de-oliva\/","title":{"rendered":"OLEO DE OLIVA"},"content":{"rendered":"<p>\u00c9 \u00f3timo ainda para\u00a0reparar os tecidos danificados da pele. At\u00e9 mesmo em cicatrizes e feridas, pois auxiliam na hidrata\u00e7\u00e3o da derme. Poderoso para a hidrata\u00e7\u00e3o da pele seca, ele melhora a elasticidade, aumenta a vitalidade, acalma peles irritadas e d\u00e1 brilho para a pele.<\/p>\n<p class=\"s6\"><span class=\"s5\">FICHA T\u00c9CNICA<\/span><\/p>\n<p class=\"s9\"><span class=\"s8\">Nome da Subst\u00e2ncia:<\/span> \u00d3leo de Oliva<\/p>\n<p class=\"s9\"><span class=\"s8\">Composi\u00e7\u00e3o<\/span>: 100%<\/p>\n<p class=\"s9\"><span class=\"s8\">CAS<\/span>: 8001-25-0<\/p>\n<p class=\"s9\"><span class=\"s8\">INCI<\/span>: Olea Europaea (Olive) Fruit Oil<\/p>\n<p class=\"s13\"><span class=\"s8\">Caracter\u00edsticas:<\/span> O \u00f3leo de oliva (tamb\u00e9m denominado azeite de oliva), \u00e9 um \u00f3leo vegetal extra\u00eddo do fruto da oliveira, \u00e1rvore originaria da \u00c1sia Menor. A oliveira \u00e9conhecida como \u00e1rvore da eternidade, porque pode viver mais de 500 anos. Os mesopot\u00e2mios utilizavam o \u00f3leo de oliva para proteger o corpo a mais de 6 mil anos. Os principais \u00e1cidos graxos presentes no \u00f3leo de oliva s\u00e3o: \u00e1cido oleico (56-86%), linoleico, palmitoleico, palm\u00edtico e este\u00e1rico. O \u00f3leo de oliva possui ampla aplica\u00e7\u00e3o em produtos cosm\u00e9ticos e em aromaterapia. Quando aplicado sobre a pele apresenta a\u00e7\u00e3o regenerativa da epiderme e emoliente devido a sua alta concentra\u00e7\u00e3o de \u00e1cido oleico. A presen\u00e7a deste \u00e1cido graxo confere ao \u00f3leo a capacidade de facilitar a permea\u00e7\u00e3o de ativos atrav\u00e9s da pele. O \u00f3leo de oliva tamb\u00e9m possui em sua composi\u00e7\u00e3o esqualenovegetal (fitoesqualeno), que \u00e9 um <span class=\"s11\">hidrocarboneto <\/span><span class=\"s11\">triterp\u00eanico<\/span> <span class=\"s11\">natural, sendo um dos lip\u00eddeos mais importantes presentes nas c\u00e9lulas da pele humana.<\/span> <span class=\"s11\">O \u00f3leo de oliva \u00e9 indicado como alternativa natural para substitui\u00e7\u00e3o de emolientes sint\u00e9ticos como \u00f3leo mineral e silicones, pois <\/span><span class=\"s11\">confere<\/span><span class=\"s11\"> alta capacidade de <\/span><span class=\"s11\">em<\/span><span class=\"s11\">olie<\/span><span class=\"s11\">ncia<\/span><span class=\"s11\"> e lubrifica\u00e7\u00e3o em formula\u00e7\u00f5es cosm\u00e9ticas.<\/span><\/p>\n<p class=\"s13\"><span class=\"s8\">Aplica\u00e7\u00f5es:<\/span> O \u00f3leo de oliva pode ser adicionado em emuls\u00f5es, cremes, gel-creme,sabonetes, manteigas hidratantes, \u00f3leos de banho e massagem, produtos capilares como condicionadores e m\u00e1scaras de tratamento, shampoo e condicionador solidos, produtos para preven\u00e7\u00e3o e tratamento dos danos causados pela radia\u00e7\u00e3o UV.<\/p>\n<p class=\"s13\"><span class=\"s8\">Concentra\u00e7\u00e3o de uso:<\/span><span class=\"s8\"> \u00a0<\/span>1 a 10 %<\/p>\n<p class=\"s16\"><span class=\"s15\">CARACTER\u00cdSTICAS F<\/span><span class=\"s15\">\u00cd<\/span><span class=\"s15\">SICO<\/span><span class=\"s15\">&#8211;<\/span><span class=\"s15\">QU\u00cdMICAS<\/span><\/p>\n<table>\n<tbody>\n<tr>\n<td class=\"s17\">\n<div>\n<p class=\"s4\"><span class=\"s18\">Apar\u00eancia<\/span><\/p>\n<\/div>\n<\/td>\n<td class=\"s17\">\n<div>\n<p class=\"s19\">L\u00edquido transparente<\/p>\n<\/div>\n<\/td>\n<\/tr>\n<tr>\n<td class=\"s17\">\n<div>\n<p class=\"s4\"><span class=\"s18\">Cor<\/span><\/p>\n<\/div>\n<\/td>\n<td class=\"s17\">\n<div>\n<p class=\"s4\">Amarelo a amarelo <span class=\"s20\">esverdeado<\/span><\/p>\n<\/div>\n<\/td>\n<\/tr>\n<tr>\n<td class=\"s17\">\n<div>\n<p class=\"s4\"><span class=\"s18\">Odor<\/span><\/p>\n<\/div>\n<\/td>\n<td class=\"s17\">\n<div>\n<p class=\"s4\">Caracter\u00edstico<\/p>\n<\/div>\n<\/td>\n<\/tr>\n<tr>\n<td class=\"s17\">\n<div>\n<p class=\"s4\"><span class=\"s18\">Densidade <\/span><\/p>\n<\/div>\n<\/td>\n<td class=\"s17\">\n<div>\n<p class=\"s4\"><span class=\"s20\">0,900 a 0,920<\/span><\/p>\n<\/div>\n<\/td>\n<\/tr>\n<tr>\n<td class=\"s17\">\n<div>\n<p class=\"s4\"><span class=\"s18\">\u00cdndice de Saponifica\u00e7\u00e3o (<\/span><span class=\"s18\">mgKOH<\/span><span class=\"s18\">\/g)<\/span><\/p>\n<\/div>\n<\/td>\n<td class=\"s17\">\n<div>\n<p class=\"s4\"><span class=\"s20\">188 <\/span><span class=\"s20\">a<\/span><span class=\"s20\"> 196<\/span><\/p>\n<\/div>\n<\/td>\n<\/tr>\n<tr>\n<td class=\"s17\">\n<div>\n<p class=\"s4\"><span class=\"s18\">\u00cdndice de Acidez (<\/span><span class=\"s18\">mgKOH<\/span><span class=\"s18\">\/g)<\/span><\/p>\n<\/div>\n<\/td>\n<td class=\"s17\">\n<div>\n<p class=\"s4\"><span class=\"s20\">M\u00e1x. 1,0<\/span><\/p>\n<\/div>\n<\/td>\n<\/tr>\n<\/tbody>\n<\/table>\n<p class=\"s25\"><span class=\"s22\">ARMAZENAMENTO:<\/span><span class=\"s23\"> \u00a0<\/span><span class=\"s23\">Armazenar em local fresco e arejado ao abrigo da luz, \u00e0 temperatura constante preferencialmente ambiente.<\/span> <span class=\"s23\">Temperatura recomendada para armazenagem \u00e9 de 2<\/span><span class=\"s23\">2<\/span><span class=\"s23\">\u00b0C <\/span><span class=\"s23\">\u00b12<\/span><span class=\"s23\">\u00b0C<\/span><span class=\"s23\">.<\/span><\/p>\n<p class=\"s28\"><span class=\"s27\">Referencias: <\/span><\/p>\n<p class=\"s28\"><span class=\"s29\">&#8211; CORAZZA, S\u00f4nia.\u00a0<\/span><span class=\"s30\">Aromacologia<\/span><span class=\"s30\">-Uma <\/span><span class=\"s30\">Ciencia<\/span><span class=\"s30\"> de Muitos Cheiros<\/span><span class=\"s29\">. Senac, 2002.<\/span><\/p>\n<p class=\"s32\"><span class=\"s31\">&#8211; <\/span><span class=\"s29\">Uso do Azeite de Oliva em Cosm\u00e9ticos; GRABHER, <\/span><span class=\"s29\">Isabele<\/span><span class=\"s29\">; HARRIS, Maria In\u00eas<\/span><span class=\"s29\">, <\/span><span class=\"s29\">Cosmetics<\/span><span class=\"s29\">&amp; <\/span><span class=\"s29\">Toiletries<\/span><span class=\"s29\">, \u00a0<\/span><span class=\"s29\">Vol<\/span><span class=\"s29\"> 28. 2016<\/span><span class=\"s29\">.<\/span><\/p>\n","protected":false},"excerpt":{"rendered":"<p>\u00d3leo extra\u00eddo do fruto da oliveira.<br \/>\nHidratante cl\u00e1ssico, antioxidante e protetor cut\u00e2neo.<br \/>\nBase calmante em aromaterapia.<br \/>\nEmoliente e anti-inflamat\u00f3rio suave.<\/p>\n","protected":false},"featured_media":2388,"comment_status":"open","ping_status":"closed","template":"","meta":{"_joinchat":[]},"product_brand":[],"product_cat":[55],"product_tag":[56],"class_list":{"0":"post-2101","1":"product","2":"type-product","3":"status-publish","4":"has-post-thumbnail","6":"product_cat-oleo-vegetal","7":"product_tag-vegetal","9":"first","10":"instock","11":"sold-individually","12":"taxable","13":"shipping-taxable","14":"purchasable","15":"product-type-variable"},"_links":{"self":[{"href":"https:\/\/ybibrazil.com\/zh-hans\/wp-json\/wp\/v2\/product\/2101","targetHints":{"allow":["GET"]}}],"collection":[{"href":"https:\/\/ybibrazil.com\/zh-hans\/wp-json\/wp\/v2\/product"}],"about":[{"href":"https:\/\/ybibrazil.com\/zh-hans\/wp-json\/wp\/v2\/types\/product"}],"replies":[{"embeddable":true,"href":"https:\/\/ybibrazil.com\/zh-hans\/wp-json\/wp\/v2\/comments?post=2101"}],"wp:featuredmedia":[{"embeddable":true,"href":"https:\/\/ybibrazil.com\/zh-hans\/wp-json\/wp\/v2\/media\/2388"}],"wp:attachment":[{"href":"https:\/\/ybibrazil.com\/zh-hans\/wp-json\/wp\/v2\/media?parent=2101"}],"wp:term":[{"taxonomy":"product_brand","embeddable":true,"href":"https:\/\/ybibrazil.com\/zh-hans\/wp-json\/wp\/v2\/product_brand?post=2101"},{"taxonomy":"product_cat","embeddable":true,"href":"https:\/\/ybibrazil.com\/zh-hans\/wp-json\/wp\/v2\/product_cat?post=2101"},{"taxonomy":"product_tag","embeddable":true,"href":"https:\/\/ybibrazil.com\/zh-hans\/wp-json\/wp\/v2\/product_tag?post=2101"}],"curies":[{"name":"wp","href":"https:\/\/api.w.org\/{rel}","templated":true}]}}