{"id":2103,"date":"2025-08-10T11:39:04","date_gmt":"2025-08-10T14:39:04","guid":{"rendered":"https:\/\/ybibrazil.com\/?post_type=product&#038;p=2103"},"modified":"2025-11-26T16:40:38","modified_gmt":"2025-11-26T19:40:38","slug":"oleo-de-palmiste","status":"publish","type":"product","link":"https:\/\/ybibrazil.com\/zh-hans\/product\/oleo-de-palmiste\/","title":{"rendered":"OLEO DE PALMISTE"},"content":{"rendered":"<p>O \u00f3leo de palmiste \u00e9 um \u00f3leo vegetal extra\u00eddo da semente do fruto da palmeira,\u00a0utilizado em cosm\u00e9ticos devido \u00e0s suas propriedades hidratantes, emolientes e nutritivas.\u00a0Ele ajuda a suavizar e lubrificar a pele, al\u00e9m de promover brilho e hidrata\u00e7\u00e3o aos cabelos.\u00a0\u00c9 um ingrediente comum em sabonetes, lo\u00e7\u00f5es, cremes e xampus.<\/p>\n<p class=\"s7\"><span class=\"s6\">ESPECIFICA\u00c7\u00c3O T\u00c9CNICA<\/span><\/p>\n<p class=\"s7\"><span class=\"s6\">\u00d3leo de Palmiste Refinado <\/span><span class=\"s6\">\u2013<\/span><span class=\"s6\"> PKO<\/span><span class=\"s6\"> &#8211; CH<\/span><\/p>\n<table>\n<tbody>\n<tr>\n<td>\n<div>\n<p class=\"s7\"><span class=\"s6\">Par\u00e2metro<\/span><\/p>\n<\/div>\n<\/td>\n<td>\n<div>\n<p class=\"s7\"><span class=\"s6\">Especifica\u00e7\u00e3o<\/span><\/p>\n<\/div>\n<\/td>\n<td>\n<div>\n<p class=\"s7\"><span class=\"s6\">M\u00e9todo<\/span><\/p>\n<\/div>\n<\/td>\n<\/tr>\n<tr>\n<td>\n<div>\n<p class=\"s7\"><span class=\"s9\">*1 Aspecto F\u00edsico a 25 \u00b0C<\/span><\/p>\n<\/div>\n<\/td>\n<td>\n<div>\n<p class=\"s7\"><span class=\"s9\">L\u00edquido\/Pasta<\/span><\/p>\n<\/div>\n<\/td>\n<td>\n<div>\n<p class=\"s7\"><span class=\"s9\">ITMA 001<\/span><\/p>\n<\/div>\n<\/td>\n<\/tr>\n<tr>\n<td>\n<div>\n<p class=\"s7\"><span class=\"s9\">**2 Cor <\/span><span class=\"s9\">Lovibond<\/span><span class=\"s9\"> 5.1\/4\u201d<\/span><\/p>\n<\/div>\n<\/td>\n<td>\n<div>\n<p class=\"s10\"><span class=\"s9\">M\u00e1x. 15,0 (Amarelo)<\/span><\/p>\n<p class=\"s7\"><span class=\"s9\">M\u00e1x. 1,5 (Vermelho)<\/span><\/p>\n<\/div>\n<\/td>\n<td>\n<div>\n<p class=\"s7\">\n<\/div>\n<\/td>\n<\/tr>\n<tr>\n<td>\n<div>\n<p class=\"s7\"><span class=\"s9\">*3 \u00cdndice de Acidez (mg KOH\/g)<\/span><\/p>\n<\/div>\n<\/td>\n<td>\n<div>\n<p class=\"s7\"><span class=\"s9\">M\u00e1x. 1,00<\/span><\/p>\n<\/div>\n<\/td>\n<td>\n<div>\n<p class=\"s7\"><span class=\"s9\">ITMA 002<\/span><\/p>\n<\/div>\n<\/td>\n<\/tr>\n<tr>\n<td>\n<div>\n<p class=\"s7\"><span class=\"s9\">*4 \u00cdndice de Saponifica\u00e7\u00e3o (mg KOH\/g)<\/span><\/p>\n<\/div>\n<\/td>\n<td>\n<div>\n<p class=\"s7\"><span class=\"s9\">240,00 \u2013 255,00<\/span><\/p>\n<\/div>\n<\/td>\n<td>\n<div>\n<p class=\"s7\"><span class=\"s9\">ITMA 00<\/span><span class=\"s9\">3<\/span><\/p>\n<\/div>\n<\/td>\n<\/tr>\n<tr>\n<td>\n<div>\n<p class=\"s7\"><span class=\"s9\">*5 \u00cdndice de Iodo (g I2\/100 g)<\/span><\/p>\n<\/div>\n<\/td>\n<td>\n<div>\n<p class=\"s7\"><span class=\"s9\">14,00 \u2013 21,00<\/span><\/p>\n<\/div>\n<\/td>\n<td>\n<div>\n<p class=\"s10\"><span class=\"s9\">ITMA 00<\/span><span class=\"s9\">5<\/span><\/p>\n<p class=\"s7\">\n<\/div>\n<\/td>\n<\/tr>\n<\/tbody>\n<\/table>\n<p class=\"s12\"><span class=\"s4\">*Par\u00e2metros obrigat\u00f3rios para aprova\u00e7\u00e3o; <\/span><\/p>\n<p class=\"s11\"><span class=\"s4\">**Avalia\u00e7\u00e3o mediante resultados do laudo do fabricante e, comparativamente, com lotes aprovados anteriormente<\/span><span class=\"s4\">.<\/span><\/p>\n","protected":false},"excerpt":{"rendered":"<p>\u00d3leo extra\u00eddo do caro\u00e7o do fruto da palmeira de dend\u00ea.<br \/>\nUsado em sabonetes e produtos para pele sens\u00edvel por sua suavidade.<br \/>\nBase neutra para dilui\u00e7\u00e3o de \u00f3leos essenciais.<br \/>\nEmoliaete suave.<\/p>\n","protected":false},"featured_media":2761,"comment_status":"open","ping_status":"closed","template":"","meta":{"_joinchat":[]},"product_brand":[],"product_cat":[55],"product_tag":[56],"class_list":{"0":"post-2103","1":"product","2":"type-product","3":"status-publish","4":"has-post-thumbnail","6":"product_cat-oleo-vegetal","7":"product_tag-vegetal","9":"first","10":"instock","11":"sold-individually","12":"taxable","13":"shipping-taxable","14":"purchasable","15":"product-type-variable"},"_links":{"self":[{"href":"https:\/\/ybibrazil.com\/zh-hans\/wp-json\/wp\/v2\/product\/2103","targetHints":{"allow":["GET"]}}],"collection":[{"href":"https:\/\/ybibrazil.com\/zh-hans\/wp-json\/wp\/v2\/product"}],"about":[{"href":"https:\/\/ybibrazil.com\/zh-hans\/wp-json\/wp\/v2\/types\/product"}],"replies":[{"embeddable":true,"href":"https:\/\/ybibrazil.com\/zh-hans\/wp-json\/wp\/v2\/comments?post=2103"}],"wp:featuredmedia":[{"embeddable":true,"href":"https:\/\/ybibrazil.com\/zh-hans\/wp-json\/wp\/v2\/media\/2761"}],"wp:attachment":[{"href":"https:\/\/ybibrazil.com\/zh-hans\/wp-json\/wp\/v2\/media?parent=2103"}],"wp:term":[{"taxonomy":"product_brand","embeddable":true,"href":"https:\/\/ybibrazil.com\/zh-hans\/wp-json\/wp\/v2\/product_brand?post=2103"},{"taxonomy":"product_cat","embeddable":true,"href":"https:\/\/ybibrazil.com\/zh-hans\/wp-json\/wp\/v2\/product_cat?post=2103"},{"taxonomy":"product_tag","embeddable":true,"href":"https:\/\/ybibrazil.com\/zh-hans\/wp-json\/wp\/v2\/product_tag?post=2103"}],"curies":[{"name":"wp","href":"https:\/\/api.w.org\/{rel}","templated":true}]}}