{"id":2105,"date":"2025-08-10T11:39:05","date_gmt":"2025-08-10T14:39:05","guid":{"rendered":"https:\/\/ybibrazil.com\/?post_type=product&#038;p=2105"},"modified":"2026-05-07T10:28:38","modified_gmt":"2026-05-07T13:28:38","slug":"oleo-de-copaiba","status":"publish","type":"product","link":"https:\/\/ybibrazil.com\/zh-hans\/product\/oleo-de-copaiba\/","title":{"rendered":"OLEO DE COPAIBA"},"content":{"rendered":"<p>O \u00f3leo de copa\u00edba \u00e9 um \u00f3leo resina extra\u00eddo do tronco de arvores do g\u00eanero Copaifera. Muito utilizado na medicina tradicional como anti-inflamat\u00f3rio e antiss\u00e9ptico, este \u00f3leo possui atividade antimicrobiana, anti-inflamat\u00f3ria, cicatrizante e antioxidante comprovada por v\u00e1rios estudos cient\u00edficos. Os principais componentes do \u00f3leo de copa\u00edba s\u00e3o \u03b1-cariofileno, \u03b1-humuleno e \u03b2-cariofileno. Devido ao alto teor de beta-carofileno, atua como germicida natural e possui a\u00e7\u00e3o regeneradora de tecidos. Em produtos cosm\u00e9ticos \u00e9 utilizado em cremes lo\u00e7\u00f5es e balsamos com finalidade regeneradora e protetora pois ajuda a pele a alcan\u00e7ar uma apar\u00eancia equilibrada, saud\u00e1vel e bonita.<\/p>\n<p class=\"s7\"><span class=\"s5\">FICHA T\u00c9CNICA<\/span>\u200b<\/p>\n<p class=\"s10\"><span class=\"s9\">Nome da Subst\u00e2ncia:<\/span> \u00d3leo de Copa\u00edba<\/p>\n<p class=\"s10\"><span class=\"s9\">Composi\u00e7\u00e3o<\/span>: 100%<\/p>\n<p class=\"s10\"><span class=\"s9\">CAS<\/span>: 8001-61-4<\/p>\n<p class=\"s10\"><span class=\"s9\">INCI<\/span>: COPAIFERA OFFICINALIS (BALSAM COPAIBA) RESIN<\/p>\n<p class=\"s13\"><span class=\"s9\">Caracter\u00edsticas: <\/span>O \u00f3leo de copa\u00edba \u00e9 um \u00f3leo resina extra\u00eddo do tronco de arvores do g\u00eanero <span class=\"s12\">Copaifera<\/span>. \u00a0Muito utilizado na medicina tradicional como anti-inflamat\u00f3rio eantiss\u00e9ptico, este \u00f3leo possui atividade antimicrobiana, anti-inflamat\u00f3ria, cicatrizante e antioxidante comprovada por v\u00e1rios estudos cient\u00edficos. Os principais componentes do \u00f3leo de copa\u00edba s\u00e3o \u03b1-cariofileno, \u03b1-humuleno e \u03b2-cariofileno. Devido ao alto teor de beta-carofileno, atua como germicida natural e possui a\u00e7\u00e3o regeneradora de tecidos. <a name=\"_Hlk107910009\"><\/a>Em produtos cosm\u00e9ticos \u00e9 utilizado em cremes lo\u00e7\u00f5es e balsamos com finalidade regeneradora e protetora pois ajuda a pele a alcan\u00e7ar uma apar\u00eancia equilibrada, saud\u00e1vel e bonita.<\/p>\n<p class=\"s13\"><span class=\"s9\">Aplica\u00e7\u00f5es:<\/span> Usado em produtos para cuidados da pele como repelentes de insetos, antiss\u00e9pticos e formula\u00e7\u00f5es regeneradoras de tecido. Pode ser utilizado em lo\u00e7\u00f5es, shampoo para tratamento de afec\u00e7\u00f5es do couro cabeludo (al\u00e9m de atuar como doador de brilho), produtos para higiene bucal, produtos para tratamento de acne, sabonetes antiss\u00e9pticos l\u00edquidos e em barra, produtos para higiene \u00edntima, g\u00e9is de barbear, cremes para os p\u00e9s, \u00f3leos de banho e massagem.<\/p>\n<p class=\"s16\"><span class=\"s9\">Concentra\u00e7\u00e3o de uso:<\/span><span class=\"s9\"> \u00a0<\/span><span class=\"s15\">0,5 \u2013 5%<\/span><\/p>\n<p class=\"s19\"><span class=\"s18\">CARACTER\u00cdSTICAS F<\/span><span class=\"s18\">\u00cd<\/span><span class=\"s18\">SICO<\/span><span class=\"s18\">&#8211;<\/span><span class=\"s18\">QU\u00cdMICAS<\/span><\/p>\n<table>\n<tbody>\n<tr>\n<td class=\"s20\">\n<div>\n<p class=\"s4\"><span class=\"s15\">Apar\u00eancia<\/span><\/p>\n<\/div>\n<\/td>\n<td class=\"s20\">\n<div>\n<p class=\"s4\">L<span class=\"s15\">\u00ed<\/span>quido oleoso denso<\/p>\n<\/div>\n<\/td>\n<\/tr>\n<tr>\n<td class=\"s20\">\n<div>\n<p class=\"s4\"><span class=\"s15\">Cor<\/span><\/p>\n<\/div>\n<\/td>\n<td class=\"s20\">\n<div>\n<p class=\"s4\">Amarelo a marrom<\/p>\n<\/div>\n<\/td>\n<\/tr>\n<tr>\n<td class=\"s20\">\n<div>\n<p class=\"s4\"><span class=\"s15\">Odor<\/span><\/p>\n<\/div>\n<\/td>\n<td class=\"s20\">\n<div>\n<p class=\"s4\">Caracter\u00edstico<\/p>\n<\/div>\n<\/td>\n<\/tr>\n<tr>\n<td class=\"s20\">\n<div>\n<p class=\"s4\"><span class=\"s15\">\u00cdndice de Saponifica\u00e7\u00e3o (<\/span><span class=\"s15\">mgKOH<\/span><span class=\"s15\">\/g)<\/span><\/p>\n<\/div>\n<\/td>\n<td class=\"s20\">\n<div>\n<p class=\"s4\">23,00 \u2013 48,00<\/p>\n<\/div>\n<\/td>\n<\/tr>\n<tr>\n<td class=\"s20\">\n<div>\n<p class=\"s4\"><span class=\"s15\">\u00cdndice de Acidez (<\/span><span class=\"s15\">mgKOH<\/span><span class=\"s15\">\/g)<\/span><\/p>\n<\/div>\n<\/td>\n<td class=\"s20\">\n<div>\n<p class=\"s4\">&lt;50<\/p>\n<\/div>\n<\/td>\n<\/tr>\n<tr>\n<td class=\"s20\">\n<div>\n<p class=\"s4\"><span class=\"s15\">\u00cdndice de Per\u00f3xido (<\/span><span class=\"s15\">meq<\/span><span class=\"s15\">\/Kg)<\/span><\/p>\n<\/div>\n<\/td>\n<td class=\"s20\">\n<div>\n<p class=\"s4\">&lt;15<\/p>\n<\/div>\n<\/td>\n<\/tr>\n<tr>\n<td class=\"s20\">\n<div>\n<p class=\"s21\"><span class=\"s15\">Densidade (20\u00baC)<\/span><\/p>\n<\/div>\n<\/td>\n<td class=\"s20\">\n<div>\n<p class=\"s4\">0,90 \u2013 0,98<\/p>\n<\/div>\n<\/td>\n<\/tr>\n<tr>\n<td class=\"s20\">\n<div>\n<p class=\"s21\"><span class=\"s15\">\u00cd<\/span>ndice de Refra\u00e7\u00e3o (40\u00b0C):<\/p>\n<\/div>\n<\/td>\n<td class=\"s20\">\n<div>\n<p class=\"s4\">1,495 a 1,515<\/p>\n<\/div>\n<\/td>\n<\/tr>\n<\/tbody>\n<\/table>\n<p class=\"s25\"><span class=\"s23\">ARMAZENAMENTO:<\/span><span class=\"s24\"> \u00a0<\/span><span class=\"s24\">Armazenar em local fresco e arejado ao abrigo da luz, \u00e0 temperatura constante preferencialmente ambiente. <\/span><span class=\"s24\">Temperatura recomendada para armazenagem \u00e9 de 22\u00b0C \u00b12\u00b0C.<\/span><\/p>\n<p class=\"s27\"><span class=\"s18\">REFERENCIAS:<\/span><\/p>\n<p class=\"s30\"><span class=\"s28\">VEIGA JR, Valdir F. et al. <\/span><span class=\"s28\">Phytochemical and <\/span><span class=\"s28\">antioedematogenic<\/span><span class=\"s28\"> studies of commercial copaiba oils available in Brazil.\u00a0<\/span><span class=\"s29\">Phytotherapy<\/span> <span class=\"s29\">Research<\/span><span class=\"s28\">, v. 15, n. 6, p. 476-480, 2001.<\/span><\/p>\n<p class=\"s30\"><span class=\"s28\">SANTOS, Adriana Oliveira dos et al. <\/span><span class=\"s28\">Antimicrobial activity of Brazilian copaiba oils obtained from different species of the <\/span><span class=\"s28\">Copaifera<\/span><span class=\"s28\"> genus.\u00a0<\/span><span class=\"s29\">Mem\u00f3rias do Instituto Oswaldo Cruz<\/span><span class=\"s28\">, v. 103, n. 3, p. 277-281, 2008.<\/span><\/p>\n<p class=\"s27\"><span class=\"s28\">ROCHA-FILHO, P. A. et al. <\/span><span class=\"s28\">Nanoemulsions<\/span><span class=\"s28\"> as a Vehicle for Drugs and Cosmetics.\u00a0<\/span><span class=\"s29\">Nanosci<\/span><span class=\"s29\">. Technol<\/span><span class=\"s28\">, v. 1, n. 5, 2014.<\/span><\/p>\n","protected":false},"excerpt":{"rendered":"<p>Resina oleosa obtida do tronco da Copaifera officinalis.<br \/>\nEmpregada em formula\u00e7\u00f5es antiacne e calmantes para peles irritadas.<br \/>\nEquilibrante emocional e fortalecedor.<\/p>\n","protected":false},"featured_media":2307,"comment_status":"open","ping_status":"closed","template":"","meta":{"_joinchat":[]},"product_brand":[],"product_cat":[55],"product_tag":[56],"class_list":{"0":"post-2105","1":"product","2":"type-product","3":"status-publish","4":"has-post-thumbnail","6":"product_cat-oleo-vegetal","7":"product_tag-vegetal","9":"first","10":"instock","11":"sold-individually","12":"taxable","13":"shipping-taxable","14":"purchasable","15":"product-type-variable"},"_links":{"self":[{"href":"https:\/\/ybibrazil.com\/zh-hans\/wp-json\/wp\/v2\/product\/2105","targetHints":{"allow":["GET"]}}],"collection":[{"href":"https:\/\/ybibrazil.com\/zh-hans\/wp-json\/wp\/v2\/product"}],"about":[{"href":"https:\/\/ybibrazil.com\/zh-hans\/wp-json\/wp\/v2\/types\/product"}],"replies":[{"embeddable":true,"href":"https:\/\/ybibrazil.com\/zh-hans\/wp-json\/wp\/v2\/comments?post=2105"}],"wp:featuredmedia":[{"embeddable":true,"href":"https:\/\/ybibrazil.com\/zh-hans\/wp-json\/wp\/v2\/media\/2307"}],"wp:attachment":[{"href":"https:\/\/ybibrazil.com\/zh-hans\/wp-json\/wp\/v2\/media?parent=2105"}],"wp:term":[{"taxonomy":"product_brand","embeddable":true,"href":"https:\/\/ybibrazil.com\/zh-hans\/wp-json\/wp\/v2\/product_brand?post=2105"},{"taxonomy":"product_cat","embeddable":true,"href":"https:\/\/ybibrazil.com\/zh-hans\/wp-json\/wp\/v2\/product_cat?post=2105"},{"taxonomy":"product_tag","embeddable":true,"href":"https:\/\/ybibrazil.com\/zh-hans\/wp-json\/wp\/v2\/product_tag?post=2105"}],"curies":[{"name":"wp","href":"https:\/\/api.w.org\/{rel}","templated":true}]}}