{"id":2111,"date":"2025-08-10T11:39:05","date_gmt":"2025-08-10T14:39:05","guid":{"rendered":"https:\/\/ybibrazil.com\/?post_type=product&#038;p=2111"},"modified":"2025-11-19T14:04:08","modified_gmt":"2025-11-19T17:04:08","slug":"oleo-de-cafe-verde","status":"publish","type":"product","link":"https:\/\/ybibrazil.com\/zh-hans\/product\/oleo-de-cafe-verde\/","title":{"rendered":"OLEO DE CAF\u00c9 VERDE"},"content":{"rendered":"<p>O \u00f3leo de caf\u00e9 verde tem efeito antipolui\u00e7\u00e3o, previne o envelhecimento precose, suaviza a pele e domuinui as linas de express\u00e3o. Pode ser usado na face e no colo. \u00c9 ideal para usar como \u00f3leo carreador em massagem facial, pesco\u00e7o e colo.<\/p>\n<p class=\"s6\"><span class=\"s5\">FICHA T\u00c9CNICA<\/span><\/p>\n<p class=\"s9\"><span class=\"s8\">Nome da Subst\u00e2ncia:<\/span> \u00d3leo de Caf\u00e9 Verde<\/p>\n<p class=\"s9\"><span class=\"s8\">Composi\u00e7\u00e3o<\/span>: 100%<\/p>\n<p class=\"s9\"><span class=\"s8\">CAS<\/span>: 84650-00-0 \/ 8001-67-0 (EU) 8001-67-0 (US)<\/p>\n<p class=\"s9\"><span class=\"s8\">INCI<\/span>: Coffea arabica seed oil<\/p>\n<p class=\"s11\"><span class=\"s8\">Caracter\u00edsticas:<\/span> O \u00f3leo de caf\u00e9 verde \u00e9 obtido por prensagem a frio de gr\u00e3os verdes e selecionados de Caf\u00e9 Ar\u00e1bica. O \u00f3leo de caf\u00e9 verde possui alto teor de insaponific\u00e1veis (cerca de 8%) em sua composi\u00e7\u00e3o, sendo que grande parte destes pertencem \u00e0 classe dos fitoster\u00f3is, compostos que desempenham a\u00e7\u00e3o antioxidante, regeneradora,contribuem para o aumento da estabilidade das membranas e melhoram o equil\u00edbrio e ahidrata\u00e7\u00e3o da pele. Portanto quando adicionado em formula\u00e7\u00f5es cosm\u00e9ticas o \u00f3leo de caf\u00e9 verde \u00e9 um ativo natural que \u00a0atua como agente antioxidante e reparador de tecidos.<\/p>\n<p class=\"s11\"><span class=\"s8\">Aplica\u00e7\u00f5es:<\/span> O \u00f3leo de caf\u00e9 verde pode ser utilizado em formula\u00e7\u00f5es para cuidado facial destinadas ao controle de linhas de express\u00e3o, em formula\u00e7\u00f5es onde se busca a\u00e7\u00e3o regeneradora da pele, como por exemplo em formula\u00e7\u00f5es destinadas ao tratamento de eczemas, psor\u00edase, dermatites, xerose cut\u00e2nea e cuidado labial. Tamb\u00e9m pode ser utilizado em formula\u00e7\u00f5es para a pele e cabelos, destinadas a preven\u00e7\u00e3o e tratamento dos danos causados pela radia\u00e7\u00e3o UV.<\/p>\n<p class=\"s12\"><span class=\"s8\">Concentra\u00e7\u00e3o de uso:<\/span><span class=\"s8\"> \u00a0<\/span>1 a 5 %<\/p>\n<p class=\"s14\"><span class=\"s13\">CARACTER\u00cdSTICAS FISICO QU\u00cdMICAS<\/span><\/p>\n<table>\n<tbody>\n<tr>\n<td class=\"s15\">\n<div>\n<p class=\"s4\"><span class=\"s16\">Apar\u00eancia<\/span><\/p>\n<\/div>\n<\/td>\n<td class=\"s15\">\n<div>\n<p class=\"s4\">L\u00edquido<\/p>\n<\/div>\n<\/td>\n<\/tr>\n<tr>\n<td class=\"s15\">\n<div>\n<p class=\"s4\"><span class=\"s16\">Cor<\/span><\/p>\n<\/div>\n<\/td>\n<td class=\"s15\">\n<div>\n<p class=\"s4\">Amarelo a amarelo escuro<\/p>\n<\/div>\n<\/td>\n<\/tr>\n<tr>\n<td class=\"s15\">\n<div>\n<p class=\"s4\"><span class=\"s16\">Odor<\/span><\/p>\n<\/div>\n<\/td>\n<td class=\"s15\">\n<div>\n<p class=\"s4\">Caracter\u00edstico<\/p>\n<\/div>\n<\/td>\n<\/tr>\n<tr>\n<td class=\"s15\">\n<div>\n<p class=\"s4\"><span class=\"s16\">\u00cdndice de <\/span><span class=\"s16\">refra\u00e7\u00e3o <\/span><\/p>\n<\/div>\n<\/td>\n<td class=\"s15\">\n<div>\n<p class=\"s4\">1,475 \u2013 1,600<\/p>\n<\/div>\n<\/td>\n<\/tr>\n<tr>\n<td class=\"s15\">\n<div>\n<p class=\"s4\"><span class=\"s16\">\u00cdndice de Saponifica\u00e7\u00e3o (<\/span><span class=\"s16\">mgKOH<\/span><span class=\"s16\">\/g)<\/span><\/p>\n<\/div>\n<\/td>\n<td class=\"s15\">\n<div>\n<p class=\"s4\">160 &#8211; 220<\/p>\n<\/div>\n<\/td>\n<\/tr>\n<tr>\n<td class=\"s15\">\n<div>\n<p class=\"s4\"><span class=\"s16\">\u00cdndice de Acidez (<\/span><span class=\"s16\">mgKOH<\/span><span class=\"s16\">\/g)<\/span><\/p>\n<\/div>\n<\/td>\n<td class=\"s15\">\n<div>\n<p class=\"s4\">Max. 10<\/p>\n<\/div>\n<\/td>\n<\/tr>\n<tr>\n<td class=\"s15\">\n<div>\n<p class=\"s4\"><span class=\"s16\">Densidade (20<\/span><span class=\"s17\">o<\/span><span class=\"s16\">C)<\/span><\/p>\n<\/div>\n<\/td>\n<td class=\"s15\">\n<div>\n<p class=\"s4\">0,870 \u2013 0,890<\/p>\n<\/div>\n<\/td>\n<\/tr>\n<\/tbody>\n<\/table>\n<p class=\"s22\"><span class=\"s19\">ARMAZENAMENTO:<\/span><span class=\"s20\"> \u00a0<\/span><span class=\"s20\">Armazenar em local fresco e arejado ao abrigo da luz, \u00e0 temperatura constante preferencialmente ambiente.<\/span> <span class=\"s20\">Temperatura recomendada para armazenagem \u00e9 de 2<\/span><span class=\"s20\">2<\/span><span class=\"s20\">\u00b0C <\/span><span class=\"s20\">\u00b12<\/span><span class=\"s20\">\u00b0C<\/span><span class=\"s20\">.<\/span><\/p>\n<p class=\"s24\"><span class=\"s13\">REFERENCIAS:<\/span><\/p>\n<p class=\"s27\"><span class=\"s25\">WAGEMAKER, T. A. L. et al. Integrated approach in the assessment of skin compatibility of cosmetic formulations with green coffee oil.\u00a0<\/span><span class=\"s26\">International journal of cosmetic science<\/span><span class=\"s25\">, v. 37, n. 5, p. 506-510, 2015.<\/span><\/p>\n<p class=\"s27\"><span class=\"s25\">CHIARI, Bruna <\/span><span class=\"s25\">Galdorfini<\/span><span class=\"s25\"> et al. Synergistic effect of green coffee oil and synthetic sunscreen for health care application.\u00a0<\/span><span class=\"s26\">Industrial Crops and Products<\/span><span class=\"s25\">, v. 52, p. 389-393, 2014.<\/span><\/p>\n<p class=\"s27\"><span class=\"s25\">WAGEMAKER, <\/span><span class=\"s25\">Tais<\/span><span class=\"s25\"> AL et al. <\/span><span class=\"s25\">Unsaponifiable<\/span><span class=\"s25\"> matter from oil of green coffee beans: cosmetic properties and safety evaluation.\u00a0<\/span><span class=\"s26\">Drug development and industrial pharmacy<\/span><span class=\"s25\">, v. 42, n. 10, p. 1695-1699, 2016.<\/span><\/p>\n","protected":false},"excerpt":{"rendered":"<p>\u00d3leo extra\u00eddo das sementes n\u00e3o torradas do caf\u00e9.<br \/>\nUsado em cosm\u00e9ticos redutores e anti-celulite, estimula a microcircula\u00e7\u00e3o.<br \/>\nRevigorante quando usado como base em massagens.<br \/>\nPotencial antioxidante e estimulante.<\/p>\n","protected":false},"featured_media":2361,"comment_status":"open","ping_status":"closed","template":"","meta":{"_joinchat":[]},"product_brand":[],"product_cat":[55],"product_tag":[56],"class_list":{"0":"post-2111","1":"product","2":"type-product","3":"status-publish","4":"has-post-thumbnail","6":"product_cat-oleo-vegetal","7":"product_tag-vegetal","9":"first","10":"instock","11":"sold-individually","12":"taxable","13":"shipping-taxable","14":"purchasable","15":"product-type-variable"},"_links":{"self":[{"href":"https:\/\/ybibrazil.com\/zh-hans\/wp-json\/wp\/v2\/product\/2111","targetHints":{"allow":["GET"]}}],"collection":[{"href":"https:\/\/ybibrazil.com\/zh-hans\/wp-json\/wp\/v2\/product"}],"about":[{"href":"https:\/\/ybibrazil.com\/zh-hans\/wp-json\/wp\/v2\/types\/product"}],"replies":[{"embeddable":true,"href":"https:\/\/ybibrazil.com\/zh-hans\/wp-json\/wp\/v2\/comments?post=2111"}],"wp:featuredmedia":[{"embeddable":true,"href":"https:\/\/ybibrazil.com\/zh-hans\/wp-json\/wp\/v2\/media\/2361"}],"wp:attachment":[{"href":"https:\/\/ybibrazil.com\/zh-hans\/wp-json\/wp\/v2\/media?parent=2111"}],"wp:term":[{"taxonomy":"product_brand","embeddable":true,"href":"https:\/\/ybibrazil.com\/zh-hans\/wp-json\/wp\/v2\/product_brand?post=2111"},{"taxonomy":"product_cat","embeddable":true,"href":"https:\/\/ybibrazil.com\/zh-hans\/wp-json\/wp\/v2\/product_cat?post=2111"},{"taxonomy":"product_tag","embeddable":true,"href":"https:\/\/ybibrazil.com\/zh-hans\/wp-json\/wp\/v2\/product_tag?post=2111"}],"curies":[{"name":"wp","href":"https:\/\/api.w.org\/{rel}","templated":true}]}}