{"id":2188,"date":"2025-08-13T15:57:10","date_gmt":"2025-08-13T18:57:10","guid":{"rendered":"https:\/\/ybibrazil.com\/?post_type=product&#038;p=2188"},"modified":"2026-04-04T15:26:40","modified_gmt":"2026-04-04T18:26:40","slug":"manteiga-de-cacau","status":"publish","type":"product","link":"https:\/\/ybibrazil.com\/zh-hans\/product\/manteiga-de-cacau\/","title":{"rendered":"MANTEIGA DE CACAU"},"content":{"rendered":"<p>A manteiga de cacau da Ybi Brazil \u00e9 produzida a partir da prensagem do l\u00edquor de cacau obtido de am\u00eandoas de Theobroma cacao especialmente selecionadas, torradas e descascadas. Composta principalmente pelos \u00e1cidos graxos palm\u00edtico (38%), este\u00e1rico (33%) e oleico (25%), a manteiga de cacau melhora a consist\u00eancia das emuls\u00f5es e atua como barreira protetora para a pele, preservando o equil\u00edbrio e a hidrata\u00e7\u00e3o. Por conter antioxidantes naturais (polifen\u00f3is), a manteiga de cacau \u00e9 bastante resistente a oxida\u00e7\u00e3o o que evita que ela se torne ran\u00e7osa. Com ponto de fus\u00e3o entre 32 e 36\u00baC a manteiga de cacau \u00e9 um excipiente ideal para formula\u00e7\u00f5es de suposit\u00f3rios e \u00f3vulos farmac\u00eauticos.<\/p>\n<p class=\"s6\"><span class=\"s5\">FICHA T\u00c9CNICA<\/span><\/p>\n<p class=\"s9\"><span class=\"s8\">Nome da Subst\u00e2ncia:<\/span> Manteiga de Cacau<\/p>\n<p class=\"s9\"><span class=\"s8\">Composi\u00e7\u00e3o<\/span>: 100%<\/p>\n<p class=\"s9\"><span class=\"s8\">CAS<\/span>: 84649-99-0<\/p>\n<p class=\"s12\"><span class=\"s10\">INCI<\/span><span class=\"s11\">:<\/span> <span class=\"s11\">THEOBROMA CACAO SEED BUTTER<\/span><\/p>\n<p class=\"s15\"><span class=\"s14\">Caracter\u00edsticas: <\/span><\/p>\n<p class=\"s17\">A manteiga de cacau da Ybi Brazil \u00e9 produzida a partir da prensagem do l\u00edquor de cacau obtido de am\u00eandoas de <span class=\"s16\">Theobroma<\/span> <span class=\"s16\">cacao<\/span> especialmente selecionadas, torradas e descascadas. Composta principalmente pelos \u00e1cidos graxos palm\u00edtico (38%), este\u00e1rico(33%) e oleico (25%), a manteiga de cacau melhora a consist\u00eancia das emuls\u00f5es e atua como barreira protetora para a pele, preservando o equil\u00edbrio e a hidrata\u00e7\u00e3o. Por conter antioxidantes naturais (polifen\u00f3is), a manteiga de cacau \u00e9 bastante resistente a oxida\u00e7\u00e3o o que evita que ela se torne ran\u00e7osa. Com ponto de fus\u00e3o entre 32 e 36\u00baC a manteiga de cacau \u00e9 um excipiente ideal para formula\u00e7\u00f5es de suposit\u00f3rios e \u00f3vulos farmac\u00eauticos.<\/p>\n<p class=\"s15\">Utilizada em cosm\u00e9ticos, produtos de pele e sab\u00f5es, excipiente em suposit\u00f3rios retais e para atenuar cicatrizes. Cabe ressaltar tamb\u00e9m o seu aroma agrad\u00e1vel.<\/p>\n<p class=\"s15\"><span class=\"s8\">Aplica\u00e7\u00f5es: <\/span><\/p>\n<p class=\"s17\">\u00c9 recomendada em formula\u00e7\u00f5es de cuidados dos l\u00e1bios, maquiagem e para cuidado e nutri\u00e7\u00e3o capilar. Pode ser incorporada em lo\u00e7\u00f5es, cremes, manteigas, batons, condicionadores e mascaras de tratamento.<\/p>\n<p class=\"s18\"><span class=\"s8\">Concentra\u00e7\u00e3o de uso:<\/span><span class=\"s8\"> \u00a0<\/span>0,5 a 10% em cremes e lo\u00e7\u00f5es, sabonetes, condicionadores, ou at\u00e9 90% em pomadas, manteigas e formula\u00e7\u00f5es anidras.<\/p>\n<p class=\"s20\"><span class=\"s14\">CARACTER\u00cdSTICAS F<\/span><span class=\"s14\">\u00cd<\/span><span class=\"s14\">SICO<\/span><span class=\"s14\">&#8211;<\/span><span class=\"s14\">QU\u00cdMICAS<\/span><\/p>\n<table>\n<tbody>\n<tr>\n<td class=\"s21\">\n<div>\n<p class=\"s4\"><span class=\"s22\">Apar\u00eancia<\/span><\/p>\n<\/div>\n<\/td>\n<td class=\"s21\">\n<div>\n<p class=\"s4\">\n<\/div>\n<\/td>\n<\/tr>\n<tr>\n<td class=\"s21\">\n<div>\n<p class=\"s4\"><span class=\"s22\">Cor<\/span><\/p>\n<\/div>\n<\/td>\n<td class=\"s21\">\n<div>\n<p class=\"s4\">\n<\/div>\n<\/td>\n<\/tr>\n<tr>\n<td class=\"s21\">\n<div>\n<p class=\"s4\"><span class=\"s22\">Odor<\/span><\/p>\n<\/div>\n<\/td>\n<td class=\"s21\">\n<div>\n<p class=\"s4\">\n<\/div>\n<\/td>\n<\/tr>\n<tr>\n<td class=\"s21\">\n<div>\n<p class=\"s4\"><span class=\"s22\">\u00cdndice de Iodo <\/span><span class=\"s22\">(<\/span><span class=\"s22\">cgl<\/span><span class=\"s22\">\/g<\/span><span class=\"s22\">)<\/span><\/p>\n<\/div>\n<\/td>\n<td class=\"s21\">\n<div>\n<p class=\"s4\">\n<\/div>\n<\/td>\n<\/tr>\n<tr>\n<td class=\"s21\">\n<div>\n<p class=\"s4\"><span class=\"s22\">\u00cdndice de Saponifica\u00e7\u00e3o (<\/span><span class=\"s22\">mgKOH<\/span><span class=\"s22\">\/g)<\/span><\/p>\n<\/div>\n<\/td>\n<td class=\"s21\">\n<div>\n<p class=\"s4\">\n<\/div>\n<\/td>\n<\/tr>\n<tr>\n<td class=\"s21\">\n<div>\n<p class=\"s4\"><span class=\"s22\">\u00cdndice de Acidez (<\/span><span class=\"s22\">mgKOH<\/span><span class=\"s22\">\/g)<\/span><\/p>\n<\/div>\n<\/td>\n<td class=\"s21\">\n<div>\n<p class=\"s4\">\n<\/div>\n<\/td>\n<\/tr>\n<tr>\n<td class=\"s21\">\n<div>\n<p class=\"s4\"><span class=\"s22\">\u00cdndice de Per\u00f3xido (meq<\/span><span class=\"s22\">O<\/span><span class=\"s23\">2<\/span><span class=\"s22\">\/Kg)<\/span><\/p>\n<\/div>\n<\/td>\n<td class=\"s21\">\n<div>\n<p class=\"s4\">\n<\/div>\n<\/td>\n<\/tr>\n<tr>\n<td class=\"s21\">\n<div>\n<p class=\"s24\"><span class=\"s22\">Umidade (%)<\/span><\/p>\n<\/div>\n<\/td>\n<td class=\"s21\">\n<div>\n<p class=\"s4\">\n<\/div>\n<\/td>\n<\/tr>\n<\/tbody>\n<\/table>\n<p class=\"s27\"><span class=\"s26\">COMPOSI\u00c7\u00c3O GRAXA<\/span><\/p>\n<table>\n<tbody>\n<tr>\n<td>\n<div>\n<p class=\"s28\"><span class=\"s26\">\u00c1cidos graxos<\/span><\/p>\n<\/div>\n<\/td>\n<td>\n<div>\n<p class=\"s28\"><span class=\"s26\">Quantidade em %<\/span><\/p>\n<\/div>\n<\/td>\n<\/tr>\n<tr>\n<td>\n<div>\n<p class=\"s30\"><span class=\"s29\">\u00c1cido<\/span> <span class=\"s29\">miristico<\/span><span class=\"s29\"> (C 14:0)<\/span><\/p>\n<\/div>\n<\/td>\n<td>\n<div>\n<p class=\"s30\"><span class=\"s29\">0,13<\/span><\/p>\n<\/div>\n<\/td>\n<\/tr>\n<tr>\n<td>\n<div>\n<p class=\"s30\"><span class=\"s29\">\u00c1cido<\/span><span class=\"s29\"> palm\u00edtico (C 16:0)<\/span><\/p>\n<\/div>\n<\/td>\n<td>\n<div>\n<p class=\"s30\"><span class=\"s29\">38,32<\/span><\/p>\n<\/div>\n<\/td>\n<\/tr>\n<tr>\n<td>\n<div>\n<p class=\"s30\"><span class=\"s29\">\u00c1cido<\/span> <span class=\"s29\">palmitoleico<\/span> <span class=\"s29\">(C 16:1)<\/span><\/p>\n<\/div>\n<\/td>\n<td>\n<div>\n<p class=\"s30\"><span class=\"s29\">0,72<\/span><\/p>\n<\/div>\n<\/td>\n<\/tr>\n<tr>\n<td>\n<div>\n<p class=\"s30\"><span class=\"s29\">\u00c1cido<\/span><span class=\"s29\"> este\u00e1rico <\/span><span class=\"s29\">(C 18:0)<\/span><\/p>\n<\/div>\n<\/td>\n<td>\n<div>\n<p class=\"s30\"><span class=\"s29\">33,54<\/span><\/p>\n<\/div>\n<\/td>\n<\/tr>\n<tr>\n<td>\n<div>\n<p class=\"s30\"><span class=\"s29\">\u00c1cido<\/span><span class=\"s29\"> oleico (C 18:1)<\/span><\/p>\n<\/div>\n<\/td>\n<td>\n<div>\n<p class=\"s30\"><span class=\"s29\">24,67<\/span><\/p>\n<\/div>\n<\/td>\n<\/tr>\n<tr>\n<td>\n<div>\n<p class=\"s30\"><span class=\"s29\">\u00c1cido<\/span><span class=\"s29\"> linoleico (C 18:2)<\/span><\/p>\n<\/div>\n<\/td>\n<td>\n<div>\n<p class=\"s30\"><span class=\"s29\">1,84<\/span><\/p>\n<\/div>\n<\/td>\n<\/tr>\n<tr>\n<td>\n<div>\n<p class=\"s30\"><span class=\"s29\">\u00c1cido linol\u00eanico (C 18:3)<\/span><\/p>\n<\/div>\n<\/td>\n<td>\n<div>\n<p class=\"s30\"><span class=\"s29\">0,10<\/span><\/p>\n<\/div>\n<\/td>\n<\/tr>\n<tr>\n<td>\n<div>\n<p class=\"s30\"><span class=\"s29\">\u00c1cido<\/span><span class=\"s29\"> araqu\u00eddico (C 20:0)<\/span><\/p>\n<\/div>\n<\/td>\n<td>\n<div>\n<p class=\"s30\"><span class=\"s29\">0,62<\/span><\/p>\n<\/div>\n<\/td>\n<\/tr>\n<tr>\n<td>\n<div>\n<p class=\"s30\"><span class=\"s29\">\u00c1cido beh\u00eanico (C 22:0)<\/span><\/p>\n<\/div>\n<\/td>\n<td>\n<div>\n<p class=\"s30\"><span class=\"s29\">0,05<\/span><\/p>\n<\/div>\n<\/td>\n<\/tr>\n<tr>\n<td>\n<div>\n<p class=\"s28\"><span class=\"s26\">Saturados <\/span><\/p>\n<\/div>\n<\/td>\n<td>\n<div>\n<p class=\"s28\"><span class=\"s26\">72,66<\/span><\/p>\n<\/div>\n<\/td>\n<\/tr>\n<tr>\n<td>\n<div>\n<p class=\"s28\"><span class=\"s26\">Moniinsaturados<\/span><\/p>\n<\/div>\n<\/td>\n<td>\n<div>\n<p class=\"s28\"><span class=\"s26\">25,39<\/span><\/p>\n<\/div>\n<\/td>\n<\/tr>\n<tr>\n<td>\n<div>\n<p class=\"s28\"><span class=\"s26\">Poliinsaturados<\/span><\/p>\n<\/div>\n<\/td>\n<td>\n<div>\n<p class=\"s28\"><span class=\"s26\">1,94<\/span><\/p>\n<\/div>\n<\/td>\n<\/tr>\n<\/tbody>\n<\/table>\n<p class=\"s34\"><span class=\"s26\">ARMAZENAMENTO:<\/span><span class=\"s29\"> \u00a0Armazenar em local fresco e arejado ao abrigo da luz, \u00e0 temperatura constante preferencialmente ambi<\/span><span class=\"s29\">ente.<\/span> <span class=\"s33\">Temperatura recomendada para armazenagem \u00e9 de 2<\/span><span class=\"s33\">2<\/span><span class=\"s33\">\u00b0C <\/span><span class=\"s33\">\u00b12<\/span><span class=\"s33\">\u00b0C<\/span><span class=\"s33\">. <\/span><\/p>\n<p class=\"s36\"><span class=\"s14\">REFERENCIAS:<\/span><\/p>\n<p class=\"s39\"><span class=\"s37\">FERREIRA, Marta Salvador et al. <\/span><span class=\"s37\">Trends in the use of botanicals in anti-aging<\/span><span class=\"s37\">cosmetics.\u00a0<\/span><span class=\"s38\">Molecules<\/span><span class=\"s37\">, v. 26, n. 12, p. 3584, 2021.<\/span><\/p>\n<p class=\"s40\"><span class=\"s37\">BOADU, K. O.; ANANG, M. A.; KYEI, K. S. Chemical characterization of <\/span><span class=\"s37\">shea<\/span><span class=\"s37\"> butter oil soap (<\/span><span class=\"s37\">Butyrospermum<\/span> <span class=\"s37\">parkii<\/span><span class=\"s37\"> G. Don). 2017.<\/span><\/p>\n","protected":false},"excerpt":{"rendered":"<p>Gordura extra\u00edda das sementes do cacau, amplamente usada em cosm\u00e9ticos e alimentos. Usada em batons, protetores labiais, lo\u00e7\u00f5es hidratantes e cremes corporais. Excelente para hidratar e suavizar a pele, al\u00e9m de conferir consist\u00eancia \u00e0s formula\u00e7\u00f5es. Pode ser usada em aromaterapia como base em cosm\u00e9ticos, conferindo aroma suave e conforto emocional. Tem propriedades antioxidantes e calmantes. Utilizada em b\u00e1lsamos para pele sens\u00edvel e ressecada.<\/p>\n","protected":false},"featured_media":2232,"comment_status":"open","ping_status":"closed","template":"","meta":{"_joinchat":[]},"product_brand":[],"product_cat":[58],"product_tag":[],"class_list":{"0":"post-2188","1":"product","2":"type-product","3":"status-publish","4":"has-post-thumbnail","6":"product_cat-manteiga","8":"first","9":"instock","10":"sold-individually","11":"taxable","12":"shipping-taxable","13":"purchasable","14":"product-type-variable"},"_links":{"self":[{"href":"https:\/\/ybibrazil.com\/zh-hans\/wp-json\/wp\/v2\/product\/2188","targetHints":{"allow":["GET"]}}],"collection":[{"href":"https:\/\/ybibrazil.com\/zh-hans\/wp-json\/wp\/v2\/product"}],"about":[{"href":"https:\/\/ybibrazil.com\/zh-hans\/wp-json\/wp\/v2\/types\/product"}],"replies":[{"embeddable":true,"href":"https:\/\/ybibrazil.com\/zh-hans\/wp-json\/wp\/v2\/comments?post=2188"}],"wp:featuredmedia":[{"embeddable":true,"href":"https:\/\/ybibrazil.com\/zh-hans\/wp-json\/wp\/v2\/media\/2232"}],"wp:attachment":[{"href":"https:\/\/ybibrazil.com\/zh-hans\/wp-json\/wp\/v2\/media?parent=2188"}],"wp:term":[{"taxonomy":"product_brand","embeddable":true,"href":"https:\/\/ybibrazil.com\/zh-hans\/wp-json\/wp\/v2\/product_brand?post=2188"},{"taxonomy":"product_cat","embeddable":true,"href":"https:\/\/ybibrazil.com\/zh-hans\/wp-json\/wp\/v2\/product_cat?post=2188"},{"taxonomy":"product_tag","embeddable":true,"href":"https:\/\/ybibrazil.com\/zh-hans\/wp-json\/wp\/v2\/product_tag?post=2188"}],"curies":[{"name":"wp","href":"https:\/\/api.w.org\/{rel}","templated":true}]}}